{"id":43586,"date":"2025-06-12T14:48:18","date_gmt":"2025-06-12T17:48:18","guid":{"rendered":"https:\/\/educacaocomproposito.com.br\/?post_type=product&#038;p=43586"},"modified":"2025-08-25T16:44:59","modified_gmt":"2025-08-25T19:44:59","slug":"kit-encerramento-de-semestre-entre-ciclos-e-propositos-2025","status":"publish","type":"product","link":"https:\/\/educacaocomproposito.com.br\/index.php\/product\/kit-encerramento-de-semestre-entre-ciclos-e-propositos-2025\/","title":{"rendered":"Kit &#8211; Encerramento de Semestre | Para Professores 2025"},"content":{"rendered":"<p>\ud83d\udccc <strong>O que cont\u00e9m:<\/strong><br \/><strong>Painel tem\u00e1tico<\/strong> com design reflexivo e acolhedor<br \/>(Montagem em 12 folhas A4 | <strong>Dimens\u00f5es do painel base:<\/strong> 68x75cm | <br \/><strong>Dimens\u00f5es totais aproximadas:<\/strong> 150x75cm)<br \/><strong>Tag para bombom<\/strong> com mensagem de gratid\u00e3o e afeto<br \/><strong>Arquivo edit\u00e1vel para fotos<\/strong> no Canva (acess\u00edvel para usu\u00e1rios do Canva <strong>Gratuito ou Pro<\/strong>)<br \/><strong>Tutoriais em v\u00eddeo<\/strong> para te auxiliar na <strong>edi\u00e7\u00e3o<\/strong> e <strong>montagem<\/strong> do material<br \/>Compat\u00edvel com <strong>impressoras convencionais<\/strong> \u2013 pr\u00e1tico e econ\u00f4mico!<br \/>\u2728 Ideal para reuni\u00f5es de equipe, murais de gratid\u00e3o ou homenagens aos professores.<\/p>\n<p><strong>Detalhes T\u00e9cnicos:<\/strong><br \/>\ud83d\udcc2 Arquivo em PDF pronto para impress\u00e3o, 100% digital. Fotos Edit\u00e1veis.<br \/>\u26a0\ufe0f N\u00e3o enviamos pelos CORREIOS.<br \/>\u26a0\ufe0f Aten\u00e7\u00e3o: Este produto n\u00e3o \u00e9 clipart e n\u00e3o disponibilizamos a arte aberta. O material \u00e9 fornecido exclusivamente em arquivos PDF. Uso pessoal, proibida a venda e revenda do material f\u00edsico ou digital.<br \/><strong><br \/>\ud83d\udce5 Como acessar seu arquivo<br \/>Ap\u00f3s a confirma\u00e7\u00e3o do pagamento, voc\u00ea poder\u00e1 baixar o seu produto de tr\u00eas formas pr\u00e1ticas:<br \/><\/strong>1\ufe0f\u20e3 Via e-mail<br \/>Voc\u00ea receber\u00e1 um e-mail com o t\u00edtulo \u201cSeu arquivo chegou\u201d.<br \/>Lembre-se de verificar tamb\u00e9m a caixa de Spam\/Lixo eletr\u00f4nico.<br \/>Para baixar, clique em todos os t\u00edtulos destacados e sublinhados na se\u00e7\u00e3o de Downloads.<br \/>2\ufe0f\u20e3 Via WhatsApp<br \/>Voc\u00ea receber\u00e1 uma mensagem autom\u00e1tica em seu WhatsApp.<br \/>Para receber o arquivo por l\u00e1, basta clicar no bot\u00e3o: \u201cRECEBER meu pedido aqui\u201d.<br \/>3\ufe0f\u20e3 Na sua \u00c1rea do Cliente (site)<br \/>Clique nas tr\u00eas linhas no canto superior esquerdo.<br \/>Acesse Minha Conta &gt; Downloads.<br \/>Baixe diretamente todos os produtos adquiridos.<br \/><strong>\ud83d\udccc Qualquer d\u00favida, nosso suporte est\u00e1 \u00e0 disposi\u00e7\u00e3o:<br \/>(11) 94050-7483.<\/strong><\/p>\n","protected":false},"excerpt":{"rendered":"<p>Celebre o fim de mais um ciclo com significado, beleza e acolhimento!<br \/>Este kit foi pensado para tornar o momento de encerramento do semestre ainda mais especial para sua equipe.<\/p>\n","protected":false},"featured_media":43357,"comment_status":"open","ping_status":"closed","template":"","meta":{"bwfblock_default_font":"","_uf_show_specific_survey":0,"_uf_disable_surveys":false},"product_brand":[],"product_cat":[38],"product_tag":[70],"class_list":{"0":"post-43586","1":"product","2":"type-product","3":"status-publish","4":"has-post-thumbnail","6":"product_cat-coordenacao-pedagogica","7":"product_tag-coordenacao-pedagogica","9":"first","10":"instock","11":"sale","12":"downloadable","13":"virtual","14":"sold-individually","15":"taxable","16":"purchasable","17":"product-type-simple"},"aioseo_notices":[],"_links":{"self":[{"href":"https:\/\/educacaocomproposito.com.br\/index.php\/wp-json\/wp\/v2\/product\/43586","targetHints":{"allow":["GET"]}}],"collection":[{"href":"https:\/\/educacaocomproposito.com.br\/index.php\/wp-json\/wp\/v2\/product"}],"about":[{"href":"https:\/\/educacaocomproposito.com.br\/index.php\/wp-json\/wp\/v2\/types\/product"}],"replies":[{"embeddable":true,"href":"https:\/\/educacaocomproposito.com.br\/index.php\/wp-json\/wp\/v2\/comments?post=43586"}],"version-history":[{"count":4,"href":"https:\/\/educacaocomproposito.com.br\/index.php\/wp-json\/wp\/v2\/product\/43586\/revisions"}],"predecessor-version":[{"id":61748,"href":"https:\/\/educacaocomproposito.com.br\/index.php\/wp-json\/wp\/v2\/product\/43586\/revisions\/61748"}],"wp:featuredmedia":[{"embeddable":true,"href":"https:\/\/educacaocomproposito.com.br\/index.php\/wp-json\/wp\/v2\/media\/43357"}],"wp:attachment":[{"href":"https:\/\/educacaocomproposito.com.br\/index.php\/wp-json\/wp\/v2\/media?parent=43586"}],"wp:term":[{"taxonomy":"product_brand","embeddable":true,"href":"https:\/\/educacaocomproposito.com.br\/index.php\/wp-json\/wp\/v2\/product_brand?post=43586"},{"taxonomy":"product_cat","embeddable":true,"href":"https:\/\/educacaocomproposito.com.br\/index.php\/wp-json\/wp\/v2\/product_cat?post=43586"},{"taxonomy":"product_tag","embeddable":true,"href":"https:\/\/educacaocomproposito.com.br\/index.php\/wp-json\/wp\/v2\/product_tag?post=43586"}],"curies":[{"name":"wp","href":"https:\/\/api.w.org\/{rel}","templated":true}]}}