{"id":4687,"date":"2024-11-13T05:16:05","date_gmt":"2024-11-13T08:16:05","guid":{"rendered":"https:\/\/educacaocomproposito.com.br\/?post_type=product&#038;p=4687"},"modified":"2025-08-26T15:06:12","modified_gmt":"2025-08-26T18:06:12","slug":"kit-o-que-temos-pra-hoje-e-sau-da-de","status":"publish","type":"product","link":"https:\/\/educacaocomproposito.com.br\/index.php\/product\/kit-o-que-temos-pra-hoje-e-sau-da-de\/","title":{"rendered":"Kit &#8211; O que temos pra hoje \u00e9 sau.da.de"},"content":{"rendered":"<p><strong>O kit inclui:<\/strong><br \/><strong>Painel Personalizado<\/strong>: Um painel tem\u00e1tico de fim de ano, medindo aproximadamente 110&#215;80 cm, com espa\u00e7o para fotos edit\u00e1veis diretamente no Canva (gratuito ou pago). Perfeito para personalizar com imagens da turma e recordar momentos especiais.<br \/><strong>Cantinho da Dedica\u00e7\u00e3o<\/strong>: Cartinhas de dedicat\u00f3ria personaliz\u00e1veis, onde os alunos e professores podem deixar mensagens uns aos outros, tornando a despedida mais emocionante e especial.<br \/><strong>Cantinho dos Desejos<\/strong>: Uma \u00e1rea especial para que os alunos retirem tiras de papel com frases inspiradoras, simbolizando os desejos para o pr\u00f3ximo ano.<br \/><strong>Din\u00e2mica: Dado dos Sentimentos e Mem\u00f3rias<\/strong>: Uma atividade interativa com um dado especial, estimulando os alunos a refletirem sobre sentimentos e mem\u00f3rias, criando um momento de uni\u00e3o e despedida.<br \/><strong>\u2022 O arquivo acompanha instru\u00e7\u00f5es para montagem, edi\u00e7\u00e3o de fotos e itens personalizados. <br \/><\/strong><br \/><strong>Detalhes T\u00e9cnicos:<\/strong><br \/>Arquivo 100% digital, pronto para impress\u00e3o. N\u00e3o enviamos pelos Correios;<\/p>\n<p><strong>\ud83d\udce5 Como acessar seu arquivo<br \/>Ap\u00f3s a confirma\u00e7\u00e3o do pagamento, voc\u00ea poder\u00e1 baixar o seu produto de tr\u00eas formas pr\u00e1ticas:<br \/><\/strong>1\ufe0f\u20e3 Via e-mail<br \/>Voc\u00ea receber\u00e1 um e-mail com o t\u00edtulo \u201cSeu arquivo chegou\u201d.<br \/>Lembre-se de verificar tamb\u00e9m a caixa de Spam\/Lixo eletr\u00f4nico.<br \/>Para baixar, clique em todos os t\u00edtulos destacados e sublinhados na se\u00e7\u00e3o de Downloads.<br \/>2\ufe0f\u20e3 Via WhatsApp<br \/>Voc\u00ea receber\u00e1 uma mensagem autom\u00e1tica em seu WhatsApp.<br \/>Para receber o arquivo por l\u00e1, basta clicar no bot\u00e3o: \u201cRECEBER meu pedido aqui\u201d.<br \/>3\ufe0f\u20e3 Na sua \u00c1rea do Cliente (site)<br \/>Clique nas tr\u00eas linhas no canto superior esquerdo.<br \/>Acesse Minha Conta &gt; Downloads.<br \/>Baixe diretamente todos os produtos adquiridos.<br \/><strong>\ud83d\udccc Qualquer d\u00favida, nosso suporte est\u00e1 \u00e0 disposi\u00e7\u00e3o:<br \/>(11) 94050-7483.<\/strong><\/p>\n","protected":false},"excerpt":{"rendered":"<p>Este kit foi pensado para transformar o encerramento do ano letivo em um momento especial de lembran\u00e7as e celebra\u00e7\u00e3o entre os alunos e professores. <\/p>\n","protected":false},"featured_media":4794,"comment_status":"open","ping_status":"closed","template":"","meta":{"bwfblock_default_font":"","_uf_show_specific_survey":0,"_uf_disable_surveys":false},"product_brand":[],"product_cat":[37],"product_tag":[47],"class_list":{"0":"post-4687","1":"product","2":"type-product","3":"status-publish","4":"has-post-thumbnail","6":"product_cat-datas-comemorativas","7":"product_tag-datas-comemorativas","9":"first","10":"instock","11":"sale","12":"downloadable","13":"virtual","14":"sold-individually","15":"taxable","16":"purchasable","17":"product-type-simple"},"aioseo_notices":[],"_links":{"self":[{"href":"https:\/\/educacaocomproposito.com.br\/index.php\/wp-json\/wp\/v2\/product\/4687","targetHints":{"allow":["GET"]}}],"collection":[{"href":"https:\/\/educacaocomproposito.com.br\/index.php\/wp-json\/wp\/v2\/product"}],"about":[{"href":"https:\/\/educacaocomproposito.com.br\/index.php\/wp-json\/wp\/v2\/types\/product"}],"replies":[{"embeddable":true,"href":"https:\/\/educacaocomproposito.com.br\/index.php\/wp-json\/wp\/v2\/comments?post=4687"}],"version-history":[{"count":4,"href":"https:\/\/educacaocomproposito.com.br\/index.php\/wp-json\/wp\/v2\/product\/4687\/revisions"}],"predecessor-version":[{"id":62008,"href":"https:\/\/educacaocomproposito.com.br\/index.php\/wp-json\/wp\/v2\/product\/4687\/revisions\/62008"}],"wp:featuredmedia":[{"embeddable":true,"href":"https:\/\/educacaocomproposito.com.br\/index.php\/wp-json\/wp\/v2\/media\/4794"}],"wp:attachment":[{"href":"https:\/\/educacaocomproposito.com.br\/index.php\/wp-json\/wp\/v2\/media?parent=4687"}],"wp:term":[{"taxonomy":"product_brand","embeddable":true,"href":"https:\/\/educacaocomproposito.com.br\/index.php\/wp-json\/wp\/v2\/product_brand?post=4687"},{"taxonomy":"product_cat","embeddable":true,"href":"https:\/\/educacaocomproposito.com.br\/index.php\/wp-json\/wp\/v2\/product_cat?post=4687"},{"taxonomy":"product_tag","embeddable":true,"href":"https:\/\/educacaocomproposito.com.br\/index.php\/wp-json\/wp\/v2\/product_tag?post=4687"}],"curies":[{"name":"wp","href":"https:\/\/api.w.org\/{rel}","templated":true}]}}