{"id":47845,"date":"2025-07-01T20:45:58","date_gmt":"2025-07-01T23:45:58","guid":{"rendered":"https:\/\/educacaocomproposito.com.br\/?post_type=product&#038;p=47845"},"modified":"2025-08-25T16:37:38","modified_gmt":"2025-08-25T19:37:38","slug":"acolhimento-para-professores-e-equipe-escolar-2o-semestre","status":"publish","type":"product","link":"https:\/\/educacaocomproposito.com.br\/index.php\/product\/acolhimento-para-professores-e-equipe-escolar-2o-semestre\/","title":{"rendered":"Acolhimento para Professores e Equipe Escolar | 2\u00ba Semestre"},"content":{"rendered":"<p>\ud83d\udccc <strong>Este produto inclui:<\/strong><br \/><strong>Painel tem\u00e1tico de boas-vindas ao 2\u00ba semestre<\/strong>, com design leve, colorido e cheio de significado.<br \/>\u00a0\u00a0\u00a0\u00a0\ud83d\udd39 Dispon\u00edvel em duas vers\u00f5es: para <strong>professores<\/strong> e para <strong>equipe escolar<\/strong>.<br \/>&#8211; <strong>Medida aproximada do painel completo montado:<\/strong> 1,75x78cm.<br \/>&#8211; <strong>Medida aproximada apenas do painel base: <\/strong>1,10x78cm.<br \/>&#8211; <strong>Medida aproximada mini prateleira: <\/strong>44 cm<br \/><strong>Mini caderno de lembrancinha<\/strong>, 100% edit\u00e1vel no <strong>Canva (vers\u00e3o gratuita ou Pro)<\/strong>.<br \/><strong>V\u00eddeo tutorial exclusivo<\/strong>, com passo a passo para <strong>edi\u00e7\u00e3o no Canva<\/strong> e <strong>montagem completa<\/strong> dos elementos do painel.<br \/><strong>Din\u00e2mica reflexiva \u201cNova P\u00e1gina\u201d<\/strong>, com texto de acolhimento autoral e sugest\u00e3o de uso integrada ao caderno, tornando o momento ainda mais especial.<br \/>\ud83c\udfaf Ideal para iniciar o semestre com sentido, promover engajamento e fortalecer v\u00ednculos com a equipe!<\/p>\n<p><strong>Detalhes T\u00e9cnicos:<\/strong><br \/>\ud83d\udcc2 Arquivo em PDF pronto para impress\u00e3o, 100% digital. Arquivo Parcialmente EDIT\u00c1VEL.<br \/>\u26a0\ufe0f N\u00e3o enviamos pelos CORREIOS.<br \/>\u26a0\ufe0f Aten\u00e7\u00e3o: Este produto n\u00e3o \u00e9 clipart e n\u00e3o disponibilizamos a arte aberta. O material \u00e9 fornecido exclusivamente em arquivos PDF. Uso pessoal, proibida a venda e revenda do material f\u00edsico ou digital.<\/p>\n<p><strong>\ud83d\udce5 Como acessar seu arquivo<br \/>Ap\u00f3s a confirma\u00e7\u00e3o do pagamento, voc\u00ea poder\u00e1 baixar o seu produto de tr\u00eas formas pr\u00e1ticas:<br \/><\/strong>1\ufe0f\u20e3 Via e-mail<br \/>Voc\u00ea receber\u00e1 um e-mail com o t\u00edtulo \u201cSeu arquivo chegou\u201d.<br \/>Lembre-se de verificar tamb\u00e9m a caixa de Spam\/Lixo eletr\u00f4nico.<br \/>Para baixar, clique em todos os t\u00edtulos destacados e sublinhados na se\u00e7\u00e3o de Downloads.<br \/>2\ufe0f\u20e3 Via WhatsApp<br \/>Voc\u00ea receber\u00e1 uma mensagem autom\u00e1tica em seu WhatsApp.<br \/>Para receber o arquivo por l\u00e1, basta clicar no bot\u00e3o: \u201cRECEBER meu pedido aqui\u201d.<br \/>3\ufe0f\u20e3 Na sua \u00c1rea do Cliente (site)<br \/>Clique nas tr\u00eas linhas no canto superior esquerdo.<br \/>Acesse Minha Conta &gt; Downloads.<br \/>Baixe diretamente todos os produtos adquiridos.<br \/><strong>\ud83d\udccc Qualquer d\u00favida, nosso suporte est\u00e1 \u00e0 disposi\u00e7\u00e3o:<br \/>(11) 94050-7483.<\/strong><\/p>\n","protected":false},"excerpt":{"rendered":"<p>Transforme o retorno das aulas em um momento acolhedor e inspirador com este kit completo, pensado com prop\u00f3sito para sua equipe ou corpo docente!<\/p>\n","protected":false},"featured_media":46733,"comment_status":"open","ping_status":"closed","template":"","meta":{"bwfblock_default_font":"","_uf_show_specific_survey":0,"_uf_disable_surveys":false},"product_brand":[],"product_cat":[38,37,71],"product_tag":[70,47,52],"class_list":{"0":"post-47845","1":"product","2":"type-product","3":"status-publish","4":"has-post-thumbnail","6":"product_cat-coordenacao-pedagogica","7":"product_cat-datas-comemorativas","8":"product_cat-volta-as-aulas","9":"product_tag-coordenacao-pedagogica","10":"product_tag-datas-comemorativas","11":"product_tag-volta-as-aulas","13":"first","14":"instock","15":"sale","16":"downloadable","17":"virtual","18":"sold-individually","19":"taxable","20":"purchasable","21":"product-type-simple"},"aioseo_notices":[],"_links":{"self":[{"href":"https:\/\/educacaocomproposito.com.br\/index.php\/wp-json\/wp\/v2\/product\/47845","targetHints":{"allow":["GET"]}}],"collection":[{"href":"https:\/\/educacaocomproposito.com.br\/index.php\/wp-json\/wp\/v2\/product"}],"about":[{"href":"https:\/\/educacaocomproposito.com.br\/index.php\/wp-json\/wp\/v2\/types\/product"}],"replies":[{"embeddable":true,"href":"https:\/\/educacaocomproposito.com.br\/index.php\/wp-json\/wp\/v2\/comments?post=47845"}],"version-history":[{"count":4,"href":"https:\/\/educacaocomproposito.com.br\/index.php\/wp-json\/wp\/v2\/product\/47845\/revisions"}],"predecessor-version":[{"id":61741,"href":"https:\/\/educacaocomproposito.com.br\/index.php\/wp-json\/wp\/v2\/product\/47845\/revisions\/61741"}],"wp:featuredmedia":[{"embeddable":true,"href":"https:\/\/educacaocomproposito.com.br\/index.php\/wp-json\/wp\/v2\/media\/46733"}],"wp:attachment":[{"href":"https:\/\/educacaocomproposito.com.br\/index.php\/wp-json\/wp\/v2\/media?parent=47845"}],"wp:term":[{"taxonomy":"product_brand","embeddable":true,"href":"https:\/\/educacaocomproposito.com.br\/index.php\/wp-json\/wp\/v2\/product_brand?post=47845"},{"taxonomy":"product_cat","embeddable":true,"href":"https:\/\/educacaocomproposito.com.br\/index.php\/wp-json\/wp\/v2\/product_cat?post=47845"},{"taxonomy":"product_tag","embeddable":true,"href":"https:\/\/educacaocomproposito.com.br\/index.php\/wp-json\/wp\/v2\/product_tag?post=47845"}],"curies":[{"name":"wp","href":"https:\/\/api.w.org\/{rel}","templated":true}]}}