{"id":48094,"date":"2025-07-02T19:10:05","date_gmt":"2025-07-02T22:10:05","guid":{"rendered":"https:\/\/educacaocomproposito.com.br\/?post_type=product&#038;p=48094"},"modified":"2025-08-25T16:34:55","modified_gmt":"2025-08-25T19:34:55","slug":"tag-para-chocolate-acolhimento-2o-semestre-professores-e-equipe-escolar","status":"publish","type":"product","link":"https:\/\/educacaocomproposito.com.br\/index.php\/product\/tag-para-chocolate-acolhimento-2o-semestre-professores-e-equipe-escolar\/","title":{"rendered":"TAG PARA CHOCOLATE \u2013 Acolhimento 2\u00ba Semestre | Professores e Equipe Escolar"},"content":{"rendered":"<p>\ud83d\udccc <strong>Dispon\u00edvel em duas vers\u00f5es<\/strong>:<br \/>Para <strong>professores<\/strong><br \/>Para <strong>equipe escolar<\/strong><br \/>\ud83d\udcc4 <strong>Formato do arquivo<\/strong>:<br \/>PDF <strong>pronto para impress\u00e3o<\/strong><br \/><strong>TAG para BIS<\/strong>: 4 unidades por folha A4<br \/><strong>TAG para bombom<\/strong> (Ouro Branco, Serenata etc.): 2 unidades por folha A4<br \/>\u2702\ufe0f <strong>Facilidade garantida<\/strong>:<br \/>Acompanha <strong>tutorial detalhado<\/strong> para montagem, tornando o processo simples e pr\u00e1tico para voc\u00ea!<\/p>\n<p><strong>Detalhes T\u00e9cnicos:<\/strong><br \/>\ud83d\udcc2 Arquivo em PDF pronto para impress\u00e3o, 100% digital. Arquivo N\u00c3O EDIT\u00c1VEL.<br \/>\u26a0\ufe0f N\u00e3o enviamos pelos CORREIOS.<br \/>\u26a0\ufe0f Aten\u00e7\u00e3o: Este produto n\u00e3o \u00e9 clipart e n\u00e3o disponibilizamos a arte aberta. O material \u00e9 fornecido exclusivamente em arquivos PDF. Uso pessoal, proibida a venda e revenda do material f\u00edsico ou digital.<\/p>\n<p><strong>\ud83d\udce5 Como acessar seu arquivo<br \/>Ap\u00f3s a confirma\u00e7\u00e3o do pagamento, voc\u00ea poder\u00e1 baixar o seu produto de tr\u00eas formas pr\u00e1ticas:<br \/><\/strong>1\ufe0f\u20e3 Via e-mail<br \/>Voc\u00ea receber\u00e1 um e-mail com o t\u00edtulo \u201cSeu arquivo chegou\u201d.<br \/>Lembre-se de verificar tamb\u00e9m a caixa de Spam\/Lixo eletr\u00f4nico.<br \/>Para baixar, clique em todos os t\u00edtulos destacados e sublinhados na se\u00e7\u00e3o de Downloads.<br \/>2\ufe0f\u20e3 Via WhatsApp<br \/>Voc\u00ea receber\u00e1 uma mensagem autom\u00e1tica em seu WhatsApp.<br \/>Para receber o arquivo por l\u00e1, basta clicar no bot\u00e3o: \u201cRECEBER meu pedido aqui\u201d.<br \/>3\ufe0f\u20e3 Na sua \u00c1rea do Cliente (site)<br \/>Clique nas tr\u00eas linhas no canto superior esquerdo.<br \/>Acesse Minha Conta &gt; Downloads.<br \/>Baixe diretamente todos os produtos adquiridos.<br \/><strong>\ud83d\udccc Qualquer d\u00favida, nosso suporte est\u00e1 \u00e0 disposi\u00e7\u00e3o:<br \/>(11) 94050-7483.<\/strong><\/p>\n","protected":false},"excerpt":{"rendered":"<p>Transforme o retorno \u00e0s aulas com seus professores e\/ou equipe escolar em um momento especial com essa lembrancinha carinhosa e inspiradora!<\/p>\n","protected":false},"featured_media":48099,"comment_status":"open","ping_status":"closed","template":"","meta":{"bwfblock_default_font":"","_uf_show_specific_survey":0,"_uf_disable_surveys":false},"product_brand":[],"product_cat":[38,71],"product_tag":[70,52],"class_list":{"0":"post-48094","1":"product","2":"type-product","3":"status-publish","4":"has-post-thumbnail","6":"product_cat-coordenacao-pedagogica","7":"product_cat-volta-as-aulas","8":"product_tag-coordenacao-pedagogica","9":"product_tag-volta-as-aulas","11":"first","12":"instock","13":"sale","14":"downloadable","15":"virtual","16":"sold-individually","17":"taxable","18":"purchasable","19":"product-type-simple"},"aioseo_notices":[],"_links":{"self":[{"href":"https:\/\/educacaocomproposito.com.br\/index.php\/wp-json\/wp\/v2\/product\/48094","targetHints":{"allow":["GET"]}}],"collection":[{"href":"https:\/\/educacaocomproposito.com.br\/index.php\/wp-json\/wp\/v2\/product"}],"about":[{"href":"https:\/\/educacaocomproposito.com.br\/index.php\/wp-json\/wp\/v2\/types\/product"}],"replies":[{"embeddable":true,"href":"https:\/\/educacaocomproposito.com.br\/index.php\/wp-json\/wp\/v2\/comments?post=48094"}],"version-history":[{"count":2,"href":"https:\/\/educacaocomproposito.com.br\/index.php\/wp-json\/wp\/v2\/product\/48094\/revisions"}],"predecessor-version":[{"id":61740,"href":"https:\/\/educacaocomproposito.com.br\/index.php\/wp-json\/wp\/v2\/product\/48094\/revisions\/61740"}],"wp:featuredmedia":[{"embeddable":true,"href":"https:\/\/educacaocomproposito.com.br\/index.php\/wp-json\/wp\/v2\/media\/48099"}],"wp:attachment":[{"href":"https:\/\/educacaocomproposito.com.br\/index.php\/wp-json\/wp\/v2\/media?parent=48094"}],"wp:term":[{"taxonomy":"product_brand","embeddable":true,"href":"https:\/\/educacaocomproposito.com.br\/index.php\/wp-json\/wp\/v2\/product_brand?post=48094"},{"taxonomy":"product_cat","embeddable":true,"href":"https:\/\/educacaocomproposito.com.br\/index.php\/wp-json\/wp\/v2\/product_cat?post=48094"},{"taxonomy":"product_tag","embeddable":true,"href":"https:\/\/educacaocomproposito.com.br\/index.php\/wp-json\/wp\/v2\/product_tag?post=48094"}],"curies":[{"name":"wp","href":"https:\/\/api.w.org\/{rel}","templated":true}]}}