{"id":48336,"date":"2025-07-03T14:59:48","date_gmt":"2025-07-03T17:59:48","guid":{"rendered":"https:\/\/educacaocomproposito.com.br\/?post_type=product&#038;p=48336"},"modified":"2025-08-25T16:34:25","modified_gmt":"2025-08-25T19:34:25","slug":"painel-dia-dos-pais-pai-voce-e-a-minha-cancao-favorita","status":"publish","type":"product","link":"https:\/\/educacaocomproposito.com.br\/index.php\/product\/painel-dia-dos-pais-pai-voce-e-a-minha-cancao-favorita\/","title":{"rendered":"Painel &#8211; Dia dos Pais &#8220;Pai, voc\u00ea \u00e9 a minha can\u00e7\u00e3o favorita&#8221;"},"content":{"rendered":"<p>\ud83d\udce6 <strong>O que voc\u00ea vai receber:<\/strong><br \/>\ud83c\udfaf Painel redondo tem\u00e1tico \u2013 composto por <strong>24 p\u00e1ginas<\/strong> (formato A4 para facilitar a impress\u00e3o e montagem)<br \/>Medida Aproximada: 108x90cm.<br \/>Medida Aproximada Painel completo montado: 190x90cm<br \/>\ud83c\udfb5 Faixa decorativa + frase \u201c<strong>Feliz Dia dos Pais<\/strong>\u201d \u2013 total de <strong>8 p\u00e1ginas<\/strong><br \/>\ud83c\udfb6 <strong>3 modelos de plaquinhas musicais<\/strong>, sendo <strong>1 interativa<\/strong> com QR Code para o Spotify (surpreenda com uma trilha sonora especial!)<br \/>\ud83c\udfac Acompanha <strong>tutorial de montagem<\/strong> passo a passo para facilitar a aplica\u00e7\u00e3o do material<br \/>\ud83d\udca1 Ideal para decorar escolas, salas de aula, eventos ou momentos de homenagem!<br \/>\u2764\ufe0f Tudo pronto para imprimir e emocionar!<\/p>\n<p><strong>Detalhes T\u00e9cnicos:<\/strong><br \/>\ud83d\udcc2 Arquivo em PDF pronto para impress\u00e3o, 100% digital. Arquivo N\u00c3O EDIT\u00c1VEL.<br \/>\u26a0\ufe0f N\u00e3o enviamos pelos CORREIOS.<br \/>\u26a0\ufe0f Aten\u00e7\u00e3o: Este produto n\u00e3o \u00e9 clipart e n\u00e3o disponibilizamos a arte aberta. O material \u00e9 fornecido exclusivamente em arquivos PDF. Uso pessoal, proibida a venda e revenda do material f\u00edsico ou digital.<br \/><strong><br \/>\ud83d\udce5 Como acessar seu arquivo<br \/>Ap\u00f3s a confirma\u00e7\u00e3o do pagamento, voc\u00ea poder\u00e1 baixar o seu produto de tr\u00eas formas pr\u00e1ticas:<br \/><\/strong>1\ufe0f\u20e3 Via e-mail<br \/>Voc\u00ea receber\u00e1 um e-mail com o t\u00edtulo \u201cSeu arquivo chegou\u201d.<br \/>Lembre-se de verificar tamb\u00e9m a caixa de Spam\/Lixo eletr\u00f4nico.<br \/>Para baixar, clique em todos os t\u00edtulos destacados e sublinhados na se\u00e7\u00e3o de Downloads.<br \/>2\ufe0f\u20e3 Via WhatsApp<br \/>Voc\u00ea receber\u00e1 uma mensagem autom\u00e1tica em seu WhatsApp.<br \/>Para receber o arquivo por l\u00e1, basta clicar no bot\u00e3o: \u201cRECEBER meu pedido aqui\u201d.<br \/>3\ufe0f\u20e3 Na sua \u00c1rea do Cliente (site)<br \/>Clique nas tr\u00eas linhas no canto superior esquerdo.<br \/>Acesse Minha Conta &gt; Downloads.<br \/>Baixe diretamente todos os produtos adquiridos.<br \/><strong>\ud83d\udccc Qualquer d\u00favida, nosso suporte est\u00e1 \u00e0 disposi\u00e7\u00e3o:<br \/>(11) 94050-7483.<\/strong><\/p>\n","protected":false},"excerpt":{"rendered":"<p>Celebre o Dia dos Pais com um painel cheio de emo\u00e7\u00e3o, afeto e musicalidade! Esse material foi criado com carinho para tornar a data ainda mais especial, valorizando o amor paterno por meio do tema musical.<\/p>\n","protected":false},"featured_media":48389,"comment_status":"open","ping_status":"closed","template":"","meta":{"bwfblock_default_font":"","_uf_show_specific_survey":0,"_uf_disable_surveys":false},"product_brand":[],"product_cat":[37,48],"product_tag":[47,49],"class_list":{"0":"post-48336","1":"product","2":"type-product","3":"status-publish","4":"has-post-thumbnail","6":"product_cat-datas-comemorativas","7":"product_cat-dia-dos-pais","8":"product_tag-datas-comemorativas","9":"product_tag-dia-dos-pais","11":"first","12":"instock","13":"sale","14":"downloadable","15":"virtual","16":"sold-individually","17":"taxable","18":"purchasable","19":"product-type-simple"},"aioseo_notices":[],"_links":{"self":[{"href":"https:\/\/educacaocomproposito.com.br\/index.php\/wp-json\/wp\/v2\/product\/48336","targetHints":{"allow":["GET"]}}],"collection":[{"href":"https:\/\/educacaocomproposito.com.br\/index.php\/wp-json\/wp\/v2\/product"}],"about":[{"href":"https:\/\/educacaocomproposito.com.br\/index.php\/wp-json\/wp\/v2\/types\/product"}],"replies":[{"embeddable":true,"href":"https:\/\/educacaocomproposito.com.br\/index.php\/wp-json\/wp\/v2\/comments?post=48336"}],"version-history":[{"count":2,"href":"https:\/\/educacaocomproposito.com.br\/index.php\/wp-json\/wp\/v2\/product\/48336\/revisions"}],"predecessor-version":[{"id":61739,"href":"https:\/\/educacaocomproposito.com.br\/index.php\/wp-json\/wp\/v2\/product\/48336\/revisions\/61739"}],"wp:featuredmedia":[{"embeddable":true,"href":"https:\/\/educacaocomproposito.com.br\/index.php\/wp-json\/wp\/v2\/media\/48389"}],"wp:attachment":[{"href":"https:\/\/educacaocomproposito.com.br\/index.php\/wp-json\/wp\/v2\/media?parent=48336"}],"wp:term":[{"taxonomy":"product_brand","embeddable":true,"href":"https:\/\/educacaocomproposito.com.br\/index.php\/wp-json\/wp\/v2\/product_brand?post=48336"},{"taxonomy":"product_cat","embeddable":true,"href":"https:\/\/educacaocomproposito.com.br\/index.php\/wp-json\/wp\/v2\/product_cat?post=48336"},{"taxonomy":"product_tag","embeddable":true,"href":"https:\/\/educacaocomproposito.com.br\/index.php\/wp-json\/wp\/v2\/product_tag?post=48336"}],"curies":[{"name":"wp","href":"https:\/\/api.w.org\/{rel}","templated":true}]}}