{"id":50580,"date":"2025-07-15T14:28:51","date_gmt":"2025-07-15T17:28:51","guid":{"rendered":"https:\/\/educacaocomproposito.com.br\/?post_type=product&#038;p=50580"},"modified":"2025-07-16T19:09:14","modified_gmt":"2025-07-16T22:09:14","slug":"volta-as-aulas-ensino-fundamental-ii-e-ensino-medio-2o-semestre","status":"publish","type":"product","link":"https:\/\/educacaocomproposito.com.br\/index.php\/product\/volta-as-aulas-ensino-fundamental-ii-e-ensino-medio-2o-semestre\/","title":{"rendered":"Kit Volta \u00e0s Aulas \u2013 Ensino Fundamental II e Ensino M\u00e9dio (2\u00ba Semestre)"},"content":{"rendered":"<p>\ud83d\udccc <strong>O que est\u00e1 incluso:<\/strong><br \/>\ud83e\udde9 <strong>Painel tem\u00e1tico de boas-vindas<\/strong><br \/>Visual leve e simb\u00f3lico, com elementos que representam recome\u00e7o, reflex\u00e3o e atitude.<br \/>\u2714 Total: <strong>21 p\u00e1ginas A4<\/strong><br \/>\u2714 Medida aproximada do painel base montado: <strong>128,5 x 72 cm<\/strong><br \/>\ud83c\udfa8 <strong>6 faixas decorativas com palavras-chave:<\/strong><br \/>Recome\u00e7o | Motiva\u00e7\u00e3o | Aprendizado | Escolhas | Prop\u00f3sito | Resili\u00eancia<br \/>(Prontas para imprimir e colar como complemento do painel ou ambienta\u00e7\u00e3o da sala)<br \/>\u270d\ufe0f <strong>Din\u00e2mica detalhada: \u201cE se tudo come\u00e7asse hoje?\u201d<\/strong><br \/>Inspirada na frase de Paulo Freire:<br \/><em>\u201cMudar \u00e9 dif\u00edcil, mas \u00e9 poss\u00edvel.\u201d<\/em><br \/>Acompanha texto para leitura reflexiva, orienta\u00e7\u00f5es ao mediador, perguntas para roda de conversa e sugest\u00e3o de encerramento simb\u00f3lico.<br \/>\ud83d\udcf1 <strong>Tag para lembrancinha em formato de celular (iPhone):<\/strong><br \/>Uma mensagem acolhedora e motivacional, para entregar com um doce ou mimo no final da din\u00e2mica.<br \/>\u2714 <strong>4 tags por folha A4<\/strong><br \/>\u2714 <strong>Configura\u00e7\u00e3o da folha: paisagem<\/strong><\/p>\n<p><strong>Detalhes T\u00e9cnicos:<br \/><\/strong>\ud83d\udcc2 Arquivo em PDF pronto para impress\u00e3o, 100% digital. Arquivo N\u00c3O EDIT\u00c1VEL.<br \/>\u26a0\ufe0f N\u00e3o enviamos pelos CORREIOS.<br \/>\u26a0\ufe0f Aten\u00e7\u00e3o: Este produto n\u00e3o \u00e9 clipart e n\u00e3o disponibilizamos a arte aberta. O material \u00e9 fornecido exclusivamente em arquivos PDF. Uso pessoal, proibida a venda e revenda do material f\u00edsico ou digital.<\/p>\n<p><strong>Como receberei meu arquivo?<\/strong><br \/>Ap\u00f3s a confirma\u00e7\u00e3o do pagamento volte a p\u00e1gina do site para baixar o seu produto. Voc\u00ea tamb\u00e9m ter\u00e1 acesso a ele via e-mail (Verifique o Spam: T\u00edtulo do e-mail \u201cSeu arquivo chegou\u201d.) Para receber em seu WhatsApp, entre em contato conosco atrav\u00e9s do n\u00famero 11940507483 ou clique no bot\u00e3o da tela inicial do site.<\/p>\n","protected":false},"excerpt":{"rendered":"<p>Transforme o retorno \u00e0s aulas em uma experi\u00eancia significativa com este material completo e acolhedor, pensado especialmente para estudantes do Fundamental II e Ensino M\u00e9dio.<\/p>\n","protected":false},"featured_media":50608,"comment_status":"open","ping_status":"closed","template":"","meta":{"bwfblock_default_font":"","_uf_show_specific_survey":0,"_uf_disable_surveys":false},"product_brand":[],"product_cat":[71],"product_tag":[52],"class_list":{"0":"post-50580","1":"product","2":"type-product","3":"status-publish","4":"has-post-thumbnail","6":"product_cat-volta-as-aulas","7":"product_tag-volta-as-aulas","9":"first","10":"instock","11":"sale","12":"downloadable","13":"virtual","14":"sold-individually","15":"taxable","16":"purchasable","17":"product-type-simple"},"aioseo_notices":[],"_links":{"self":[{"href":"https:\/\/educacaocomproposito.com.br\/index.php\/wp-json\/wp\/v2\/product\/50580","targetHints":{"allow":["GET"]}}],"collection":[{"href":"https:\/\/educacaocomproposito.com.br\/index.php\/wp-json\/wp\/v2\/product"}],"about":[{"href":"https:\/\/educacaocomproposito.com.br\/index.php\/wp-json\/wp\/v2\/types\/product"}],"replies":[{"embeddable":true,"href":"https:\/\/educacaocomproposito.com.br\/index.php\/wp-json\/wp\/v2\/comments?post=50580"}],"version-history":[{"count":4,"href":"https:\/\/educacaocomproposito.com.br\/index.php\/wp-json\/wp\/v2\/product\/50580\/revisions"}],"predecessor-version":[{"id":51033,"href":"https:\/\/educacaocomproposito.com.br\/index.php\/wp-json\/wp\/v2\/product\/50580\/revisions\/51033"}],"wp:featuredmedia":[{"embeddable":true,"href":"https:\/\/educacaocomproposito.com.br\/index.php\/wp-json\/wp\/v2\/media\/50608"}],"wp:attachment":[{"href":"https:\/\/educacaocomproposito.com.br\/index.php\/wp-json\/wp\/v2\/media?parent=50580"}],"wp:term":[{"taxonomy":"product_brand","embeddable":true,"href":"https:\/\/educacaocomproposito.com.br\/index.php\/wp-json\/wp\/v2\/product_brand?post=50580"},{"taxonomy":"product_cat","embeddable":true,"href":"https:\/\/educacaocomproposito.com.br\/index.php\/wp-json\/wp\/v2\/product_cat?post=50580"},{"taxonomy":"product_tag","embeddable":true,"href":"https:\/\/educacaocomproposito.com.br\/index.php\/wp-json\/wp\/v2\/product_tag?post=50580"}],"curies":[{"name":"wp","href":"https:\/\/api.w.org\/{rel}","templated":true}]}}