{"id":51332,"date":"2025-07-17T20:11:49","date_gmt":"2025-07-17T23:11:49","guid":{"rendered":"https:\/\/educacaocomproposito.com.br\/?post_type=product&#038;p=51332"},"modified":"2025-10-22T12:50:30","modified_gmt":"2025-10-22T15:50:30","slug":"kit-cafe-com-os-pais-e-responsaveis","status":"publish","type":"product","link":"https:\/\/educacaocomproposito.com.br\/index.php\/product\/kit-cafe-com-os-pais-e-responsaveis\/","title":{"rendered":"Kit &#8211; Reuni\u00e3o de Pais &#8211; Caf\u00e9 com os Pais e Respons\u00e1veis"},"content":{"rendered":"<p>\ud83d\udce6 <strong>O que comp\u00f5e o kit:<\/strong><br \/><strong>2 op\u00e7\u00f5es de tamanhos do painel principai:<\/strong><br \/>Tamanho grande: <strong>129,5 x 75 cm<\/strong> (Total e 21 folhas A4)<br \/>Tamanho compacto: <strong>95,5 x 61 cm<\/strong> (Total de 18 folhas A4)<br \/>Elementos decorativos e plaquinhas com frases reflexivas sobre fam\u00edlia, escola, parceria, escuta ativa, apoio e valores. (8 plaquinhas + 8 ilustra\u00e7\u00f5es do universo do caf\u00e9 &#8211; Utilizamos ao todo 8 folhas A4)<br \/><strong>Tags para lembrancinhas com doces<\/strong> &#8211; Sendo dois modelos: <br \/>X\u00edcara de ch\u00e1 e uma tag simples com a tem\u00e1tica do painel. <br \/><strong>Lapela para saquinho de gr\u00e3os de caf\u00e9<\/strong>.<br \/><strong>Arquivo com texto reflexivo<\/strong> para ser lido durante o encontro.<br \/>O arquivo companha v<strong>\u00eddeo tutorial de montagem<\/strong> para facilitar a aplica\u00e7\u00e3o de cada item.<\/p>\n<p><strong>Detalhes T\u00e9cnicos:<br \/><\/strong>\ud83d\udcc2 Arquivo em PDF pronto para impress\u00e3o, 100% digital. Arquivo N\u00c3O EDIT\u00c1VEL.<br \/>\u26a0\ufe0f N\u00e3o enviamos pelos CORREIOS.<br \/>\u26a0\ufe0f Aten\u00e7\u00e3o: Este produto n\u00e3o \u00e9 clipart e n\u00e3o disponibilizamos a arte aberta. O material \u00e9 fornecido exclusivamente em arquivos PDF. Uso pessoal, proibida a venda e revenda do material f\u00edsico ou digital.<\/p>\n<p><strong>\ud83d\udce5 Como acessar seu arquivo<br \/>Ap\u00f3s a confirma\u00e7\u00e3o do pagamento, voc\u00ea poder\u00e1 baixar o seu produto de tr\u00eas formas pr\u00e1ticas:<br \/><\/strong>1\ufe0f\u20e3 Via e-mail<br \/>Voc\u00ea receber\u00e1 um e-mail com o t\u00edtulo \u201cSeu arquivo chegou\u201d.<br \/>Lembre-se de verificar tamb\u00e9m a caixa de Spam\/Lixo eletr\u00f4nico.<br \/>Para baixar, clique em todos os t\u00edtulos destacados e sublinhados na se\u00e7\u00e3o de Downloads.<br \/>2\ufe0f\u20e3 Via WhatsApp<br \/>Voc\u00ea receber\u00e1 uma mensagem autom\u00e1tica em seu WhatsApp.<br \/>Para receber o arquivo por l\u00e1, basta clicar no bot\u00e3o: \u201cRECEBER meu pedido aqui\u201d.<br \/>3\ufe0f\u20e3 Na sua \u00c1rea do Cliente (site)<br \/>Clique nas tr\u00eas linhas no canto superior esquerdo.<br \/>Acesse Minha Conta &gt; Downloads.<br \/>Baixe diretamente todos os produtos adquiridos.<br \/><strong>\ud83d\udccc Qualquer d\u00favida, nosso suporte est\u00e1 \u00e0 disposi\u00e7\u00e3o:<br \/>(11) 94050-7483.<\/strong><\/p>\n","protected":false},"excerpt":{"rendered":"<p>Este kit foi pensado para tornar a reuni\u00e3o com pais e respons\u00e1veis ainda mais significativa, refor\u00e7ando a import\u00e2ncia da parceria na forma\u00e7\u00e3o integral das crian\u00e7as. Com uma identidade visual delicada e elementos inspirados no universo do caf\u00e9, o material proporciona um ambiente acolhedor e afetuoso.<\/p>\n","protected":false},"featured_media":51353,"comment_status":"open","ping_status":"closed","template":"","meta":{"bwfblock_default_font":"","_uf_show_specific_survey":0,"_uf_disable_surveys":false},"product_brand":[],"product_cat":[38,104,42],"product_tag":[70,105,43],"class_list":{"0":"post-51332","1":"product","2":"type-product","3":"status-publish","4":"has-post-thumbnail","6":"product_cat-coordenacao-pedagogica","7":"product_cat-plantao-pedagogico","8":"product_cat-reuniao-de-pais","9":"product_tag-coordenacao-pedagogica","10":"product_tag-plantao-pedagogico","11":"product_tag-reuniao-de-pais","13":"first","14":"instock","15":"sale","16":"downloadable","17":"virtual","18":"sold-individually","19":"taxable","20":"purchasable","21":"product-type-simple"},"aioseo_notices":[],"_links":{"self":[{"href":"https:\/\/educacaocomproposito.com.br\/index.php\/wp-json\/wp\/v2\/product\/51332","targetHints":{"allow":["GET"]}}],"collection":[{"href":"https:\/\/educacaocomproposito.com.br\/index.php\/wp-json\/wp\/v2\/product"}],"about":[{"href":"https:\/\/educacaocomproposito.com.br\/index.php\/wp-json\/wp\/v2\/types\/product"}],"replies":[{"embeddable":true,"href":"https:\/\/educacaocomproposito.com.br\/index.php\/wp-json\/wp\/v2\/comments?post=51332"}],"version-history":[{"count":3,"href":"https:\/\/educacaocomproposito.com.br\/index.php\/wp-json\/wp\/v2\/product\/51332\/revisions"}],"predecessor-version":[{"id":61734,"href":"https:\/\/educacaocomproposito.com.br\/index.php\/wp-json\/wp\/v2\/product\/51332\/revisions\/61734"}],"wp:featuredmedia":[{"embeddable":true,"href":"https:\/\/educacaocomproposito.com.br\/index.php\/wp-json\/wp\/v2\/media\/51353"}],"wp:attachment":[{"href":"https:\/\/educacaocomproposito.com.br\/index.php\/wp-json\/wp\/v2\/media?parent=51332"}],"wp:term":[{"taxonomy":"product_brand","embeddable":true,"href":"https:\/\/educacaocomproposito.com.br\/index.php\/wp-json\/wp\/v2\/product_brand?post=51332"},{"taxonomy":"product_cat","embeddable":true,"href":"https:\/\/educacaocomproposito.com.br\/index.php\/wp-json\/wp\/v2\/product_cat?post=51332"},{"taxonomy":"product_tag","embeddable":true,"href":"https:\/\/educacaocomproposito.com.br\/index.php\/wp-json\/wp\/v2\/product_tag?post=51332"}],"curies":[{"name":"wp","href":"https:\/\/api.w.org\/{rel}","templated":true}]}}