{"id":54873,"date":"2025-07-31T17:21:04","date_gmt":"2025-07-31T20:21:04","guid":{"rendered":"https:\/\/educacaocomproposito.com.br\/?post_type=product&#038;p=54873"},"modified":"2025-08-25T16:13:13","modified_gmt":"2025-08-25T19:13:13","slug":"kit-de-acolhimento-para-equipe-escolar-o-sabor-que-transforma-a-educacao","status":"publish","type":"product","link":"https:\/\/educacaocomproposito.com.br\/index.php\/product\/kit-de-acolhimento-para-equipe-escolar-o-sabor-que-transforma-a-educacao\/","title":{"rendered":"Kit de Acolhimento para Equipe Escolar \u2013 O Sabor que Transforma a Educa\u00e7\u00e3o \ud83c\udf53"},"content":{"rendered":"<p>\u2728 <strong>O que comp\u00f5e o kit:<\/strong><br \/><strong>Painel Principal Tem\u00e1tico:<\/strong><br \/>Um texto reflexivo e inspirador sobre o papel do educador, dividido em <strong>16 folhas A4<\/strong>, ideal para ser montado em murais ou salas de reuni\u00f5es.<br \/><strong>Faixa Decorativa:<\/strong><br \/>\u201cEducar \u00e9 deixar marcas inesquec\u00edveis\u201d \u2013 em <strong>3 p\u00e1ginas A4<\/strong>, perfeita para dar destaque ao espa\u00e7o com prop\u00f3sito e beleza.<br \/><strong>Mini Plaquinhas para Mimos:<\/strong><br \/>Frases simb\u00f3licas para acompanhar pequenos presentes como <strong>l\u00e1pis, borracha e caneta<\/strong>, refor\u00e7ando mensagens de incentivo e cuidado.<br \/><strong>Moldes de Caixinhas de Morango + Frascos Ilustrativos:<\/strong><br \/>Recursos interativos e decorativos para compor o painel de forma afetiva e visualmente atrativa.<br \/><strong>Mini Varal de Morangos:<\/strong><br \/>Um toque l\u00fadico e encantador com <strong>3 folhas A4<\/strong>, para pendurar mensagens ou complementar o painel com leveza.<br \/><strong>Figuras Ilustrativas (morangos e cora\u00e7\u00f5es):<\/strong><br \/>Elementos decorativos que d\u00e3o ainda mais vida ao ambiente, com recortes em cores vibrantes.<br \/><strong>Tag para Bala + Texto Reflexivo:<\/strong><br \/>Um mimo simb\u00f3lico com mensagem afetiva para valorizar a dedica\u00e7\u00e3o da equipe escolar.<br \/>\ud83d\udcce <strong>Material 100% digital, pronto para impress\u00e3o em folhas A4.<\/strong><br \/>Acompanha orienta\u00e7\u00e3o visual de montagem e v\u00eddeos tutoriais para facilitar a aplica\u00e7\u00e3o.<\/p>\n<p><strong>Detalhes T\u00e9cnicos:<br \/><\/strong>\ud83d\udcc2 Arquivo em PDF pronto para impress\u00e3o, 100% digital. Arquivo N\u00c3O EDIT\u00c1VEL.<br \/>\u26a0\ufe0f N\u00e3o enviamos pelos CORREIOS.<br \/>\u26a0\ufe0f Aten\u00e7\u00e3o: Este produto n\u00e3o \u00e9 clipart e n\u00e3o disponibilizamos a arte aberta. O material \u00e9 fornecido exclusivamente em arquivos PDF. Uso pessoal, proibida a venda e revenda do material f\u00edsico ou digital.<\/p>\n<p><strong>\ud83d\udce5 Como acessar seu arquivo<br \/>Ap\u00f3s a confirma\u00e7\u00e3o do pagamento, voc\u00ea poder\u00e1 baixar o seu produto de tr\u00eas formas pr\u00e1ticas:<br \/><\/strong>1\ufe0f\u20e3 Via e-mail<br \/>Voc\u00ea receber\u00e1 um e-mail com o t\u00edtulo \u201cSeu arquivo chegou\u201d.<br \/>Lembre-se de verificar tamb\u00e9m a caixa de Spam\/Lixo eletr\u00f4nico.<br \/>Para baixar, clique em todos os t\u00edtulos destacados e sublinhados na se\u00e7\u00e3o de Downloads.<br \/>2\ufe0f\u20e3 Via WhatsApp<br \/>Voc\u00ea receber\u00e1 uma mensagem autom\u00e1tica em seu WhatsApp.<br \/>Para receber o arquivo por l\u00e1, basta clicar no bot\u00e3o: \u201cRECEBER meu pedido aqui\u201d.<br \/>3\ufe0f\u20e3 Na sua \u00c1rea do Cliente (site)<br \/>Clique nas tr\u00eas linhas no canto superior esquerdo.<br \/>Acesse Minha Conta &gt; Downloads.<br \/>Baixe diretamente todos os produtos adquiridos.<br \/><strong>\ud83d\udccc Qualquer d\u00favida, nosso suporte est\u00e1 \u00e0 disposi\u00e7\u00e3o:<br \/>(11) 94050-7483.<\/strong><\/p>\n","protected":false},"excerpt":{"rendered":"<p>Transforme momentos de acolhimento em experi\u00eancias marcantes com este kit completo, pensado para valorizar e emocionar sua equipe!<\/p>\n","protected":false},"featured_media":54881,"comment_status":"open","ping_status":"closed","template":"","meta":{"bwfblock_default_font":"","_uf_show_specific_survey":0,"_uf_disable_surveys":false},"product_brand":[],"product_cat":[38],"product_tag":[70],"class_list":{"0":"post-54873","1":"product","2":"type-product","3":"status-publish","4":"has-post-thumbnail","6":"product_cat-coordenacao-pedagogica","7":"product_tag-coordenacao-pedagogica","9":"first","10":"instock","11":"sale","12":"downloadable","13":"virtual","14":"sold-individually","15":"taxable","16":"purchasable","17":"product-type-simple"},"aioseo_notices":[],"_links":{"self":[{"href":"https:\/\/educacaocomproposito.com.br\/index.php\/wp-json\/wp\/v2\/product\/54873","targetHints":{"allow":["GET"]}}],"collection":[{"href":"https:\/\/educacaocomproposito.com.br\/index.php\/wp-json\/wp\/v2\/product"}],"about":[{"href":"https:\/\/educacaocomproposito.com.br\/index.php\/wp-json\/wp\/v2\/types\/product"}],"replies":[{"embeddable":true,"href":"https:\/\/educacaocomproposito.com.br\/index.php\/wp-json\/wp\/v2\/comments?post=54873"}],"version-history":[{"count":2,"href":"https:\/\/educacaocomproposito.com.br\/index.php\/wp-json\/wp\/v2\/product\/54873\/revisions"}],"predecessor-version":[{"id":61729,"href":"https:\/\/educacaocomproposito.com.br\/index.php\/wp-json\/wp\/v2\/product\/54873\/revisions\/61729"}],"wp:featuredmedia":[{"embeddable":true,"href":"https:\/\/educacaocomproposito.com.br\/index.php\/wp-json\/wp\/v2\/media\/54881"}],"wp:attachment":[{"href":"https:\/\/educacaocomproposito.com.br\/index.php\/wp-json\/wp\/v2\/media?parent=54873"}],"wp:term":[{"taxonomy":"product_brand","embeddable":true,"href":"https:\/\/educacaocomproposito.com.br\/index.php\/wp-json\/wp\/v2\/product_brand?post=54873"},{"taxonomy":"product_cat","embeddable":true,"href":"https:\/\/educacaocomproposito.com.br\/index.php\/wp-json\/wp\/v2\/product_cat?post=54873"},{"taxonomy":"product_tag","embeddable":true,"href":"https:\/\/educacaocomproposito.com.br\/index.php\/wp-json\/wp\/v2\/product_tag?post=54873"}],"curies":[{"name":"wp","href":"https:\/\/api.w.org\/{rel}","templated":true}]}}