{"id":56083,"date":"2025-08-05T19:31:33","date_gmt":"2025-08-05T22:31:33","guid":{"rendered":"https:\/\/educacaocomproposito.com.br\/?post_type=product&#038;p=56083"},"modified":"2025-08-25T16:10:56","modified_gmt":"2025-08-25T19:10:56","slug":"kit-dia-do-estudante-ensino-fundamental-i-2025","status":"publish","type":"product","link":"https:\/\/educacaocomproposito.com.br\/index.php\/product\/kit-dia-do-estudante-ensino-fundamental-i-2025\/","title":{"rendered":"Kit &#8211; Dia do Estudante | Ensino Fundamental I &#8211; 2025"},"content":{"rendered":"<p>\ud83d\udce6 <strong>O que voc\u00ea recebe no kit:<\/strong><br \/>\u2705 <strong>Painel tem\u00e1tico<\/strong> completo \u2013 21 folhas A4 <br \/>&#8211; Medida Aproximada &#8211; Painel Base: 129x74cm.<br \/>&#8211; Medida Total aproximada: 174x100cm (Incluindo plaquinhas + faixa).<br \/>\u2705 <strong>Faixa personalizada<\/strong> \u201cFeliz Dia do Estudante\u201d \u2013 7 folhas A4 (Medida Aproximada: 129x25cm)<br \/>\u2705 <strong>4 plaquinhas inspiradoras<\/strong> com mensagens motivacionais<br \/>\u2705 <strong>2 desenhos extras<\/strong> decorativos (globo e ma\u00e7\u00e3)<br \/>\u2705 <strong>Tag especial para lembrancinha<\/strong> em estilo Bobbie Goods (para colorir)<br \/>\u2705 <strong>+ de 10 sugest\u00f5es de din\u00e2micas e gincanas<\/strong> criativas e divertidas para envolver os alunos<br \/>\ud83e\udde0 Indicado para: turmas do Ensino Fundamental I<br \/>\ud83d\udda8\ufe0f Ideal para: decorar a escola, realizar atividades l\u00fadicas e homenagear os estudantes de forma significativa.<br \/>\ud83d\udcce\u00a0<strong>Material 100% digital, pronto para impress\u00e3o em folhas A4.<\/strong><br \/>Acompanha orienta\u00e7\u00e3o visual de montagem e v\u00eddeos tutoriais para facilitar a aplica\u00e7\u00e3o.<\/p>\n<p><strong>Detalhes T\u00e9cnicos:<br \/><\/strong>\ud83d\udcc2 Arquivo em PDF pronto para impress\u00e3o, 100% digital. Arquivo N\u00c3O EDIT\u00c1VEL.<br \/>\u26a0\ufe0f N\u00e3o enviamos pelos CORREIOS.<br \/>\u26a0\ufe0f Aten\u00e7\u00e3o: Este produto n\u00e3o \u00e9 clipart e n\u00e3o disponibilizamos a arte aberta. O material \u00e9 fornecido exclusivamente em arquivos PDF. Uso pessoal, proibida a venda e revenda do material f\u00edsico ou digital.<\/p>\n<p><strong>\ud83d\udce5 Como acessar seu arquivo<br \/>Ap\u00f3s a confirma\u00e7\u00e3o do pagamento, voc\u00ea poder\u00e1 baixar o seu produto de tr\u00eas formas pr\u00e1ticas:<br \/><\/strong>1\ufe0f\u20e3 Via e-mail<br \/>Voc\u00ea receber\u00e1 um e-mail com o t\u00edtulo \u201cSeu arquivo chegou\u201d.<br \/>Lembre-se de verificar tamb\u00e9m a caixa de Spam\/Lixo eletr\u00f4nico.<br \/>Para baixar, clique em todos os t\u00edtulos destacados e sublinhados na se\u00e7\u00e3o de Downloads.<br \/>2\ufe0f\u20e3 Via WhatsApp<br \/>Voc\u00ea receber\u00e1 uma mensagem autom\u00e1tica em seu WhatsApp.<br \/>Para receber o arquivo por l\u00e1, basta clicar no bot\u00e3o: \u201cRECEBER meu pedido aqui\u201d.<br \/>3\ufe0f\u20e3 Na sua \u00c1rea do Cliente (site)<br \/>Clique nas tr\u00eas linhas no canto superior esquerdo.<br \/>Acesse Minha Conta &gt; Downloads.<br \/>Baixe diretamente todos os produtos adquiridos.<br \/><strong>\ud83d\udccc Qualquer d\u00favida, nosso suporte est\u00e1 \u00e0 disposi\u00e7\u00e3o:<br \/>(11) 94050-7483.<\/strong><\/p>\n","protected":false},"excerpt":{"rendered":"<p>Transforme o Dia do Estudante em uma experi\u00eancia inesquec\u00edvel com este kit completo e pensado com carinho para educadores comprometidos com a valoriza\u00e7\u00e3o da jornada escolar!<\/p>\n","protected":false},"featured_media":56085,"comment_status":"open","ping_status":"closed","template":"","meta":{"bwfblock_default_font":"","_uf_show_specific_survey":0,"_uf_disable_surveys":false},"product_brand":[],"product_cat":[37,51],"product_tag":[47,50],"class_list":{"0":"post-56083","1":"product","2":"type-product","3":"status-publish","4":"has-post-thumbnail","6":"product_cat-datas-comemorativas","7":"product_cat-dia-do-estudante","8":"product_tag-datas-comemorativas","9":"product_tag-dia-do-estudante","11":"first","12":"instock","13":"sale","14":"downloadable","15":"virtual","16":"sold-individually","17":"taxable","18":"purchasable","19":"product-type-simple"},"aioseo_notices":[],"_links":{"self":[{"href":"https:\/\/educacaocomproposito.com.br\/index.php\/wp-json\/wp\/v2\/product\/56083","targetHints":{"allow":["GET"]}}],"collection":[{"href":"https:\/\/educacaocomproposito.com.br\/index.php\/wp-json\/wp\/v2\/product"}],"about":[{"href":"https:\/\/educacaocomproposito.com.br\/index.php\/wp-json\/wp\/v2\/types\/product"}],"replies":[{"embeddable":true,"href":"https:\/\/educacaocomproposito.com.br\/index.php\/wp-json\/wp\/v2\/comments?post=56083"}],"version-history":[{"count":3,"href":"https:\/\/educacaocomproposito.com.br\/index.php\/wp-json\/wp\/v2\/product\/56083\/revisions"}],"predecessor-version":[{"id":61728,"href":"https:\/\/educacaocomproposito.com.br\/index.php\/wp-json\/wp\/v2\/product\/56083\/revisions\/61728"}],"wp:featuredmedia":[{"embeddable":true,"href":"https:\/\/educacaocomproposito.com.br\/index.php\/wp-json\/wp\/v2\/media\/56085"}],"wp:attachment":[{"href":"https:\/\/educacaocomproposito.com.br\/index.php\/wp-json\/wp\/v2\/media?parent=56083"}],"wp:term":[{"taxonomy":"product_brand","embeddable":true,"href":"https:\/\/educacaocomproposito.com.br\/index.php\/wp-json\/wp\/v2\/product_brand?post=56083"},{"taxonomy":"product_cat","embeddable":true,"href":"https:\/\/educacaocomproposito.com.br\/index.php\/wp-json\/wp\/v2\/product_cat?post=56083"},{"taxonomy":"product_tag","embeddable":true,"href":"https:\/\/educacaocomproposito.com.br\/index.php\/wp-json\/wp\/v2\/product_tag?post=56083"}],"curies":[{"name":"wp","href":"https:\/\/api.w.org\/{rel}","templated":true}]}}