{"id":59415,"date":"2025-08-14T17:01:49","date_gmt":"2025-08-14T20:01:49","guid":{"rendered":"https:\/\/educacaocomproposito.com.br\/?post_type=product&#038;p=59415"},"modified":"2025-08-25T16:05:02","modified_gmt":"2025-08-25T19:05:02","slug":"kit-agosto-lilas-2025","status":"publish","type":"product","link":"https:\/\/educacaocomproposito.com.br\/index.php\/product\/kit-agosto-lilas-2025\/","title":{"rendered":"Kit \u2013 Agosto Lil\u00e1s 2025"},"content":{"rendered":"<p><strong>O que est\u00e1 incluso:<\/strong><br \/><strong>Painel tem\u00e1tico<\/strong> com mensagem central para promover reflex\u00e3o e di\u00e1logo;<br \/>&#8211; Total de 21 p\u00e1ginas A4 | Medida Aproximada: 128,5 x 68,5cm. <br \/><strong>Panfleto informativo<\/strong> com orienta\u00e7\u00f5es sobre o Agosto Lil\u00e1s, tipos de viol\u00eancia, sinais de alerta e formas de buscar ajuda;<br \/>&#8211; Dois tamanhos dispon\u00edveis (2 por folha A4 ou 4 por folha A4); <br \/><strong>Tag para lembrancinha<\/strong> para refor\u00e7ar a mensagem de forma simb\u00f3lica e afetiva (6 por folha A4);<br \/><strong>Din\u00e2mica para meninos<\/strong> \u2013 <em>Se fosse com algu\u00e9m que voc\u00ea ama?<\/em>, incentivando empatia e atitudes de respeito;<br \/><strong>Din\u00e2mica para meninas<\/strong> \u2013 <em>Meu Valor, Minha Voz<\/em>, fortalecendo autoestima e consci\u00eancia de direitos.<br \/> (Din\u00e2micas indicadas para turmas a partir do 6\u00ba\u00a0ano do ensino fundamental II ao Ensino m\u00e9dio). <br \/><strong>Diferenciais:<\/strong><br \/>Linguagem clara e acolhedora, adequada para o ambiente escolar;<br \/>Conte\u00fado pensado para gerar reflex\u00e3o sem causar choque ou desconforto;<\/p>\n<p><strong>Detalhes T\u00e9cnicos:<br \/><\/strong>\ud83d\udcc2 Arquivo em PDF pronto para impress\u00e3o, 100% digital. Formato PDF. Arquivo N\u00c3O EDIT\u00c1VEL.<br \/>\u26a0\ufe0f N\u00e3o enviamos pelos CORREIOS.<br \/>\u26a0\ufe0f Aten\u00e7\u00e3o: Este produto n\u00e3o \u00e9 clipart e n\u00e3o disponibilizamos a arte aberta. O material \u00e9 fornecido exclusivamente em arquivos PDF. Uso pessoal, proibida a venda e revenda do material f\u00edsico ou digital.<\/p>\n<p><strong>\ud83d\udce5 Como acessar seu arquivo<br \/>Ap\u00f3s a confirma\u00e7\u00e3o do pagamento, voc\u00ea poder\u00e1 baixar o seu produto de tr\u00eas formas pr\u00e1ticas:<br \/><\/strong>1\ufe0f\u20e3 Via e-mail<br \/>Voc\u00ea receber\u00e1 um e-mail com o t\u00edtulo \u201cSeu arquivo chegou\u201d.<br \/>Lembre-se de verificar tamb\u00e9m a caixa de Spam\/Lixo eletr\u00f4nico.<br \/>Para baixar, clique em todos os t\u00edtulos destacados e sublinhados na se\u00e7\u00e3o de Downloads.<br \/>2\ufe0f\u20e3 Via WhatsApp<br \/>Voc\u00ea receber\u00e1 uma mensagem autom\u00e1tica em seu WhatsApp.<br \/>Para receber o arquivo por l\u00e1, basta clicar no bot\u00e3o: \u201cRECEBER meu pedido aqui\u201d.<br \/>3\ufe0f\u20e3 Na sua \u00c1rea do Cliente (site)<br \/>Clique nas tr\u00eas linhas no canto superior esquerdo.<br \/>Acesse Minha Conta &gt; Downloads.<br \/>Baixe diretamente todos os produtos adquiridos.<br \/><strong>\ud83d\udccc Qualquer d\u00favida, nosso suporte est\u00e1 \u00e0 disposi\u00e7\u00e3o:<br \/>(11) 94050-7483.<\/strong><\/p>\n","protected":false},"excerpt":{"rendered":"<p>O <strong>Arquivo Agosto Lil\u00e1s<\/strong> foi desenvolvido para auxiliar escolas a trabalharem, de forma sens\u00edvel e educativa, a conscientiza\u00e7\u00e3o sobre o respeito \u00e0s mulheres e a preven\u00e7\u00e3o de todas as formas de viol\u00eancia.<br \/>Com um conjunto de recursos pr\u00e1ticos e visualmente atrativos, este material \u00e9 ideal para atividades durante todo o m\u00eas de agosto.<\/p>\n","protected":false},"featured_media":59418,"comment_status":"open","ping_status":"closed","template":"","meta":{"bwfblock_default_font":"","_uf_show_specific_survey":0,"_uf_disable_surveys":false},"product_brand":[],"product_cat":[37],"product_tag":[110,47],"class_list":{"0":"post-59415","1":"product","2":"type-product","3":"status-publish","4":"has-post-thumbnail","6":"product_cat-datas-comemorativas","7":"product_tag-agosto-lilas","8":"product_tag-datas-comemorativas","10":"first","11":"instock","12":"sale","13":"downloadable","14":"virtual","15":"sold-individually","16":"taxable","17":"purchasable","18":"product-type-simple"},"aioseo_notices":[],"_links":{"self":[{"href":"https:\/\/educacaocomproposito.com.br\/index.php\/wp-json\/wp\/v2\/product\/59415","targetHints":{"allow":["GET"]}}],"collection":[{"href":"https:\/\/educacaocomproposito.com.br\/index.php\/wp-json\/wp\/v2\/product"}],"about":[{"href":"https:\/\/educacaocomproposito.com.br\/index.php\/wp-json\/wp\/v2\/types\/product"}],"replies":[{"embeddable":true,"href":"https:\/\/educacaocomproposito.com.br\/index.php\/wp-json\/wp\/v2\/comments?post=59415"}],"version-history":[{"count":2,"href":"https:\/\/educacaocomproposito.com.br\/index.php\/wp-json\/wp\/v2\/product\/59415\/revisions"}],"predecessor-version":[{"id":61722,"href":"https:\/\/educacaocomproposito.com.br\/index.php\/wp-json\/wp\/v2\/product\/59415\/revisions\/61722"}],"wp:featuredmedia":[{"embeddable":true,"href":"https:\/\/educacaocomproposito.com.br\/index.php\/wp-json\/wp\/v2\/media\/59418"}],"wp:attachment":[{"href":"https:\/\/educacaocomproposito.com.br\/index.php\/wp-json\/wp\/v2\/media?parent=59415"}],"wp:term":[{"taxonomy":"product_brand","embeddable":true,"href":"https:\/\/educacaocomproposito.com.br\/index.php\/wp-json\/wp\/v2\/product_brand?post=59415"},{"taxonomy":"product_cat","embeddable":true,"href":"https:\/\/educacaocomproposito.com.br\/index.php\/wp-json\/wp\/v2\/product_cat?post=59415"},{"taxonomy":"product_tag","embeddable":true,"href":"https:\/\/educacaocomproposito.com.br\/index.php\/wp-json\/wp\/v2\/product_tag?post=59415"}],"curies":[{"name":"wp","href":"https:\/\/api.w.org\/{rel}","templated":true}]}}