{"id":59872,"date":"2025-08-17T21:02:25","date_gmt":"2025-08-18T00:02:25","guid":{"rendered":"https:\/\/educacaocomproposito.com.br\/?post_type=product&#038;p=59872"},"modified":"2025-08-25T16:04:36","modified_gmt":"2025-08-25T19:04:36","slug":"cesta-personalizada-dia-do-coordenador-pedagogico-e-supervisor-escolar-2025","status":"publish","type":"product","link":"https:\/\/educacaocomproposito.com.br\/index.php\/product\/cesta-personalizada-dia-do-coordenador-pedagogico-e-supervisor-escolar-2025\/","title":{"rendered":"Cesta Personalizada &#8211; Dia do Coordenador Pedag\u00f3gico e Supervisor Escolar 2025"},"content":{"rendered":"<p>\ud83d\udccc <strong>O arquivo cont\u00e9m:<\/strong><br \/><strong>Cesta personalizada<\/strong> com tags exclusivas para compor os mimos:<br \/>Tag para cookies \ud83c\udf6a<br \/>Tag para caixinha de brigadeiros ou Ferrero Rocher \ud83c\udf6b<br \/>Tag para sach\u00ea de caf\u00e9 \u2615<br \/>Tag para barra de chocolate &#8211; 80g \ud83c\udf6b<br \/><strong>Mini painel<\/strong> com espa\u00e7o para mensagem de afeto e foto.<br \/>Tudo pronto para imprimir e montar, garantindo um presente \u00fanico, emocionante e inesquec\u00edvel para essa data t\u00e3o especial.<br \/><em>As fotos s\u00e3o Edit\u00e1veis no Canva \u2013 vers\u00e3o Pro ou gratuita<\/em>.<br \/><strong>Dispon\u00edvel nas vers\u00f5es para Coordenador Pedag\u00f3gico e Supervisor Escolar. <br \/><\/strong><br \/><strong>Detalhes T\u00e9cnicos:<br \/><\/strong>\ud83d\udcc2 Arquivo em PDF pronto para impress\u00e3o, 100% digital. Arquivo parcialmente EDIT\u00c1VEL.<br \/>\u26a0\ufe0f N\u00e3o enviamos pelos CORREIOS.<br \/>\u26a0\ufe0f Aten\u00e7\u00e3o: Este produto n\u00e3o \u00e9 clipart e n\u00e3o disponibilizamos a arte aberta. O material \u00e9 fornecido exclusivamente em arquivos PDF. Uso pessoal, proibida a venda e revenda do material f\u00edsico ou digital.<\/p>\n<p><strong>\ud83d\udce5 Como acessar seu arquivo<br \/>Ap\u00f3s a confirma\u00e7\u00e3o do pagamento, voc\u00ea poder\u00e1 baixar o seu produto de tr\u00eas formas pr\u00e1ticas:<br \/><\/strong>1\ufe0f\u20e3 Via e-mail<br \/>Voc\u00ea receber\u00e1 um e-mail com o t\u00edtulo \u201cSeu arquivo chegou\u201d.<br \/>Lembre-se de verificar tamb\u00e9m a caixa de Spam\/Lixo eletr\u00f4nico.<br \/>Para baixar, clique em todos os t\u00edtulos destacados e sublinhados na se\u00e7\u00e3o de Downloads.<br \/>2\ufe0f\u20e3 Via WhatsApp<br \/>Voc\u00ea receber\u00e1 uma mensagem autom\u00e1tica em seu WhatsApp.<br \/>Para receber o arquivo por l\u00e1, basta clicar no bot\u00e3o: \u201cRECEBER meu pedido aqui\u201d.<br \/>3\ufe0f\u20e3 Na sua \u00c1rea do Cliente (site)<br \/>Clique nas tr\u00eas linhas no canto superior esquerdo.<br \/>Acesse Minha Conta &gt; Downloads.<br \/>Baixe diretamente todos os produtos adquiridos.<br \/><strong>\ud83d\udccc Qualquer d\u00favida, nosso suporte est\u00e1 \u00e0 disposi\u00e7\u00e3o:<br \/>(11) 94050-7483.<\/strong><\/p>\n","protected":false},"excerpt":{"rendered":"<p>Um presente especial para celebrar e valorizar o trabalho de quem guia, orienta e fortalece a nossa escola com dedica\u00e7\u00e3o e carinho.<\/p>\n","protected":false},"featured_media":59896,"comment_status":"open","ping_status":"closed","template":"","meta":{"bwfblock_default_font":"","_uf_show_specific_survey":0,"_uf_disable_surveys":false},"product_brand":[],"product_cat":[38,37],"product_tag":[70,47,109],"class_list":{"0":"post-59872","1":"product","2":"type-product","3":"status-publish","4":"has-post-thumbnail","6":"product_cat-coordenacao-pedagogica","7":"product_cat-datas-comemorativas","8":"product_tag-coordenacao-pedagogica","9":"product_tag-datas-comemorativas","10":"product_tag-dia-do-coordenador-pedago","12":"first","13":"instock","14":"sale","15":"downloadable","16":"virtual","17":"sold-individually","18":"purchasable","19":"product-type-simple"},"aioseo_notices":[],"_links":{"self":[{"href":"https:\/\/educacaocomproposito.com.br\/index.php\/wp-json\/wp\/v2\/product\/59872","targetHints":{"allow":["GET"]}}],"collection":[{"href":"https:\/\/educacaocomproposito.com.br\/index.php\/wp-json\/wp\/v2\/product"}],"about":[{"href":"https:\/\/educacaocomproposito.com.br\/index.php\/wp-json\/wp\/v2\/types\/product"}],"replies":[{"embeddable":true,"href":"https:\/\/educacaocomproposito.com.br\/index.php\/wp-json\/wp\/v2\/comments?post=59872"}],"version-history":[{"count":6,"href":"https:\/\/educacaocomproposito.com.br\/index.php\/wp-json\/wp\/v2\/product\/59872\/revisions"}],"predecessor-version":[{"id":61721,"href":"https:\/\/educacaocomproposito.com.br\/index.php\/wp-json\/wp\/v2\/product\/59872\/revisions\/61721"}],"wp:featuredmedia":[{"embeddable":true,"href":"https:\/\/educacaocomproposito.com.br\/index.php\/wp-json\/wp\/v2\/media\/59896"}],"wp:attachment":[{"href":"https:\/\/educacaocomproposito.com.br\/index.php\/wp-json\/wp\/v2\/media?parent=59872"}],"wp:term":[{"taxonomy":"product_brand","embeddable":true,"href":"https:\/\/educacaocomproposito.com.br\/index.php\/wp-json\/wp\/v2\/product_brand?post=59872"},{"taxonomy":"product_cat","embeddable":true,"href":"https:\/\/educacaocomproposito.com.br\/index.php\/wp-json\/wp\/v2\/product_cat?post=59872"},{"taxonomy":"product_tag","embeddable":true,"href":"https:\/\/educacaocomproposito.com.br\/index.php\/wp-json\/wp\/v2\/product_tag?post=59872"}],"curies":[{"name":"wp","href":"https:\/\/api.w.org\/{rel}","templated":true}]}}