{"id":60105,"date":"2025-08-18T19:00:06","date_gmt":"2025-08-18T22:00:06","guid":{"rendered":"https:\/\/educacaocomproposito.com.br\/?post_type=product&#038;p=60105"},"modified":"2025-08-25T16:03:36","modified_gmt":"2025-08-25T19:03:36","slug":"kit-digital-semana-nacional-da-pessoa-com-deficiencia-intelectual-e-multipla-2025","status":"publish","type":"product","link":"https:\/\/educacaocomproposito.com.br\/index.php\/product\/kit-digital-semana-nacional-da-pessoa-com-deficiencia-intelectual-e-multipla-2025\/","title":{"rendered":"Kit Digital \u2013 Semana Nacional da Pessoa com Defici\u00eancia Intelectual e M\u00faltipla 2025"},"content":{"rendered":"<p>O arquivo cont\u00e9m:<br \/>\u2705 <strong>Painel tem\u00e1tico<\/strong> \u2013 21 folhas A4 para compor um grande painel de impacto visual.<br \/>Medida aproximada: 133x76cm.<br \/>\u2705 <strong>Faixa<\/strong> \u2013 \u201cSemana Nacional da Pessoa com Defici\u00eancia Intelectual e M\u00faltipla\u201d \u2013 7 folhas A4.<br \/>Medida aproximada: 133&#215;25,5cm<br \/>\u2705 <strong>4 Plaquinhas informativas e inspiradoras<\/strong> \u2013 para ampliar o conhecimento e fortalecer reflex\u00f5es.<br \/>\u2705 <strong>Tag especial para bala ou Bis<\/strong> \u2013 lembrancinha simb\u00f3lica que refor\u00e7a a mensagem da campanha.<br \/>\u2705 <strong>Tutorial de montagem<\/strong> \u2013 passo a passo para facilitar a organiza\u00e7\u00e3o do material.<br \/>Tudo pronto para imprimir, montar e transformar o espa\u00e7o escolar em um ambiente de <strong>respeito, empatia e valoriza\u00e7\u00e3o da diversidade humana<\/strong>.<\/p>\n<p><strong>Detalhes T\u00e9cnicos:<br \/><\/strong>\ud83d\udcc2 <strong>Arquivo em PDF<\/strong>, pronto para impress\u00e3o. 100% digital.<br \/>\u26a0\ufe0f <strong>Arquivo N\u00c3O EDIT\u00c1VEL.<\/strong><br \/>\u26a0\ufe0f N\u00e3o enviamos pelos CORREIOS.<br \/>\u26a0\ufe0f Aten\u00e7\u00e3o: Este produto n\u00e3o \u00e9 clipart e n\u00e3o disponibilizamos a arte aberta. O material \u00e9 fornecido exclusivamente em arquivos PDF. Uso pessoal, proibida a venda e revenda do material f\u00edsico ou digital.<\/p>\n<p><strong>\ud83d\udce5 Como acessar seu arquivo<br \/>Ap\u00f3s a confirma\u00e7\u00e3o do pagamento, voc\u00ea poder\u00e1 baixar o seu produto de tr\u00eas formas pr\u00e1ticas:<br \/><\/strong>1\ufe0f\u20e3 Via e-mail<br \/>Voc\u00ea receber\u00e1 um e-mail com o t\u00edtulo \u201cSeu arquivo chegou\u201d.<br \/>Lembre-se de verificar tamb\u00e9m a caixa de Spam\/Lixo eletr\u00f4nico.<br \/>Para baixar, clique em todos os t\u00edtulos destacados e sublinhados na se\u00e7\u00e3o de Downloads.<br \/>2\ufe0f\u20e3 Via WhatsApp<br \/>Voc\u00ea receber\u00e1 uma mensagem autom\u00e1tica em seu WhatsApp.<br \/>Para receber o arquivo por l\u00e1, basta clicar no bot\u00e3o: \u201cRECEBER meu pedido aqui\u201d.<br \/>3\ufe0f\u20e3 Na sua \u00c1rea do Cliente (site)<br \/>Clique nas tr\u00eas linhas no canto superior esquerdo.<br \/>Acesse Minha Conta &gt; Downloads.<br \/>Baixe diretamente todos os produtos adquiridos.<br \/><strong>\ud83d\udccc Qualquer d\u00favida, nosso suporte est\u00e1 \u00e0 disposi\u00e7\u00e3o:<br \/>(11) 94050-7483.<\/strong><\/p>\n","protected":false},"excerpt":{"rendered":"<p>Celebre esta data t\u00e3o significativa com um material completo, desenvolvido para apoiar a\u00e7\u00f5es de conscientiza\u00e7\u00e3o, di\u00e1logo e inclus\u00e3o dentro do ambiente escolar. Inspirado na identidade visual oficial da APAE para 2025, este kit traz mensagens que refor\u00e7am o tema:<br \/>\u2728 <em>Defici\u00eancia n\u00e3o define. Oportunidade transforma. Inclua nossa voz!<\/em><\/p>\n","protected":false},"featured_media":60122,"comment_status":"open","ping_status":"closed","template":"","meta":{"bwfblock_default_font":"","_uf_show_specific_survey":0,"_uf_disable_surveys":false},"product_brand":[],"product_cat":[37,44],"product_tag":[47,45],"class_list":{"0":"post-60105","1":"product","2":"type-product","3":"status-publish","4":"has-post-thumbnail","6":"product_cat-datas-comemorativas","7":"product_cat-inclusao","8":"product_tag-datas-comemorativas","9":"product_tag-inclusao","11":"first","12":"instock","13":"sale","14":"downloadable","15":"virtual","16":"sold-individually","17":"taxable","18":"purchasable","19":"product-type-simple"},"aioseo_notices":[],"_links":{"self":[{"href":"https:\/\/educacaocomproposito.com.br\/index.php\/wp-json\/wp\/v2\/product\/60105","targetHints":{"allow":["GET"]}}],"collection":[{"href":"https:\/\/educacaocomproposito.com.br\/index.php\/wp-json\/wp\/v2\/product"}],"about":[{"href":"https:\/\/educacaocomproposito.com.br\/index.php\/wp-json\/wp\/v2\/types\/product"}],"replies":[{"embeddable":true,"href":"https:\/\/educacaocomproposito.com.br\/index.php\/wp-json\/wp\/v2\/comments?post=60105"}],"version-history":[{"count":4,"href":"https:\/\/educacaocomproposito.com.br\/index.php\/wp-json\/wp\/v2\/product\/60105\/revisions"}],"predecessor-version":[{"id":61720,"href":"https:\/\/educacaocomproposito.com.br\/index.php\/wp-json\/wp\/v2\/product\/60105\/revisions\/61720"}],"wp:featuredmedia":[{"embeddable":true,"href":"https:\/\/educacaocomproposito.com.br\/index.php\/wp-json\/wp\/v2\/media\/60122"}],"wp:attachment":[{"href":"https:\/\/educacaocomproposito.com.br\/index.php\/wp-json\/wp\/v2\/media?parent=60105"}],"wp:term":[{"taxonomy":"product_brand","embeddable":true,"href":"https:\/\/educacaocomproposito.com.br\/index.php\/wp-json\/wp\/v2\/product_brand?post=60105"},{"taxonomy":"product_cat","embeddable":true,"href":"https:\/\/educacaocomproposito.com.br\/index.php\/wp-json\/wp\/v2\/product_cat?post=60105"},{"taxonomy":"product_tag","embeddable":true,"href":"https:\/\/educacaocomproposito.com.br\/index.php\/wp-json\/wp\/v2\/product_tag?post=60105"}],"curies":[{"name":"wp","href":"https:\/\/api.w.org\/{rel}","templated":true}]}}