{"id":61042,"date":"2025-08-21T20:10:01","date_gmt":"2025-08-21T23:10:01","guid":{"rendered":"https:\/\/educacaocomproposito.com.br\/?post_type=product&#038;p=61042"},"modified":"2025-08-25T16:02:34","modified_gmt":"2025-08-25T19:02:34","slug":"kit-setembro-amarelo-mes-da-valorizacao-da-vida","status":"publish","type":"product","link":"https:\/\/educacaocomproposito.com.br\/index.php\/product\/kit-setembro-amarelo-mes-da-valorizacao-da-vida\/","title":{"rendered":"Kit \u2013 Setembro Amarelo | M\u00eas da Valoriza\u00e7\u00e3o da Vida"},"content":{"rendered":"<p>\ud83d\udccc O que voc\u00ea encontrar\u00e1 no kit:<br \/><strong>Painel Interativo Tem\u00e1tico<\/strong>: base em 21 folhas A4 (medida aproximada 128,5 x 73,5cm), com elementos que inspiram e acolhem.<br \/><strong>Borboletas em efeito 3D<\/strong>: para compor o painel com movimento e vida.<br \/><strong>Guarda-chuva decorativo<\/strong>: um cantinho instagram\u00e1vel e acolhedor para fotos e registros.<br \/><strong>Panfletos informativos<\/strong> com conte\u00fados essenciais:<br \/>O que \u00e9 o Setembro Amarelo<br \/>Sinais de alerta<br \/>Como ajudar algu\u00e9m em sofrimento<br \/>Onde buscar ajuda<br \/><strong>12 envelopes interativos<\/strong>: cada um com frases motivacionais e de acolhimento para gerar momentos de reflex\u00e3o e proximidade.<br \/><strong>3 modelos de lembrancinha criativa<\/strong>:<br \/>Tag para BIS<br \/>Tag para guarda-chuva de chocolate<br \/>Tag para pirulito<br \/><strong>Din\u00e2mica exclusiva<\/strong>: material de apoio preparado para Ensino Fundamental I, Ensino Fundamental II e Ensino M\u00e9dio.<br \/><strong>Caixa personalizada<\/strong>: para ser usada na din\u00e2mica ou como suporte para as lembrancinhas.<\/p>\n<p>\ud83c\udfaf Tudo pronto para imprimir e montar!<br \/>Um recurso pr\u00e1tico, bonito e cheio de significado, que valoriza a vida e promove a conscientiza\u00e7\u00e3o de forma leve, criativa e emocionante.<\/p>\n<p><strong>Detalhes T\u00e9cnicos:<br \/><\/strong>\ud83d\udcc2\u00a0<strong>Arquivo em PDF<\/strong>, pronto para impress\u00e3o. 100% digital.<strong> <\/strong><br \/>\u26a0\ufe0f\u00a0<strong>Arquivo N\u00c3O EDIT\u00c1VEL.<\/strong><br \/>\u26a0\ufe0f N\u00e3o enviamos pelos CORREIOS.<br \/>\u26a0\ufe0f Aten\u00e7\u00e3o: Este produto n\u00e3o \u00e9 clipart e n\u00e3o disponibilizamos a arte aberta. O material \u00e9 fornecido exclusivamente em arquivos PDF. Uso pessoal, proibida a venda e revenda do material f\u00edsico ou digital.<\/p>\n<p><strong>\ud83d\udce5 Como acessar seu arquivo<br \/>Ap\u00f3s a confirma\u00e7\u00e3o do pagamento, voc\u00ea poder\u00e1 baixar o seu produto de tr\u00eas formas pr\u00e1ticas:<br \/><\/strong>1\ufe0f\u20e3 Via e-mail<br \/>Voc\u00ea receber\u00e1 um e-mail com o t\u00edtulo \u201cSeu arquivo chegou\u201d.<br \/>Lembre-se de verificar tamb\u00e9m a caixa de Spam\/Lixo eletr\u00f4nico.<br \/>Para baixar, clique em todos os t\u00edtulos destacados e sublinhados na se\u00e7\u00e3o de Downloads.<br \/>2\ufe0f\u20e3 Via WhatsApp<br \/>Voc\u00ea receber\u00e1 uma mensagem autom\u00e1tica em seu WhatsApp.<br \/>Para receber o arquivo por l\u00e1, basta clicar no bot\u00e3o: \u201cRECEBER meu pedido aqui\u201d.<br \/>3\ufe0f\u20e3 Na sua \u00c1rea do Cliente (site)<br \/>Clique nas tr\u00eas linhas no canto superior esquerdo.<br \/>Acesse Minha Conta &gt; Downloads.<br \/>Baixe diretamente todos os produtos adquiridos.<br \/><strong>\ud83d\udccc Qualquer d\u00favida, nosso suporte est\u00e1 \u00e0 disposi\u00e7\u00e3o:<br \/>(11) 94050-7483.<\/strong><\/p>\n","protected":false},"excerpt":{"rendered":"<p>Transforme o m\u00eas de setembro em um momento de reflex\u00e3o, acolhimento e esperan\u00e7a com este <strong>kit completo<\/strong>, desenvolvido especialmente para educadores que desejam levar a campanha do <strong>Setembro Amarelo<\/strong> para dentro da escola de forma significativa e interativa.<\/p>\n","protected":false},"featured_media":61055,"comment_status":"open","ping_status":"closed","template":"","meta":{"bwfblock_default_font":"","_uf_show_specific_survey":0,"_uf_disable_surveys":false},"product_brand":[],"product_cat":[37,111],"product_tag":[47,112],"class_list":{"0":"post-61042","1":"product","2":"type-product","3":"status-publish","4":"has-post-thumbnail","6":"product_cat-datas-comemorativas","7":"product_cat-setembro-amarelo","8":"product_tag-datas-comemorativas","9":"product_tag-setembro-amarelo","11":"first","12":"instock","13":"sale","14":"downloadable","15":"virtual","16":"sold-individually","17":"taxable","18":"purchasable","19":"product-type-simple"},"aioseo_notices":[],"_links":{"self":[{"href":"https:\/\/educacaocomproposito.com.br\/index.php\/wp-json\/wp\/v2\/product\/61042","targetHints":{"allow":["GET"]}}],"collection":[{"href":"https:\/\/educacaocomproposito.com.br\/index.php\/wp-json\/wp\/v2\/product"}],"about":[{"href":"https:\/\/educacaocomproposito.com.br\/index.php\/wp-json\/wp\/v2\/types\/product"}],"replies":[{"embeddable":true,"href":"https:\/\/educacaocomproposito.com.br\/index.php\/wp-json\/wp\/v2\/comments?post=61042"}],"version-history":[{"count":4,"href":"https:\/\/educacaocomproposito.com.br\/index.php\/wp-json\/wp\/v2\/product\/61042\/revisions"}],"predecessor-version":[{"id":61719,"href":"https:\/\/educacaocomproposito.com.br\/index.php\/wp-json\/wp\/v2\/product\/61042\/revisions\/61719"}],"wp:featuredmedia":[{"embeddable":true,"href":"https:\/\/educacaocomproposito.com.br\/index.php\/wp-json\/wp\/v2\/media\/61055"}],"wp:attachment":[{"href":"https:\/\/educacaocomproposito.com.br\/index.php\/wp-json\/wp\/v2\/media?parent=61042"}],"wp:term":[{"taxonomy":"product_brand","embeddable":true,"href":"https:\/\/educacaocomproposito.com.br\/index.php\/wp-json\/wp\/v2\/product_brand?post=61042"},{"taxonomy":"product_cat","embeddable":true,"href":"https:\/\/educacaocomproposito.com.br\/index.php\/wp-json\/wp\/v2\/product_cat?post=61042"},{"taxonomy":"product_tag","embeddable":true,"href":"https:\/\/educacaocomproposito.com.br\/index.php\/wp-json\/wp\/v2\/product_tag?post=61042"}],"curies":[{"name":"wp","href":"https:\/\/api.w.org\/{rel}","templated":true}]}}