{"id":6145,"date":"2024-12-04T18:55:23","date_gmt":"2024-12-04T21:55:23","guid":{"rendered":"https:\/\/educacaocomproposito.com.br\/?post_type=product&#038;p=6145"},"modified":"2025-08-26T14:58:10","modified_gmt":"2025-08-26T17:58:10","slug":"combo-lembrancinhas-de-final-de-ano-2024","status":"publish","type":"product","link":"https:\/\/educacaocomproposito.com.br\/index.php\/product\/combo-lembrancinhas-de-final-de-ano-2024\/","title":{"rendered":"Combo &#8211; Lembrancinhas de Final de Ano 2024"},"content":{"rendered":"<p>\u2728 <strong>Itens Inclusos:<\/strong><br \/>1\ufe0f\u20e3 <strong>Calend\u00e1rio Natalino<\/strong>:<br \/>Personalize com suas fotos no Canva (vers\u00f5es gratuita ou paga).<br \/>Tamanhos dispon\u00edveis: A4 e A5.<br \/>2\ufe0f\u20e3 <strong>Cart\u00e3o ou Cartinha de Natal<\/strong>:<br \/>Customize com fotos e mensagens exclusivas no Canva.<br \/>Ideal para tornar cada presente ainda mais especial.<br \/>3\ufe0f\u20e3 <strong>Caixinha de Doces<\/strong>:<br \/>Dois temas dispon\u00edveis: Natal Noel e Natal Crist\u00e3o.<br \/>Perfeita para presentear com carinho e sabor.<br \/>\ud83c\udfa5 <strong>Facilidade na Personaliza\u00e7\u00e3o<\/strong><br \/>Cada arquivo acompanha <strong>v\u00eddeos tutoriais detalhados<\/strong> e <strong>links diretos para edi\u00e7\u00e3o<\/strong> no Canva. Assim, voc\u00ea pode editar as fotos de forma simples e pr\u00e1tica!<\/p>\n<p><strong>Detalhes T\u00e9cnicos:<\/strong><br \/>Arquivo 100% digital, pronto para impress\u00e3o. Alguns itens podem ser editados atrav\u00e9s do Cana Pago ou Gratuito. N\u00c3O ENVIAMOS PELOS CORREIOS.<\/p>\n<p><strong>\ud83d\udce5 Como acessar seu arquivo<br \/>Ap\u00f3s a confirma\u00e7\u00e3o do pagamento, voc\u00ea poder\u00e1 baixar o seu produto de tr\u00eas formas pr\u00e1ticas:<br \/><\/strong>1\ufe0f\u20e3 Via e-mail<br \/>Voc\u00ea receber\u00e1 um e-mail com o t\u00edtulo \u201cSeu arquivo chegou\u201d.<br \/>Lembre-se de verificar tamb\u00e9m a caixa de Spam\/Lixo eletr\u00f4nico.<br \/>Para baixar, clique em todos os t\u00edtulos destacados e sublinhados na se\u00e7\u00e3o de Downloads.<br \/>2\ufe0f\u20e3 Via WhatsApp<br \/>Voc\u00ea receber\u00e1 uma mensagem autom\u00e1tica em seu WhatsApp.<br \/>Para receber o arquivo por l\u00e1, basta clicar no bot\u00e3o: \u201cRECEBER meu pedido aqui\u201d.<br \/>3\ufe0f\u20e3 Na sua \u00c1rea do Cliente (site)<br \/>Clique nas tr\u00eas linhas no canto superior esquerdo.<br \/>Acesse Minha Conta &gt; Downloads.<br \/>Baixe diretamente todos os produtos adquiridos.<br \/><strong>\ud83d\udccc Qualquer d\u00favida, nosso suporte est\u00e1 \u00e0 disposi\u00e7\u00e3o:<br \/>(11) 94050-7483.<\/strong><\/p>\n","protected":false},"excerpt":{"rendered":"<p>\ud83c\udf84 <strong>Calend\u00e1rio Natalino &amp; Kit Personaliz\u00e1vel<\/strong> \ud83c\udf85<br \/>Encante neste Natal com um conjunto exclusivo de materiais edit\u00e1veis, perfeitos para celebrar a magia da \u00e9poca! Dispon\u00edvel em dois temas especiais: <strong>Natal Noel<\/strong>, para um toque divertido e encantador, e <strong>Natal Crist\u00e3o<\/strong>, refletindo o verdadeiro significado do Natal.<\/p>\n","protected":false},"featured_media":6146,"comment_status":"open","ping_status":"closed","template":"","meta":{"bwfblock_default_font":"","_uf_show_specific_survey":0,"_uf_disable_surveys":false},"product_brand":[],"product_cat":[37],"product_tag":[47],"class_list":{"0":"post-6145","1":"product","2":"type-product","3":"status-publish","4":"has-post-thumbnail","6":"product_cat-datas-comemorativas","7":"product_tag-datas-comemorativas","9":"first","10":"instock","11":"sale","12":"downloadable","13":"virtual","14":"sold-individually","15":"taxable","16":"purchasable","17":"product-type-simple"},"aioseo_notices":[],"_links":{"self":[{"href":"https:\/\/educacaocomproposito.com.br\/index.php\/wp-json\/wp\/v2\/product\/6145","targetHints":{"allow":["GET"]}}],"collection":[{"href":"https:\/\/educacaocomproposito.com.br\/index.php\/wp-json\/wp\/v2\/product"}],"about":[{"href":"https:\/\/educacaocomproposito.com.br\/index.php\/wp-json\/wp\/v2\/types\/product"}],"replies":[{"embeddable":true,"href":"https:\/\/educacaocomproposito.com.br\/index.php\/wp-json\/wp\/v2\/comments?post=6145"}],"version-history":[{"count":2,"href":"https:\/\/educacaocomproposito.com.br\/index.php\/wp-json\/wp\/v2\/product\/6145\/revisions"}],"predecessor-version":[{"id":62000,"href":"https:\/\/educacaocomproposito.com.br\/index.php\/wp-json\/wp\/v2\/product\/6145\/revisions\/62000"}],"wp:featuredmedia":[{"embeddable":true,"href":"https:\/\/educacaocomproposito.com.br\/index.php\/wp-json\/wp\/v2\/media\/6146"}],"wp:attachment":[{"href":"https:\/\/educacaocomproposito.com.br\/index.php\/wp-json\/wp\/v2\/media?parent=6145"}],"wp:term":[{"taxonomy":"product_brand","embeddable":true,"href":"https:\/\/educacaocomproposito.com.br\/index.php\/wp-json\/wp\/v2\/product_brand?post=6145"},{"taxonomy":"product_cat","embeddable":true,"href":"https:\/\/educacaocomproposito.com.br\/index.php\/wp-json\/wp\/v2\/product_cat?post=6145"},{"taxonomy":"product_tag","embeddable":true,"href":"https:\/\/educacaocomproposito.com.br\/index.php\/wp-json\/wp\/v2\/product_tag?post=6145"}],"curies":[{"name":"wp","href":"https:\/\/api.w.org\/{rel}","templated":true}]}}