{"id":62272,"date":"2025-08-27T19:13:47","date_gmt":"2025-08-27T22:13:47","guid":{"rendered":"https:\/\/educacaocomproposito.com.br\/?post_type=product&#038;p=62272"},"modified":"2025-08-29T22:18:12","modified_gmt":"2025-08-30T01:18:12","slug":"e-book-guia-do-coordenador-saude-emocional-do-educador-e-escuta-ativa-no-ambiente-escolar","status":"publish","type":"product","link":"https:\/\/educacaocomproposito.com.br\/index.php\/product\/e-book-guia-do-coordenador-saude-emocional-do-educador-e-escuta-ativa-no-ambiente-escolar\/","title":{"rendered":"E-book \u2013 Guia do Coordenador:  Sa\u00fade emocional do educador e escuta ativa no ambiente escolar"},"content":{"rendered":"<p><strong>O que voc\u00ea vai encontrar no e-book:<\/strong><\/p>\n<p>&#8211; Fundamentos da sa\u00fade emocional do professor: por que ela \u00e9 condi\u00e7\u00e3o essencial para a aprendizagem.<br \/>&#8211; O papel do coordenador: como agir como mediador e guardi\u00e3o do clima escolar.<br \/>&#8211; Estrat\u00e9gias de escuta ativa: scripts prontos, t\u00e9cnicas e perguntas disparadoras.<br \/>&#8211; Orienta\u00e7\u00f5es de aplica\u00e7\u00e3o na pr\u00e1tica: passo a passo para rodas de escuta, registros e protocolos de acolhimento.<\/p>\n<p><strong>Voc\u00ea tamb\u00e9m ter\u00e1 acesso a: <\/strong><\/p>\n<p>&#8211; Painel visual para apresentar e dar in\u00edcio ao projeto na escola.<br \/>&#8211; Lembrancinha interativa \u201cSua voz importa\u201d: com QR Code para acesso r\u00e1pido ao acompanhamento semanal.<br \/>&#8211; Tutorial para cria\u00e7\u00e3o de formul\u00e1rio no Google Forms: voc\u00ea aprender\u00e1 a montar o seu pr\u00f3prio do zero, simples e funcional.<\/p>\n<p><strong>Por que o formul\u00e1rio \u00e9 importante?<\/strong><\/p>\n<p>O formul\u00e1rio semanal \u00e9 um canal sigiloso e r\u00e1pido para que professores compartilhem como est\u00e3o se sentindo. Ele possibilita ao coordenador acompanhar a sa\u00fade emocional da equipe, identificar sinais de alerta e agir preventivamente, fortalecendo v\u00ednculos e evitando desgastes maiores.<\/p>\n<p><strong>Detalhes T\u00e9cnicos:<br \/><\/strong>\ud83d\udcc2\u00a0<strong>Arquivo em PDF<\/strong>, pronto para impress\u00e3o. 100% digital.<br \/>\u26a0\ufe0f\u00a0<strong>Arquivo N\u00c3O EDIT\u00c1VEL.<\/strong><br \/>\u26a0\ufe0f N\u00e3o enviamos pelos CORREIOS.<br \/>\u26a0\ufe0f Aten\u00e7\u00e3o: Este produto n\u00e3o \u00e9 clipart e n\u00e3o disponibilizamos a arte aberta. O material \u00e9 fornecido exclusivamente em arquivos PDF. Uso pessoal, proibida a venda e revenda do material f\u00edsico ou digital.<br \/><strong>\ud83d\udce5 Como acessar seu arquivo<br \/>Ap\u00f3s a confirma\u00e7\u00e3o do pagamento, voc\u00ea poder\u00e1 baixar o seu produto de tr\u00eas formas pr\u00e1ticas:<br \/><\/strong>1\ufe0f\u20e3 Via e-mail<br \/>Voc\u00ea receber\u00e1 um e-mail com o t\u00edtulo \u201cSeu arquivo chegou\u201d.<br \/>Lembre-se de verificar tamb\u00e9m a caixa de Spam\/Lixo eletr\u00f4nico.<br \/>Para baixar, clique em todos os t\u00edtulos destacados e sublinhados na se\u00e7\u00e3o de Downloads.<br \/>2\ufe0f\u20e3 Via WhatsApp<br \/>Voc\u00ea receber\u00e1 uma mensagem autom\u00e1tica em seu WhatsApp.<br \/>Para receber o arquivo por l\u00e1, basta clicar no bot\u00e3o: \u201cRECEBER meu pedido aqui\u201d.<br \/>3\ufe0f\u20e3 Na sua \u00c1rea do Cliente (site)<br \/>Clique nas tr\u00eas linhas no canto superior esquerdo.<br \/>Acesse Minha Conta &gt; Downloads.<br \/>Baixe diretamente todos os produtos adquiridos.<br \/><strong>\ud83d\udccc Qualquer d\u00favida, nosso suporte est\u00e1 \u00e0 disposi\u00e7\u00e3o:<br \/>(11) 94050-7483.<\/strong><\/p>\n","protected":false},"excerpt":{"rendered":"<p>Este material foi desenvolvido para apoiar coordenadores e gestores escolares na cria\u00e7\u00e3o de uma cultura de cuidado e escuta ativa dentro das escolas. Mais do que teoria, ele traz ferramentas pr\u00e1ticas para fortalecer a sa\u00fade emocional dos educadores e tornar o ambiente escolar mais humano e acolhedor.<\/p>\n","protected":false},"featured_media":62284,"comment_status":"open","ping_status":"closed","template":"","meta":{"bwfblock_default_font":"","_uf_show_specific_survey":0,"_uf_disable_surveys":false},"product_brand":[],"product_cat":[38],"product_tag":[70],"class_list":{"0":"post-62272","1":"product","2":"type-product","3":"status-publish","4":"has-post-thumbnail","6":"product_cat-coordenacao-pedagogica","7":"product_tag-coordenacao-pedagogica","9":"first","10":"instock","11":"sale","12":"downloadable","13":"virtual","14":"sold-individually","15":"purchasable","16":"product-type-simple"},"aioseo_notices":[],"_links":{"self":[{"href":"https:\/\/educacaocomproposito.com.br\/index.php\/wp-json\/wp\/v2\/product\/62272","targetHints":{"allow":["GET"]}}],"collection":[{"href":"https:\/\/educacaocomproposito.com.br\/index.php\/wp-json\/wp\/v2\/product"}],"about":[{"href":"https:\/\/educacaocomproposito.com.br\/index.php\/wp-json\/wp\/v2\/types\/product"}],"replies":[{"embeddable":true,"href":"https:\/\/educacaocomproposito.com.br\/index.php\/wp-json\/wp\/v2\/comments?post=62272"}],"version-history":[{"count":1,"href":"https:\/\/educacaocomproposito.com.br\/index.php\/wp-json\/wp\/v2\/product\/62272\/revisions"}],"predecessor-version":[{"id":62276,"href":"https:\/\/educacaocomproposito.com.br\/index.php\/wp-json\/wp\/v2\/product\/62272\/revisions\/62276"}],"wp:featuredmedia":[{"embeddable":true,"href":"https:\/\/educacaocomproposito.com.br\/index.php\/wp-json\/wp\/v2\/media\/62284"}],"wp:attachment":[{"href":"https:\/\/educacaocomproposito.com.br\/index.php\/wp-json\/wp\/v2\/media?parent=62272"}],"wp:term":[{"taxonomy":"product_brand","embeddable":true,"href":"https:\/\/educacaocomproposito.com.br\/index.php\/wp-json\/wp\/v2\/product_brand?post=62272"},{"taxonomy":"product_cat","embeddable":true,"href":"https:\/\/educacaocomproposito.com.br\/index.php\/wp-json\/wp\/v2\/product_cat?post=62272"},{"taxonomy":"product_tag","embeddable":true,"href":"https:\/\/educacaocomproposito.com.br\/index.php\/wp-json\/wp\/v2\/product_tag?post=62272"}],"curies":[{"name":"wp","href":"https:\/\/api.w.org\/{rel}","templated":true}]}}