{"id":63146,"date":"2025-09-01T18:00:52","date_gmt":"2025-09-01T21:00:52","guid":{"rendered":"https:\/\/educacaocomproposito.com.br\/?post_type=product&#038;p=63146"},"modified":"2025-09-21T00:16:08","modified_gmt":"2025-09-21T03:16:08","slug":"arquivo-digital-dia-da-arvore-2025","status":"publish","type":"product","link":"https:\/\/educacaocomproposito.com.br\/index.php\/product\/arquivo-digital-dia-da-arvore-2025\/","title":{"rendered":"Arquivo Digital \u2013 Dia da \u00c1rvore 2025"},"content":{"rendered":"<p>\u2728 <strong>O kit digital inclui:<\/strong><br \/>\ud83d\udcc4 <strong>Orienta\u00e7\u00f5es para o professor<\/strong> \u2013 passo a passo detalhado de aplica\u00e7\u00e3o.<br \/>\ud83c\udfa5 <strong>V\u00eddeo tutorial<\/strong> para auxiliar na montagem e edi\u00e7\u00e3o.<br \/>\ud83d\udda5\ufe0f <strong>Arquivo edit\u00e1vel<\/strong> para personaliza\u00e7\u00e3o do material.<br \/>\ud83c\udfa8 <strong>Atividade de registro colorida<\/strong> (\u00e1rvore para pintura e intera\u00e7\u00e3o).<br \/>\u270f\ufe0f <strong>Atividade de registro em preto e branco<\/strong> para colorir e completar.<br \/>\ud83d\udd16 <strong>TAG \u2013 Dia da \u00c1rvore<\/strong> para colar no copinho.<\/p>\n<p><strong>Detalhes T\u00e9cnicos:<br \/><\/strong>\ud83d\udcc2\u00a0<strong>Arquivo em PDF<\/strong>, pronto para impress\u00e3o. 100% digital.<br \/>\u26a0\ufe0f\u00a0<strong>Arquivo Parcialmente Edit\u00e1vel.<\/strong><br \/>\u26a0\ufe0f N\u00e3o enviamos pelos CORREIOS.<br \/>\u26a0\ufe0f Aten\u00e7\u00e3o: Este produto n\u00e3o \u00e9 clipart e n\u00e3o disponibilizamos a arte aberta. O material \u00e9 fornecido exclusivamente em arquivos PDF. Uso pessoal, proibida a venda e revenda do material f\u00edsico ou digital.<\/p>\n<p><strong>\ud83d\udce5 Como acessar seu arquivo<br \/>Ap\u00f3s a confirma\u00e7\u00e3o do pagamento, voc\u00ea poder\u00e1 baixar o seu produto de tr\u00eas formas pr\u00e1ticas:<br \/><\/strong>1\ufe0f\u20e3 Via e-mail<br \/>Voc\u00ea receber\u00e1 um e-mail com o t\u00edtulo \u201cSeu arquivo chegou\u201d.<br \/>Lembre-se de verificar tamb\u00e9m a caixa de Spam\/Lixo eletr\u00f4nico.<br \/>Para baixar, clique em todos os t\u00edtulos destacados e sublinhados na se\u00e7\u00e3o de Downloads.<br \/>2\ufe0f\u20e3 Via WhatsApp<br \/>Voc\u00ea receber\u00e1 uma mensagem autom\u00e1tica em seu WhatsApp.<br \/>Para receber o arquivo por l\u00e1, basta clicar no bot\u00e3o: \u201cRECEBER meu pedido aqui\u201d.<br \/>3\ufe0f\u20e3 Na sua \u00c1rea do Cliente (site)<br \/>Clique nas tr\u00eas linhas no canto superior esquerdo.<br \/>Acesse Minha Conta &gt; Downloads.<br \/>Baixe diretamente todos os produtos adquiridos.<br \/><strong>\ud83d\udccc Qualquer d\u00favida, nosso suporte est\u00e1 \u00e0 disposi\u00e7\u00e3o:<br \/>(11) 94050-7483.<\/strong><\/p>\n","protected":false},"excerpt":{"rendered":"<p>O <strong>Arquivo Digital \u2013 Dia da \u00c1rvore<\/strong> foi preparado com muito carinho para tornar essa data ainda mais significativa na sua escola. O material \u00e9 totalmente <strong>interativo e personalizado<\/strong>, incentivando as crian\u00e7as a refletirem sobre a import\u00e2ncia do cuidado com a natureza e a participarem ativamente do processo criativo.<\/p>\n","protected":false},"featured_media":63147,"comment_status":"open","ping_status":"closed","template":"","meta":{"bwfblock_default_font":"","_uf_show_specific_survey":0,"_uf_disable_surveys":false},"product_brand":[],"product_cat":[37],"product_tag":[47,113],"class_list":{"0":"post-63146","1":"product","2":"type-product","3":"status-publish","4":"has-post-thumbnail","6":"product_cat-datas-comemorativas","7":"product_tag-datas-comemorativas","8":"product_tag-dia-da-arvore","10":"first","11":"instock","12":"sale","13":"downloadable","14":"virtual","15":"sold-individually","16":"taxable","17":"purchasable","18":"product-type-simple"},"aioseo_notices":[],"_links":{"self":[{"href":"https:\/\/educacaocomproposito.com.br\/index.php\/wp-json\/wp\/v2\/product\/63146","targetHints":{"allow":["GET"]}}],"collection":[{"href":"https:\/\/educacaocomproposito.com.br\/index.php\/wp-json\/wp\/v2\/product"}],"about":[{"href":"https:\/\/educacaocomproposito.com.br\/index.php\/wp-json\/wp\/v2\/types\/product"}],"replies":[{"embeddable":true,"href":"https:\/\/educacaocomproposito.com.br\/index.php\/wp-json\/wp\/v2\/comments?post=63146"}],"version-history":[{"count":1,"href":"https:\/\/educacaocomproposito.com.br\/index.php\/wp-json\/wp\/v2\/product\/63146\/revisions"}],"predecessor-version":[{"id":63159,"href":"https:\/\/educacaocomproposito.com.br\/index.php\/wp-json\/wp\/v2\/product\/63146\/revisions\/63159"}],"wp:featuredmedia":[{"embeddable":true,"href":"https:\/\/educacaocomproposito.com.br\/index.php\/wp-json\/wp\/v2\/media\/63147"}],"wp:attachment":[{"href":"https:\/\/educacaocomproposito.com.br\/index.php\/wp-json\/wp\/v2\/media?parent=63146"}],"wp:term":[{"taxonomy":"product_brand","embeddable":true,"href":"https:\/\/educacaocomproposito.com.br\/index.php\/wp-json\/wp\/v2\/product_brand?post=63146"},{"taxonomy":"product_cat","embeddable":true,"href":"https:\/\/educacaocomproposito.com.br\/index.php\/wp-json\/wp\/v2\/product_cat?post=63146"},{"taxonomy":"product_tag","embeddable":true,"href":"https:\/\/educacaocomproposito.com.br\/index.php\/wp-json\/wp\/v2\/product_tag?post=63146"}],"curies":[{"name":"wp","href":"https:\/\/api.w.org\/{rel}","templated":true}]}}