{"id":63842,"date":"2025-09-03T19:42:57","date_gmt":"2025-09-03T22:42:57","guid":{"rendered":"https:\/\/educacaocomproposito.com.br\/?post_type=product&#038;p=63842"},"modified":"2025-09-03T20:03:12","modified_gmt":"2025-09-03T23:03:12","slug":"acolhida-para-professores-saude-emocional","status":"publish","type":"product","link":"https:\/\/educacaocomproposito.com.br\/index.php\/product\/acolhida-para-professores-saude-emocional\/","title":{"rendered":"Acolhida para Professores &#8211; Sa\u00fade Emocional"},"content":{"rendered":"<p>O kit inclui:<br \/><strong>Painel tem\u00e1tico e interativo<\/strong> (aprox. 108 x 67 cm \u2013 total de 18 folhas A4)<br \/>Com visual marcante e linguagem acolhedora, ideal para criar um espa\u00e7o de reflex\u00e3o e cuidado coletivo.<br \/><strong>Din\u00e2mica \u201cDas Correntes ao Florescer\u201d<\/strong><br \/>Atividade simb\u00f3lica e emocionante, que vem acompanhada de orienta\u00e7\u00f5es detalhadas e materiais de apoio para aplica\u00e7\u00e3o com sua equipe.<br \/><strong>Tag para bombom \u2013 lembrancinha<\/strong><br \/>Um mimo especial para marcar o momento vivido, refor\u00e7ando a mensagem de esperan\u00e7a e o valor da vida.<br \/>\u2728 Este material \u00e9 mais que um recurso pedag\u00f3gico: \u00e9 um convite \u00e0 escuta, ao cuidado e ao fortalecimento do equil\u00edbrio emocional dos educadores.<\/p>\n<p><strong>Detalhes T\u00e9cnicos:<br \/><\/strong>\ud83d\udcc2\u00a0<strong>Arquivo em PDF<\/strong>, pronto para impress\u00e3o. 100% digital.<br \/>\u26a0\ufe0f\u00a0<strong>Arquivo N\u00c3O Edit\u00e1vel.<\/strong><br \/>\u26a0\ufe0f N\u00e3o enviamos pelos CORREIOS.<br \/>\u26a0\ufe0f Aten\u00e7\u00e3o: Este produto n\u00e3o \u00e9 clipart e n\u00e3o disponibilizamos a arte aberta. O material \u00e9 fornecido exclusivamente em arquivos PDF. Uso pessoal, proibida a venda e revenda do material f\u00edsico ou digital.<\/p>\n<p><strong>\ud83d\udce5 Como acessar seu arquivo<br \/>Ap\u00f3s a confirma\u00e7\u00e3o do pagamento, voc\u00ea poder\u00e1 baixar o seu produto de tr\u00eas formas pr\u00e1ticas:<br \/><\/strong>1\ufe0f\u20e3 Via e-mail<br \/>Voc\u00ea receber\u00e1 um e-mail com o t\u00edtulo \u201cSeu arquivo chegou\u201d.<br \/>Lembre-se de verificar tamb\u00e9m a caixa de Spam\/Lixo eletr\u00f4nico.<br \/>Para baixar, clique em todos os t\u00edtulos destacados e sublinhados na se\u00e7\u00e3o de Downloads.<br \/>2\ufe0f\u20e3 Via WhatsApp<br \/>Voc\u00ea receber\u00e1 uma mensagem autom\u00e1tica em seu WhatsApp.<br \/>Para receber o arquivo por l\u00e1, basta clicar no bot\u00e3o: \u201cRECEBER meu pedido aqui\u201d.<br \/>3\ufe0f\u20e3 Na sua \u00c1rea do Cliente (site)<br \/>Clique nas tr\u00eas linhas no canto superior esquerdo.<br \/>Acesse Minha Conta &gt; Downloads.<br \/>Baixe diretamente todos os produtos adquiridos.<br \/><strong>\ud83d\udccc Qualquer d\u00favida, nosso suporte est\u00e1 \u00e0 disposi\u00e7\u00e3o:<br \/>(11) 94050-7483.<\/strong><\/p>\n","protected":false},"excerpt":{"rendered":"<p>Este kit foi preparado com muito carinho para apoiar o trabalho de acolhimento e valoriza\u00e7\u00e3o da vida no ambiente escolar, promovendo momentos de reflex\u00e3o profunda e de fortalecimento emocional junto ao corpo docente.<\/p>\n","protected":false},"featured_media":63850,"comment_status":"open","ping_status":"closed","template":"","meta":{"bwfblock_default_font":"","_uf_show_specific_survey":0,"_uf_disable_surveys":false},"product_brand":[],"product_cat":[38,111],"product_tag":[70,112],"class_list":{"0":"post-63842","1":"product","2":"type-product","3":"status-publish","4":"has-post-thumbnail","6":"product_cat-coordenacao-pedagogica","7":"product_cat-setembro-amarelo","8":"product_tag-coordenacao-pedagogica","9":"product_tag-setembro-amarelo","11":"first","12":"instock","13":"sale","14":"downloadable","15":"virtual","16":"sold-individually","17":"taxable","18":"purchasable","19":"product-type-simple"},"aioseo_notices":[],"_links":{"self":[{"href":"https:\/\/educacaocomproposito.com.br\/index.php\/wp-json\/wp\/v2\/product\/63842","targetHints":{"allow":["GET"]}}],"collection":[{"href":"https:\/\/educacaocomproposito.com.br\/index.php\/wp-json\/wp\/v2\/product"}],"about":[{"href":"https:\/\/educacaocomproposito.com.br\/index.php\/wp-json\/wp\/v2\/types\/product"}],"replies":[{"embeddable":true,"href":"https:\/\/educacaocomproposito.com.br\/index.php\/wp-json\/wp\/v2\/comments?post=63842"}],"version-history":[{"count":1,"href":"https:\/\/educacaocomproposito.com.br\/index.php\/wp-json\/wp\/v2\/product\/63842\/revisions"}],"predecessor-version":[{"id":63863,"href":"https:\/\/educacaocomproposito.com.br\/index.php\/wp-json\/wp\/v2\/product\/63842\/revisions\/63863"}],"wp:featuredmedia":[{"embeddable":true,"href":"https:\/\/educacaocomproposito.com.br\/index.php\/wp-json\/wp\/v2\/media\/63850"}],"wp:attachment":[{"href":"https:\/\/educacaocomproposito.com.br\/index.php\/wp-json\/wp\/v2\/media?parent=63842"}],"wp:term":[{"taxonomy":"product_brand","embeddable":true,"href":"https:\/\/educacaocomproposito.com.br\/index.php\/wp-json\/wp\/v2\/product_brand?post=63842"},{"taxonomy":"product_cat","embeddable":true,"href":"https:\/\/educacaocomproposito.com.br\/index.php\/wp-json\/wp\/v2\/product_cat?post=63842"},{"taxonomy":"product_tag","embeddable":true,"href":"https:\/\/educacaocomproposito.com.br\/index.php\/wp-json\/wp\/v2\/product_tag?post=63842"}],"curies":[{"name":"wp","href":"https:\/\/api.w.org\/{rel}","templated":true}]}}