{"id":64222,"date":"2025-09-04T20:09:46","date_gmt":"2025-09-04T23:09:46","guid":{"rendered":"https:\/\/educacaocomproposito.com.br\/?post_type=product&#038;p=64222"},"modified":"2025-09-04T20:20:51","modified_gmt":"2025-09-04T23:20:51","slug":"atividade-digital-da-primavera-explore-o-jardim-e-registre-o-encanto-das-flores","status":"publish","type":"product","link":"https:\/\/educacaocomproposito.com.br\/index.php\/product\/atividade-digital-da-primavera-explore-o-jardim-e-registre-o-encanto-das-flores\/","title":{"rendered":"Atividade Digital da Primavera \u2013 Explore o Jardim e Registre o Encanto das Flores"},"content":{"rendered":"<p>\ud83d\udccc <strong>O que voc\u00ea vai encontrar no arquivo:<\/strong><br \/>&#8211; Arquivo <strong>edit\u00e1vel no Canva Pro ou gratuito<\/strong> para inserir a fotinho da crian\u00e7a;<br \/>&#8211; Op\u00e7\u00f5es de impress\u00e3o em <strong>colorido e para colorir<\/strong>;<br \/>&#8211; Orienta\u00e7\u00f5es detalhadas para aplica\u00e7\u00e3o em sala de aula;<br \/>&#8211; Sugest\u00e3o de viv\u00eancia: passeio pelo jardim da escola para estimular a curiosidade e o contato direto com as flores;<br \/>&#8211; Um recurso l\u00fadico e afetivo para trabalhar a <strong>chegada da primavera<\/strong>.<\/p>\n<p><strong>Detalhes T\u00e9cnicos:<br \/><\/strong>\ud83d\udcc2\u00a0<strong>Arquivo em PDF<\/strong>, pronto para impress\u00e3o. 100% digital.<br \/>\u26a0\ufe0f\u00a0<strong>Arquivo Parcialmente Edit\u00e1vel.<\/strong><br \/>\u26a0\ufe0f N\u00e3o enviamos pelos CORREIOS.<br \/>\u26a0\ufe0f Aten\u00e7\u00e3o: Este produto n\u00e3o \u00e9 clipart e n\u00e3o disponibilizamos a arte aberta. O material \u00e9 fornecido exclusivamente em arquivos PDF. Uso pessoal, proibida a venda e revenda do material f\u00edsico ou digital.<\/p>\n<p><strong>\ud83d\udce5 Como acessar seu arquivo<br \/>Ap\u00f3s a confirma\u00e7\u00e3o do pagamento, voc\u00ea poder\u00e1 baixar o seu produto de tr\u00eas formas pr\u00e1ticas:<br \/><\/strong>1\ufe0f\u20e3 Via e-mail<br \/>Voc\u00ea receber\u00e1 um e-mail com o t\u00edtulo \u201cSeu arquivo chegou\u201d.<br \/>Lembre-se de verificar tamb\u00e9m a caixa de Spam\/Lixo eletr\u00f4nico.<br \/>Para baixar, clique em todos os t\u00edtulos destacados e sublinhados na se\u00e7\u00e3o de Downloads.<br \/>2\ufe0f\u20e3 Via WhatsApp<br \/>Voc\u00ea receber\u00e1 uma mensagem autom\u00e1tica em seu WhatsApp.<br \/>Para receber o arquivo por l\u00e1, basta clicar no bot\u00e3o: \u201cRECEBER meu pedido aqui\u201d.<br \/>3\ufe0f\u20e3 Na sua \u00c1rea do Cliente (site)<br \/>Clique nas tr\u00eas linhas no canto superior esquerdo.<br \/>Acesse Minha Conta &gt; Downloads.<br \/>Baixe diretamente todos os produtos adquiridos.<br \/><strong>\ud83d\udccc Qualquer d\u00favida, nosso suporte est\u00e1 \u00e0 disposi\u00e7\u00e3o:<br \/>(11) 94050-7483.<\/strong><\/p>\n","protected":false},"excerpt":{"rendered":"<p>Este material foi pensado para proporcionar \u00e0s crian\u00e7as uma experi\u00eancia \u00fanica de contato com a natureza. A proposta \u00e9 simples e encantadora: explorar o jardim, observar as flores, registrar esse momento com uma foto e transformar tudo em uma lembran\u00e7a especial. \ud83c\udf3c\ud83c\udf3f<\/p>\n","protected":false},"featured_media":64229,"comment_status":"open","ping_status":"closed","template":"","meta":{"bwfblock_default_font":"","_uf_show_specific_survey":0,"_uf_disable_surveys":false},"product_brand":[],"product_cat":[37],"product_tag":[47],"class_list":{"0":"post-64222","1":"product","2":"type-product","3":"status-publish","4":"has-post-thumbnail","6":"product_cat-datas-comemorativas","7":"product_tag-datas-comemorativas","9":"first","10":"instock","11":"sale","12":"downloadable","13":"virtual","14":"sold-individually","15":"taxable","16":"purchasable","17":"product-type-simple"},"aioseo_notices":[],"_links":{"self":[{"href":"https:\/\/educacaocomproposito.com.br\/index.php\/wp-json\/wp\/v2\/product\/64222","targetHints":{"allow":["GET"]}}],"collection":[{"href":"https:\/\/educacaocomproposito.com.br\/index.php\/wp-json\/wp\/v2\/product"}],"about":[{"href":"https:\/\/educacaocomproposito.com.br\/index.php\/wp-json\/wp\/v2\/types\/product"}],"replies":[{"embeddable":true,"href":"https:\/\/educacaocomproposito.com.br\/index.php\/wp-json\/wp\/v2\/comments?post=64222"}],"version-history":[{"count":1,"href":"https:\/\/educacaocomproposito.com.br\/index.php\/wp-json\/wp\/v2\/product\/64222\/revisions"}],"predecessor-version":[{"id":64234,"href":"https:\/\/educacaocomproposito.com.br\/index.php\/wp-json\/wp\/v2\/product\/64222\/revisions\/64234"}],"wp:featuredmedia":[{"embeddable":true,"href":"https:\/\/educacaocomproposito.com.br\/index.php\/wp-json\/wp\/v2\/media\/64229"}],"wp:attachment":[{"href":"https:\/\/educacaocomproposito.com.br\/index.php\/wp-json\/wp\/v2\/media?parent=64222"}],"wp:term":[{"taxonomy":"product_brand","embeddable":true,"href":"https:\/\/educacaocomproposito.com.br\/index.php\/wp-json\/wp\/v2\/product_brand?post=64222"},{"taxonomy":"product_cat","embeddable":true,"href":"https:\/\/educacaocomproposito.com.br\/index.php\/wp-json\/wp\/v2\/product_cat?post=64222"},{"taxonomy":"product_tag","embeddable":true,"href":"https:\/\/educacaocomproposito.com.br\/index.php\/wp-json\/wp\/v2\/product_tag?post=64222"}],"curies":[{"name":"wp","href":"https:\/\/api.w.org\/{rel}","templated":true}]}}