{"id":65373,"date":"2025-09-09T10:48:57","date_gmt":"2025-09-09T13:48:57","guid":{"rendered":"https:\/\/educacaocomproposito.com.br\/?post_type=product&#038;p=65373"},"modified":"2025-09-09T17:58:23","modified_gmt":"2025-09-09T20:58:23","slug":"kit-de-reuniao-de-pais-e-responsaveis-florescer","status":"publish","type":"product","link":"https:\/\/educacaocomproposito.com.br\/index.php\/product\/kit-de-reuniao-de-pais-e-responsaveis-florescer\/","title":{"rendered":"Kit de Reuni\u00e3o de Pais e Respons\u00e1veis \u2013 Florescer"},"content":{"rendered":"<p>\u2728 <strong>O kit inclui:<\/strong><br \/><strong>Painel Tem\u00e1tico Grande<\/strong> \u2013 medida aproximada 128,5 x 79 cm (21 folhas A4)<br \/><strong>Painel Tem\u00e1tico Pequeno<\/strong> \u2013 medida aproximada 73,5 x 45 cm (8 folhas A4)<br \/><strong>3 Modelos de Lembrancinhas<\/strong><br \/>\u25b8 Tag para bala ou bis<br \/>\u25b8 Tag para sementes de girassol <em>(com espa\u00e7o para foto da crian\u00e7a \u2013 edit\u00e1vel no Canva gratuito ou Pro)<\/em><br \/>\u25b8 Tag para palitinho de sorvete <em>(com espa\u00e7o para foto da crian\u00e7a \u2013 edit\u00e1vel no Canva gratuito ou Pro)<\/em><br \/><strong>Folha de Pauta da Reuni\u00e3o<\/strong><br \/><strong>Folha de Lista de Presen\u00e7a<\/strong><br \/><strong>Texto Reflexivo \u201cO Jardineiro e a Colheita\u201d<\/strong> \u2013 para leitura e entrega aos pais e respons\u00e1veis<\/p>\n<p><strong>Detalhes T\u00e9cnicos:<br \/><\/strong>\ud83d\udcc2\u00a0<strong>Arquivo em PDF<\/strong>, pronto para impress\u00e3o. 100% digital.<br \/>\u26a0\ufe0f\u00a0<strong>Arquivo Parcialmente Edit\u00e1vel.<\/strong><br \/>\u26a0\ufe0f N\u00e3o enviamos pelos CORREIOS.<br \/>\u26a0\ufe0f Aten\u00e7\u00e3o: Este produto n\u00e3o \u00e9 clipart e n\u00e3o disponibilizamos a arte aberta. O material \u00e9 fornecido exclusivamente em arquivos PDF. Uso pessoal, proibida a venda e revenda do material f\u00edsico ou digital.<\/p>\n<p><strong>\ud83d\udce5 Como acessar seu arquivo<br \/>Ap\u00f3s a confirma\u00e7\u00e3o do pagamento, voc\u00ea poder\u00e1 baixar o seu produto de tr\u00eas formas pr\u00e1ticas:<br \/><\/strong>1\ufe0f\u20e3 Via e-mail<br \/>Voc\u00ea receber\u00e1 um e-mail com o t\u00edtulo \u201cSeu arquivo chegou\u201d.<br \/>Lembre-se de verificar tamb\u00e9m a caixa de Spam\/Lixo eletr\u00f4nico.<br \/>Para baixar, clique em todos os t\u00edtulos destacados e sublinhados na se\u00e7\u00e3o de Downloads.<br \/>2\ufe0f\u20e3 Via WhatsApp<br \/>Voc\u00ea receber\u00e1 uma mensagem autom\u00e1tica em seu WhatsApp.<br \/>Para receber o arquivo por l\u00e1, basta clicar no bot\u00e3o: \u201cRECEBER meu pedido aqui\u201d.<br \/>3\ufe0f\u20e3 Na sua \u00c1rea do Cliente (site)<br \/>Clique nas tr\u00eas linhas no canto superior esquerdo.<br \/>Acesse Minha Conta &gt; Downloads.<br \/>Baixe diretamente todos os produtos adquiridos.<br \/><strong>\ud83d\udccc Qualquer d\u00favida, nosso suporte est\u00e1 \u00e0 disposi\u00e7\u00e3o:<br \/>(11) 94050-7483.<\/strong><\/p>\n","protected":false},"excerpt":{"rendered":"<p>Transforme sua reuni\u00e3o em um momento especial de reflex\u00e3o e acolhimento!<br \/>Este kit foi cuidadosamente elaborado para valorizar a parceria entre <strong>fam\u00edlia e escola<\/strong>, trazendo o tema <strong>\u201cFlorescer\u201d<\/strong> como inspira\u00e7\u00e3o central: cada crian\u00e7a \u00e9 uma semente preciosa que cresce quando cuidada com amor e dedica\u00e7\u00e3o.<\/p>\n","protected":false},"featured_media":65516,"comment_status":"open","ping_status":"closed","template":"","meta":{"bwfblock_default_font":"","_uf_show_specific_survey":0,"_uf_disable_surveys":false},"product_brand":[],"product_cat":[42],"product_tag":[43],"class_list":{"0":"post-65373","1":"product","2":"type-product","3":"status-publish","4":"has-post-thumbnail","6":"product_cat-reuniao-de-pais","7":"product_tag-reuniao-de-pais","9":"first","10":"instock","11":"sale","12":"downloadable","13":"virtual","14":"sold-individually","15":"taxable","16":"purchasable","17":"product-type-simple"},"aioseo_notices":[],"_links":{"self":[{"href":"https:\/\/educacaocomproposito.com.br\/index.php\/wp-json\/wp\/v2\/product\/65373","targetHints":{"allow":["GET"]}}],"collection":[{"href":"https:\/\/educacaocomproposito.com.br\/index.php\/wp-json\/wp\/v2\/product"}],"about":[{"href":"https:\/\/educacaocomproposito.com.br\/index.php\/wp-json\/wp\/v2\/types\/product"}],"replies":[{"embeddable":true,"href":"https:\/\/educacaocomproposito.com.br\/index.php\/wp-json\/wp\/v2\/comments?post=65373"}],"version-history":[{"count":1,"href":"https:\/\/educacaocomproposito.com.br\/index.php\/wp-json\/wp\/v2\/product\/65373\/revisions"}],"predecessor-version":[{"id":65375,"href":"https:\/\/educacaocomproposito.com.br\/index.php\/wp-json\/wp\/v2\/product\/65373\/revisions\/65375"}],"wp:featuredmedia":[{"embeddable":true,"href":"https:\/\/educacaocomproposito.com.br\/index.php\/wp-json\/wp\/v2\/media\/65516"}],"wp:attachment":[{"href":"https:\/\/educacaocomproposito.com.br\/index.php\/wp-json\/wp\/v2\/media?parent=65373"}],"wp:term":[{"taxonomy":"product_brand","embeddable":true,"href":"https:\/\/educacaocomproposito.com.br\/index.php\/wp-json\/wp\/v2\/product_brand?post=65373"},{"taxonomy":"product_cat","embeddable":true,"href":"https:\/\/educacaocomproposito.com.br\/index.php\/wp-json\/wp\/v2\/product_cat?post=65373"},{"taxonomy":"product_tag","embeddable":true,"href":"https:\/\/educacaocomproposito.com.br\/index.php\/wp-json\/wp\/v2\/product_tag?post=65373"}],"curies":[{"name":"wp","href":"https:\/\/api.w.org\/{rel}","templated":true}]}}