{"id":65845,"date":"2025-09-10T18:12:16","date_gmt":"2025-09-10T21:12:16","guid":{"rendered":"https:\/\/educacaocomproposito.com.br\/?post_type=product&#038;p=65845"},"modified":"2025-09-20T08:58:20","modified_gmt":"2025-09-20T11:58:20","slug":"arquivo-digital-sacola-mimo-dia-dos-professores","status":"publish","type":"product","link":"https:\/\/educacaocomproposito.com.br\/index.php\/product\/arquivo-digital-sacola-mimo-dia-dos-professores\/","title":{"rendered":"Arquivo Digital \u2013 Sacola Mimo | Dia dos Professores 2025"},"content":{"rendered":"<p><strong>O arquivo cont\u00e9m:<br \/><\/strong>&#8211; Caixinha para caixa de Bis | Barra de chocolate ou mimos<br \/>&#8211; Molde de corte em EVA<br \/>&#8211; Caixinha para suculenta<br \/>&#8211; Foto Personaliz\u00e1vel no Canva (Pro ou Gratuito) | Acompanha Tutorial<br \/>&#8211; Acesso a tutoriais de montagem em v\u00eddeo. <br \/>&#8211; Orienta\u00e7\u00f5es detalhadas para uso e personaliza\u00e7\u00e3o<br \/>\ud83d\udcd0 Tamanho: A4 (utiliza at\u00e9 3 folhas para cada lembrancinha).<br \/>\ud83d\udcce Papel recomendado: Fotogr\u00e1fico Glossy 180g ou 230g (para maior firmeza).<\/p>\n<p><strong>Detalhes T\u00e9cnicos:<br \/><\/strong>\ud83d\udcc2\u00a0<strong>Arquivo em PDF<\/strong>, pronto para impress\u00e3o. 100% Digital.<br \/>\u26a0\ufe0f\u00a0<strong>Apenas foto Edit\u00e1vel.<\/strong><br \/>\u26a0\ufe0f N\u00e3o enviamos pelos CORREIOS.<br \/>\u26a0\ufe0f Aten\u00e7\u00e3o: Este produto n\u00e3o \u00e9 clipart e n\u00e3o disponibilizamos a arte aberta. O material \u00e9 fornecido exclusivamente em arquivos PDF. Uso pessoal, proibida a venda e revenda do material f\u00edsico ou digital.<\/p>\n<p><strong>\ud83d\udce5 Como acessar seu arquivo<br \/>Ap\u00f3s a confirma\u00e7\u00e3o do pagamento, voc\u00ea poder\u00e1 baixar o seu produto de tr\u00eas formas pr\u00e1ticas:<br \/><\/strong>1\ufe0f\u20e3 Via e-mail<br \/>Voc\u00ea receber\u00e1 um e-mail com o t\u00edtulo \u201cSeu arquivo chegou\u201d.<br \/>Lembre-se de verificar tamb\u00e9m a caixa de Spam\/Lixo eletr\u00f4nico.<br \/>Para baixar, clique em todos os t\u00edtulos destacados e sublinhados na se\u00e7\u00e3o de Downloads.<br \/>2\ufe0f\u20e3 Via WhatsApp<br \/>Voc\u00ea receber\u00e1 uma mensagem autom\u00e1tica em seu WhatsApp.<br \/>Para receber o arquivo por l\u00e1, basta clicar no bot\u00e3o: \u201cRECEBER meu pedido aqui\u201d.<br \/>3\ufe0f\u20e3 Na sua \u00c1rea do Cliente (site)<br \/>Clique nas tr\u00eas linhas no canto superior esquerdo.<br \/>Acesse Minha Conta &gt; Downloads.<br \/>Baixe diretamente todos os produtos adquiridos.<br \/><strong>\ud83d\udccc Qualquer d\u00favida, nosso suporte est\u00e1 \u00e0 disposi\u00e7\u00e3o:<br \/>(11) 94050-7483.<\/strong><\/p>\n","protected":false},"excerpt":{"rendered":"<p>Encante seus professores com lembrancinhas criativas e cheias de significado!<br \/>Este arquivo foi desenvolvido para valorizar o trabalho docente de forma especial, trazendo op\u00e7\u00f5es de caixinhas personaliz\u00e1veis e tutoriais que facilitam a montagem. Um gesto simples que transmite cuidado, gratid\u00e3o e reconhecimento.<\/p>\n","protected":false},"featured_media":65857,"comment_status":"open","ping_status":"closed","template":"","meta":{"bwfblock_default_font":"","_uf_show_specific_survey":0,"_uf_disable_surveys":false},"product_brand":[],"product_cat":[38,37,115],"product_tag":[70,47,39],"class_list":{"0":"post-65845","1":"product","2":"type-product","3":"status-publish","4":"has-post-thumbnail","6":"product_cat-coordenacao-pedagogica","7":"product_cat-datas-comemorativas","8":"product_cat-dia-dos-professores","9":"product_tag-coordenacao-pedagogica","10":"product_tag-datas-comemorativas","11":"product_tag-dia-dos-professores","13":"first","14":"instock","15":"sale","16":"downloadable","17":"virtual","18":"sold-individually","19":"taxable","20":"purchasable","21":"product-type-simple"},"aioseo_notices":[],"_links":{"self":[{"href":"https:\/\/educacaocomproposito.com.br\/index.php\/wp-json\/wp\/v2\/product\/65845","targetHints":{"allow":["GET"]}}],"collection":[{"href":"https:\/\/educacaocomproposito.com.br\/index.php\/wp-json\/wp\/v2\/product"}],"about":[{"href":"https:\/\/educacaocomproposito.com.br\/index.php\/wp-json\/wp\/v2\/types\/product"}],"replies":[{"embeddable":true,"href":"https:\/\/educacaocomproposito.com.br\/index.php\/wp-json\/wp\/v2\/comments?post=65845"}],"version-history":[{"count":2,"href":"https:\/\/educacaocomproposito.com.br\/index.php\/wp-json\/wp\/v2\/product\/65845\/revisions"}],"predecessor-version":[{"id":65858,"href":"https:\/\/educacaocomproposito.com.br\/index.php\/wp-json\/wp\/v2\/product\/65845\/revisions\/65858"}],"wp:featuredmedia":[{"embeddable":true,"href":"https:\/\/educacaocomproposito.com.br\/index.php\/wp-json\/wp\/v2\/media\/65857"}],"wp:attachment":[{"href":"https:\/\/educacaocomproposito.com.br\/index.php\/wp-json\/wp\/v2\/media?parent=65845"}],"wp:term":[{"taxonomy":"product_brand","embeddable":true,"href":"https:\/\/educacaocomproposito.com.br\/index.php\/wp-json\/wp\/v2\/product_brand?post=65845"},{"taxonomy":"product_cat","embeddable":true,"href":"https:\/\/educacaocomproposito.com.br\/index.php\/wp-json\/wp\/v2\/product_cat?post=65845"},{"taxonomy":"product_tag","embeddable":true,"href":"https:\/\/educacaocomproposito.com.br\/index.php\/wp-json\/wp\/v2\/product_tag?post=65845"}],"curies":[{"name":"wp","href":"https:\/\/api.w.org\/{rel}","templated":true}]}}