{"id":66889,"date":"2025-09-14T23:35:45","date_gmt":"2025-09-15T02:35:45","guid":{"rendered":"https:\/\/educacaocomproposito.com.br\/?post_type=product&#038;p=66889"},"modified":"2025-09-15T00:36:02","modified_gmt":"2025-09-15T03:36:02","slug":"arquivo-digital-semana-do-transito-2025","status":"publish","type":"product","link":"https:\/\/educacaocomproposito.com.br\/index.php\/product\/arquivo-digital-semana-do-transito-2025\/","title":{"rendered":"Arquivo Digital &#8211; Semana do Tr\u00e2nsito 2025"},"content":{"rendered":"<p>O arquivo cont\u00e9m:<br \/>\ud83d\udea6 <strong>Painel Tem\u00e1tico<\/strong> \u2013 Composto por <strong>24 folhas A4<\/strong>, formando um painel de aproximadamente <strong>147 x 71,5 cm<\/strong>, ideal para decorar a escola e trabalhar a conscientiza\u00e7\u00e3o de forma visual e atrativa.<br \/>\ud83d\udcc4 <strong>Mini Panfleto Informativo<\/strong> \u2013 Material pronto para impress\u00e3o, com orienta\u00e7\u00f5es, dicas de seguran\u00e7a e espa\u00e7o para personaliza\u00e7\u00e3o com o nome da escola e atividades da semana.<br \/>\ud83c\udff7\ufe0f <strong>Tag para Lembrancinha<\/strong> \u2013 Arquivo pronto para impress\u00e3o com <strong>18 tags por folha A4<\/strong>, contendo a frase: <em>\u201cNo tr\u00e2nsito, o sentido \u00e9 a vida! PARE , PENSE , MUDE \u201d<\/em>. Perfeita para ser anexada em lembrancinhas ou atividades da semana tem\u00e1tica.<\/p>\n","protected":false},"excerpt":{"rendered":"<p>\u2728 Crie esse material para deixar a <strong>Semana Nacional do Tr\u00e2nsito<\/strong> ainda mais especial e significativa em sua escola!<br \/>\ud83d\udea6 Um recurso pronto para imprimir e aplicar, trazendo mais consci\u00eancia e aprendizado de forma \u00fanica e especial. <\/p>\n","protected":false},"featured_media":66893,"comment_status":"open","ping_status":"closed","template":"","meta":{"bwfblock_default_font":"","_uf_show_specific_survey":0,"_uf_disable_surveys":false},"product_brand":[],"product_cat":[37],"product_tag":[47,114],"class_list":{"0":"post-66889","1":"product","2":"type-product","3":"status-publish","4":"has-post-thumbnail","6":"product_cat-datas-comemorativas","7":"product_tag-datas-comemorativas","8":"product_tag-semana-do-transito","10":"first","11":"instock","12":"sale","13":"downloadable","14":"virtual","15":"sold-individually","16":"taxable","17":"purchasable","18":"product-type-simple"},"aioseo_notices":[],"_links":{"self":[{"href":"https:\/\/educacaocomproposito.com.br\/index.php\/wp-json\/wp\/v2\/product\/66889","targetHints":{"allow":["GET"]}}],"collection":[{"href":"https:\/\/educacaocomproposito.com.br\/index.php\/wp-json\/wp\/v2\/product"}],"about":[{"href":"https:\/\/educacaocomproposito.com.br\/index.php\/wp-json\/wp\/v2\/types\/product"}],"replies":[{"embeddable":true,"href":"https:\/\/educacaocomproposito.com.br\/index.php\/wp-json\/wp\/v2\/comments?post=66889"}],"version-history":[{"count":1,"href":"https:\/\/educacaocomproposito.com.br\/index.php\/wp-json\/wp\/v2\/product\/66889\/revisions"}],"predecessor-version":[{"id":66900,"href":"https:\/\/educacaocomproposito.com.br\/index.php\/wp-json\/wp\/v2\/product\/66889\/revisions\/66900"}],"wp:featuredmedia":[{"embeddable":true,"href":"https:\/\/educacaocomproposito.com.br\/index.php\/wp-json\/wp\/v2\/media\/66893"}],"wp:attachment":[{"href":"https:\/\/educacaocomproposito.com.br\/index.php\/wp-json\/wp\/v2\/media?parent=66889"}],"wp:term":[{"taxonomy":"product_brand","embeddable":true,"href":"https:\/\/educacaocomproposito.com.br\/index.php\/wp-json\/wp\/v2\/product_brand?post=66889"},{"taxonomy":"product_cat","embeddable":true,"href":"https:\/\/educacaocomproposito.com.br\/index.php\/wp-json\/wp\/v2\/product_cat?post=66889"},{"taxonomy":"product_tag","embeddable":true,"href":"https:\/\/educacaocomproposito.com.br\/index.php\/wp-json\/wp\/v2\/product_tag?post=66889"}],"curies":[{"name":"wp","href":"https:\/\/api.w.org\/{rel}","templated":true}]}}