{"id":67905,"date":"2025-09-18T00:39:18","date_gmt":"2025-09-18T03:39:18","guid":{"rendered":"https:\/\/educacaocomproposito.com.br\/?post_type=product&#038;p=67905"},"modified":"2025-10-05T15:45:02","modified_gmt":"2025-10-05T18:45:02","slug":"kit-dia-dos-professores-2025-mestres-do-saber","status":"publish","type":"product","link":"https:\/\/educacaocomproposito.com.br\/index.php\/product\/kit-dia-dos-professores-2025-mestres-do-saber\/","title":{"rendered":"Kit &#8211; Dia dos Professores 2025 | Mestres do Saber"},"content":{"rendered":"<p>O kit inclui:<br \/><strong>Painel Principal Grande<\/strong> (27 folhas A4) &#8211; Medida Aproximada: 163&#215;82.5cm;<br \/><strong>Painel Pequeno<\/strong> (12 folhas A4) &#8211; Medida Aproximada: 73x70cm;<br \/><strong>Caixa Ba\u00fa<\/strong> para Lembrancinhas &#8211; Total de 5 folhas A4;<br \/><strong>Tag para Bombom &#8211; 3 por folha A4;<\/strong><br \/><strong>Envelopes <\/strong>com nome e foto personaliz\u00e1vel (pequeno e grande) &#8211; <strong>Fotos Edit\u00e1veis no Canva Pro e Gratuito;<\/strong><br \/><strong>Plaquinhas <\/strong>laterais decorativas;<br \/><strong>Tag<\/strong> &#8211; Materiais escolares; <br \/><strong>Sacola mimo;<\/strong><br \/>\ud83d\udca1 Para facilitar sua experi\u00eancia, voc\u00ea ter\u00e1 acesso a <strong>tutoriais de montagem e de edi\u00e7\u00e3o<\/strong>, com passo a passo pr\u00e1tico para personalizar e preparar cada item com perfei\u00e7\u00e3o.<\/p>\n<p><strong>Detalhes T\u00e9cnicos:<br \/><\/strong>\ud83d\udcc2\u00a0<strong>Arquivo em PDF<\/strong>, pronto para impress\u00e3o. 100% Digital.<br \/>\u26a0\ufe0f\u00a0<strong>Fotos do Envelope (Canva Pro ou Gratuito)<\/strong>.<br \/>\u26a0\ufe0f N\u00e3o enviamos pelos CORREIOS.<br \/>\u26a0\ufe0f Aten\u00e7\u00e3o: Este produto n\u00e3o \u00e9 clipart e n\u00e3o disponibilizamos a arte aberta. O material \u00e9 fornecido exclusivamente em arquivos PDF. Uso pessoal, proibida a venda e revenda do material f\u00edsico ou digital.<\/p>\n<p><strong>\ud83d\udce5 Como acessar seu arquivo<br \/>Ap\u00f3s a confirma\u00e7\u00e3o do pagamento, voc\u00ea poder\u00e1 baixar o seu produto de tr\u00eas formas pr\u00e1ticas:<br \/><\/strong>1\ufe0f\u20e3 Via e-mail<br \/>Voc\u00ea receber\u00e1 um e-mail com o t\u00edtulo \u201cSeu arquivo chegou\u201d.<br \/>Lembre-se de verificar tamb\u00e9m a caixa de Spam\/Lixo eletr\u00f4nico.<br \/>Para baixar, clique em todos os t\u00edtulos destacados e sublinhados na se\u00e7\u00e3o de Downloads.<br \/>2\ufe0f\u20e3 Via WhatsApp<br \/>Voc\u00ea receber\u00e1 uma mensagem autom\u00e1tica em seu WhatsApp.<br \/>Para receber o arquivo por l\u00e1, basta clicar no bot\u00e3o: \u201cRECEBER meu pedido aqui\u201d.<br \/>3\ufe0f\u20e3 Na sua \u00c1rea do Cliente (site)<br \/>Clique nas tr\u00eas linhas no canto superior esquerdo.<br \/>Acesse Minha Conta &gt; Downloads.<br \/>Baixe diretamente todos os produtos adquiridos.<br \/><strong>\ud83d\udccc Qualquer d\u00favida, nosso suporte est\u00e1 \u00e0 disposi\u00e7\u00e3o:<br \/>(11) 94050-7483.<\/strong><\/p>\n","protected":false},"excerpt":{"rendered":"<p>Cada parte deste material foi pensada para transmitir carinho, reconhecimento e gratid\u00e3o, celebrando a beleza da profiss\u00e3o de ser professor e a grandeza de transformar vidas pelo conhecimento.<\/p>\n","protected":false},"featured_media":67922,"comment_status":"open","ping_status":"closed","template":"","meta":{"bwfblock_default_font":"","_uf_show_specific_survey":0,"_uf_disable_surveys":false},"product_brand":[],"product_cat":[38,37,115],"product_tag":[70,47,39],"class_list":{"0":"post-67905","1":"product","2":"type-product","3":"status-publish","4":"has-post-thumbnail","6":"product_cat-coordenacao-pedagogica","7":"product_cat-datas-comemorativas","8":"product_cat-dia-dos-professores","9":"product_tag-coordenacao-pedagogica","10":"product_tag-datas-comemorativas","11":"product_tag-dia-dos-professores","13":"first","14":"instock","15":"sale","16":"downloadable","17":"virtual","18":"sold-individually","19":"taxable","20":"purchasable","21":"product-type-simple"},"aioseo_notices":[],"_links":{"self":[{"href":"https:\/\/educacaocomproposito.com.br\/index.php\/wp-json\/wp\/v2\/product\/67905","targetHints":{"allow":["GET"]}}],"collection":[{"href":"https:\/\/educacaocomproposito.com.br\/index.php\/wp-json\/wp\/v2\/product"}],"about":[{"href":"https:\/\/educacaocomproposito.com.br\/index.php\/wp-json\/wp\/v2\/types\/product"}],"replies":[{"embeddable":true,"href":"https:\/\/educacaocomproposito.com.br\/index.php\/wp-json\/wp\/v2\/comments?post=67905"}],"version-history":[{"count":1,"href":"https:\/\/educacaocomproposito.com.br\/index.php\/wp-json\/wp\/v2\/product\/67905\/revisions"}],"predecessor-version":[{"id":67925,"href":"https:\/\/educacaocomproposito.com.br\/index.php\/wp-json\/wp\/v2\/product\/67905\/revisions\/67925"}],"wp:featuredmedia":[{"embeddable":true,"href":"https:\/\/educacaocomproposito.com.br\/index.php\/wp-json\/wp\/v2\/media\/67922"}],"wp:attachment":[{"href":"https:\/\/educacaocomproposito.com.br\/index.php\/wp-json\/wp\/v2\/media?parent=67905"}],"wp:term":[{"taxonomy":"product_brand","embeddable":true,"href":"https:\/\/educacaocomproposito.com.br\/index.php\/wp-json\/wp\/v2\/product_brand?post=67905"},{"taxonomy":"product_cat","embeddable":true,"href":"https:\/\/educacaocomproposito.com.br\/index.php\/wp-json\/wp\/v2\/product_cat?post=67905"},{"taxonomy":"product_tag","embeddable":true,"href":"https:\/\/educacaocomproposito.com.br\/index.php\/wp-json\/wp\/v2\/product_tag?post=67905"}],"curies":[{"name":"wp","href":"https:\/\/api.w.org\/{rel}","templated":true}]}}