{"id":68414,"date":"2025-09-19T16:50:20","date_gmt":"2025-09-19T19:50:20","guid":{"rendered":"https:\/\/educacaocomproposito.com.br\/?post_type=product&#038;p=68414"},"modified":"2025-11-04T16:57:34","modified_gmt":"2025-11-04T19:57:34","slug":"kit-saeb-2025-3","status":"publish","type":"product","link":"https:\/\/educacaocomproposito.com.br\/index.php\/product\/kit-saeb-2025-3\/","title":{"rendered":"KIT &#8211; SAEB 2025"},"content":{"rendered":"<p>\ud83e\udde9 O que voc\u00ea vai receber:<br \/>OBS: O significado da sigla e s\u00e9ries participantes j\u00e1 foram ajustadas no arquivo.<br \/>\ud83d\udccc<strong> 1 Painel Grande Interativo (aprox. 142x73cm)<\/strong> &#8211; 24 FOLHAS A4<br \/>Com espa\u00e7o personaliz\u00e1vel para inserir informa\u00e7\u00f5es importantes da escola e contagem regressiva interativa at\u00e9 o dia da avalia\u00e7\u00e3o.<br \/>\ud83d\udccc <strong>1 Painel Pequeno Interativo (aprox. 89&#215;45,5cm)<\/strong> &#8211; 10 FOLHAS A4<br \/>Ideal para corredores ou murais menores. Tamb\u00e9m permite personaliza\u00e7\u00e3o e conta com espa\u00e7o para contagem regressiva.<br \/>\ud83d\udccc <strong>1 Painel de Contagem Regressiva Interativo (aprox. 55x38cm)<\/strong> &#8211; 6 FOLHAS A4<br \/>Vers\u00e1til e compacto, perfeito para destacar em qualquer ambiente da escola e manter os alunos motivados at\u00e9 o grande dia!<br \/>\ud83d\udcc4 <strong>3 Informativos em formato A4 \u2013 prontos para impress\u00e3o:<\/strong><br \/>Como o SAEB \u00e9 importante para a escola;<br \/>Dicas para mandar bem na avalia\u00e7\u00e3o;<br \/>Aviso sobre a participa\u00e7\u00e3o da escola no SAEB (com espa\u00e7o para inserir a data).<br \/>\ud83d\udee0\ufe0f <strong>Facilidade na montagem:<\/strong><br \/>Arquivo com p\u00e1ginas numeradas para otimizar o processo<br \/>Acompanha tutorial de montagem detalhado<\/p>\n<p><strong>Detalhes T\u00e9cnicos:<\/strong><br \/>\ud83d\udcc2\u00a0<strong>Arquivo em PDF pronto para impress\u00e3o<\/strong>,\u00a0<strong>100% digital. N\u00e3o Edit\u00e1vel<\/strong>.\u00a0<br \/>\u26a0\ufe0f\u00a0<strong>N\u00e3o<\/strong>\u00a0enviamos pelos\u00a0<strong>CORREIOS.<\/strong><br \/>\u26a0\ufe0f\u00a0<strong>Aten\u00e7\u00e3o:<\/strong>\u00a0Este produto\u00a0<strong>n\u00e3o \u00e9 clipart<\/strong>\u00a0e\u00a0<strong>n\u00e3o disponibilizamos a arte aberta<\/strong>. O material \u00e9 fornecido exclusivamente em\u00a0<strong>arquivos PDF<\/strong>.\u00a0<strong>Uso pessoal, proibida a venda e revenda<\/strong>\u00a0do material f\u00edsico ou digital.<\/p>\n<p><strong>\ud83d\udce5 Como acessar seu arquivo<br \/>Ap\u00f3s a confirma\u00e7\u00e3o do pagamento, voc\u00ea poder\u00e1 baixar o seu produto de tr\u00eas formas pr\u00e1ticas:<br \/><\/strong>1\ufe0f\u20e3 Via e-mail<br \/>Voc\u00ea receber\u00e1 um e-mail com o t\u00edtulo \u201cSeu arquivo chegou\u201d.<br \/>Lembre-se de verificar tamb\u00e9m a caixa de Spam\/Lixo eletr\u00f4nico.<br \/>Para baixar, clique em todos os t\u00edtulos destacados e sublinhados na se\u00e7\u00e3o de Downloads.<br \/>2\ufe0f\u20e3 Via WhatsApp<br \/>Voc\u00ea receber\u00e1 uma mensagem autom\u00e1tica em seu WhatsApp.<br \/>Para receber o arquivo por l\u00e1, basta clicar no bot\u00e3o: \u201cRECEBER meu pedido aqui\u201d.<br \/>3\ufe0f\u20e3 Na sua \u00c1rea do Cliente (site)<br \/>Clique nas tr\u00eas linhas no canto superior esquerdo.<br \/>Acesse Minha Conta &gt; Downloads.<br \/>Baixe diretamente todos os produtos adquiridos.<br \/><strong>\ud83d\udccc Qualquer d\u00favida, nosso suporte est\u00e1 \u00e0 disposi\u00e7\u00e3o:<br \/>(11) 94050-7483.<\/strong><\/p>\n","protected":false},"excerpt":{"rendered":"<p>Envolva sua escola nessa miss\u00e3o de forma organizada, informativa e motivadora! <\/p>\n","protected":false},"featured_media":37366,"comment_status":"open","ping_status":"closed","template":"","meta":{"bwfblock_default_font":"","_uf_show_specific_survey":0,"_uf_disable_surveys":false},"product_brand":[],"product_cat":[38,107],"product_tag":[70,86,88],"class_list":{"0":"post-68414","1":"product","2":"type-product","3":"status-publish","4":"has-post-thumbnail","6":"product_cat-coordenacao-pedagogica","7":"product_cat-saeb","8":"product_tag-coordenacao-pedagogica","9":"product_tag-gestao-escolar","10":"product_tag-saeb","12":"first","13":"instock","14":"sale","15":"downloadable","16":"virtual","17":"sold-individually","18":"taxable","19":"purchasable","20":"product-type-simple"},"aioseo_notices":[],"_links":{"self":[{"href":"https:\/\/educacaocomproposito.com.br\/index.php\/wp-json\/wp\/v2\/product\/68414","targetHints":{"allow":["GET"]}}],"collection":[{"href":"https:\/\/educacaocomproposito.com.br\/index.php\/wp-json\/wp\/v2\/product"}],"about":[{"href":"https:\/\/educacaocomproposito.com.br\/index.php\/wp-json\/wp\/v2\/types\/product"}],"replies":[{"embeddable":true,"href":"https:\/\/educacaocomproposito.com.br\/index.php\/wp-json\/wp\/v2\/comments?post=68414"}],"version-history":[{"count":1,"href":"https:\/\/educacaocomproposito.com.br\/index.php\/wp-json\/wp\/v2\/product\/68414\/revisions"}],"predecessor-version":[{"id":68417,"href":"https:\/\/educacaocomproposito.com.br\/index.php\/wp-json\/wp\/v2\/product\/68414\/revisions\/68417"}],"wp:featuredmedia":[{"embeddable":true,"href":"https:\/\/educacaocomproposito.com.br\/index.php\/wp-json\/wp\/v2\/media\/37366"}],"wp:attachment":[{"href":"https:\/\/educacaocomproposito.com.br\/index.php\/wp-json\/wp\/v2\/media?parent=68414"}],"wp:term":[{"taxonomy":"product_brand","embeddable":true,"href":"https:\/\/educacaocomproposito.com.br\/index.php\/wp-json\/wp\/v2\/product_brand?post=68414"},{"taxonomy":"product_cat","embeddable":true,"href":"https:\/\/educacaocomproposito.com.br\/index.php\/wp-json\/wp\/v2\/product_cat?post=68414"},{"taxonomy":"product_tag","embeddable":true,"href":"https:\/\/educacaocomproposito.com.br\/index.php\/wp-json\/wp\/v2\/product_tag?post=68414"}],"curies":[{"name":"wp","href":"https:\/\/api.w.org\/{rel}","templated":true}]}}