{"id":6915,"date":"2024-12-30T10:29:52","date_gmt":"2024-12-30T13:29:52","guid":{"rendered":"https:\/\/educacaocomproposito.com.br\/?post_type=product&#038;p=6915"},"modified":"2026-02-18T15:07:12","modified_gmt":"2026-02-18T18:07:12","slug":"cracha-de-mesa-editavel-astroanuta","status":"publish","type":"product","link":"https:\/\/educacaocomproposito.com.br\/index.php\/product\/cracha-de-mesa-editavel-astroanuta\/","title":{"rendered":"Crach\u00e1 de Mesa Edit\u00e1vel &#8211; Astronauta"},"content":{"rendered":"<p><strong>Um crach\u00e1 por folha A4.<br \/><\/strong><br \/>\u2705\ufe0fArquivo edit\u00e1vel atrav\u00e9s do Canva Gratuito\/Canva Pro. (Edi\u00e7\u00e3o Limitada)<\/p>\n<p><strong>Detalhes:<\/strong><br \/>Cont\u00e9m 2 modelos de crach\u00e1 de mesa de 4 faces, sendo cada um delas projetado para auxiliar os alunos em sala de aula.<\/p>\n<p><strong>Modelo Ed. Infantil:<\/strong><br \/>Nome\/Foto\/Turma\/Professora\/Ano letivo\/ Formas geom\u00e9tricas\/Alfabeto Bast\u00e3o Ilustrado\/ Vogais &#8211; M\u00e9todo F\u00f4nico\/ Numerais de 1 a 10 e rela\u00e7\u00e3o n\u00famero-quantidade.<br \/><strong>Modelo Ens. Fundamental I<\/strong>: Nome\/Foto\/Turma\/Professora\/Ano letivo\/ Cabe\u00e7alho Escolar\/Alfabeto com letra bast\u00e3o, imprensa, mai\u00fascula cursiva e min\u00fascula cursiva\/ Vogais &#8211; M\u00e9todo F\u00f4nico\/ Numerais de 1 a 100.<\/p>\n<p><strong>Detalhes T\u00e9cnicos:<\/strong><br \/>Arquivo 100% digital. N\u00c3O ENVIAMOS PELOS CORREIOS.<\/p>\n<p><strong>\ud83d\udce5 Como acessar seu arquivo<br \/>Ap\u00f3s a confirma\u00e7\u00e3o do pagamento, voc\u00ea poder\u00e1 baixar o seu produto de tr\u00eas formas pr\u00e1ticas:<br \/><\/strong>1\ufe0f\u20e3 Via e-mail<br \/>Voc\u00ea receber\u00e1 um e-mail com o t\u00edtulo \u201cSeu arquivo chegou\u201d.<br \/>Lembre-se de verificar tamb\u00e9m a caixa de Spam\/Lixo eletr\u00f4nico.<br \/>Para baixar, clique em todos os t\u00edtulos destacados e sublinhados na se\u00e7\u00e3o de Downloads.<br \/>2\ufe0f\u20e3 Via WhatsApp<br \/>Voc\u00ea receber\u00e1 uma mensagem autom\u00e1tica em seu WhatsApp.<br \/>Para receber o arquivo por l\u00e1, basta clicar no bot\u00e3o: \u201cRECEBER meu pedido aqui\u201d.<br \/>3\ufe0f\u20e3 Na sua \u00c1rea do Cliente (site)<br \/>Clique nas tr\u00eas linhas no canto superior esquerdo.<br \/>Acesse Minha Conta &gt; Downloads.<br \/>Baixe diretamente todos os produtos adquiridos.<br \/><strong>\ud83d\udccc Qualquer d\u00favida, nosso suporte est\u00e1 \u00e0 disposi\u00e7\u00e3o:<br \/>(11) 94050-7483.<\/strong><\/p>\n","protected":false},"excerpt":{"rendered":"<p>Torne a rotina da sala de aula mais organizada e acolhedora com nossos crach\u00e1s de mesa! Ideais para Educa\u00e7\u00e3o Infantil e Ensino Fundamental I, eles ajudam na identifica\u00e7\u00e3o dos alunos e promovem a autonomia desde cedo. \ud83d\udd8d\ufe0f\u2728 Personaliz\u00e1vel, pr\u00e1tico e cheio de charme!<\/p>\n","protected":false},"featured_media":6917,"comment_status":"open","ping_status":"closed","template":"","meta":{"bwfblock_default_font":"","_uf_show_specific_survey":0,"_uf_disable_surveys":false},"product_brand":[],"product_cat":[68],"product_tag":[69],"class_list":{"0":"post-6915","1":"product","2":"type-product","3":"status-publish","4":"has-post-thumbnail","6":"product_cat-decoracao-sala-de-aula","7":"product_tag-decoracao-de-sala-de-aula","9":"first","10":"instock","11":"downloadable","12":"virtual","13":"sold-individually","14":"taxable","15":"purchasable","16":"product-type-simple"},"aioseo_notices":[],"_links":{"self":[{"href":"https:\/\/educacaocomproposito.com.br\/index.php\/wp-json\/wp\/v2\/product\/6915","targetHints":{"allow":["GET"]}}],"collection":[{"href":"https:\/\/educacaocomproposito.com.br\/index.php\/wp-json\/wp\/v2\/product"}],"about":[{"href":"https:\/\/educacaocomproposito.com.br\/index.php\/wp-json\/wp\/v2\/types\/product"}],"replies":[{"embeddable":true,"href":"https:\/\/educacaocomproposito.com.br\/index.php\/wp-json\/wp\/v2\/comments?post=6915"}],"version-history":[{"count":3,"href":"https:\/\/educacaocomproposito.com.br\/index.php\/wp-json\/wp\/v2\/product\/6915\/revisions"}],"predecessor-version":[{"id":103452,"href":"https:\/\/educacaocomproposito.com.br\/index.php\/wp-json\/wp\/v2\/product\/6915\/revisions\/103452"}],"wp:featuredmedia":[{"embeddable":true,"href":"https:\/\/educacaocomproposito.com.br\/index.php\/wp-json\/wp\/v2\/media\/6917"}],"wp:attachment":[{"href":"https:\/\/educacaocomproposito.com.br\/index.php\/wp-json\/wp\/v2\/media?parent=6915"}],"wp:term":[{"taxonomy":"product_brand","embeddable":true,"href":"https:\/\/educacaocomproposito.com.br\/index.php\/wp-json\/wp\/v2\/product_brand?post=6915"},{"taxonomy":"product_cat","embeddable":true,"href":"https:\/\/educacaocomproposito.com.br\/index.php\/wp-json\/wp\/v2\/product_cat?post=6915"},{"taxonomy":"product_tag","embeddable":true,"href":"https:\/\/educacaocomproposito.com.br\/index.php\/wp-json\/wp\/v2\/product_tag?post=6915"}],"curies":[{"name":"wp","href":"https:\/\/api.w.org\/{rel}","templated":true}]}}