{"id":6941,"date":"2025-01-04T12:49:22","date_gmt":"2025-01-04T15:49:22","guid":{"rendered":"https:\/\/educacaocomproposito.com.br\/?post_type=product&#038;p=6941"},"modified":"2026-01-05T11:51:32","modified_gmt":"2026-01-05T14:51:32","slug":"kit-de-acolhimento-para-professores-volta-as-aulas","status":"publish","type":"product","link":"https:\/\/educacaocomproposito.com.br\/index.php\/product\/kit-de-acolhimento-para-professores-volta-as-aulas\/","title":{"rendered":"Kit de Acolhimento para Professores Volta \u00e0s Aulas &#8211; 4 Ps de um Educador"},"content":{"rendered":"<p><strong>O kit cont\u00e9m:<\/strong><\/p>\n<p><strong>Painel Decorativo:<\/strong> Um design moderno e motivador para decorar o ambiente, trazendo reflex\u00f5es sobre os 4 Ps. Ideal para criar um espa\u00e7o acolhedor e reflexivo na sala de professores ou na entrada da escola <br \/>(Medida Aprox: <strong>1.52 x 0.79 m<\/strong>).<br \/><strong>Tags para Bis:<\/strong> Perfeito para distribuir aos professores como gesto de carinho e incentivo.<br \/><strong>Din\u00e2mica Interativa:<\/strong> Um roteiro detalhado para uma atividade reflexiva e envolvente, que promove integra\u00e7\u00e3o e alinhamento da equipe docente com os valores do ano letivo. A din\u00e2mica refor\u00e7a a import\u00e2ncia do prop\u00f3sito, da organiza\u00e7\u00e3o, da pr\u00e1tica pedag\u00f3gica e do trabalho em equipe.<br \/><strong>Diferenciais:<\/strong><br \/>Arquivo 100% digital, pronto para impress\u00e3o.<br \/>Textos reflexivos e emotivos que conectam a equipe \u00e0 miss\u00e3o educacional.<br \/>Ferramentas pr\u00e1ticas para criar um momento inesquec\u00edvel de acolhimento e motiva\u00e7\u00e3o.<\/p>\n<p><strong>Detalhes T\u00e9cnicos:<\/strong><br \/>Arquivo 100% digital. N\u00c3O ENVIAMOS PELOS CORREIOS.<\/p>\n<p><strong>\ud83d\udce5 Como acessar seu arquivo<br \/>Ap\u00f3s a confirma\u00e7\u00e3o do pagamento, voc\u00ea poder\u00e1 baixar o seu produto de tr\u00eas formas pr\u00e1ticas:<br \/><\/strong>1\ufe0f\u20e3 Via e-mail<br \/>Voc\u00ea receber\u00e1 um e-mail com o t\u00edtulo \u201cSeu arquivo chegou\u201d.<br \/>Lembre-se de verificar tamb\u00e9m a caixa de Spam\/Lixo eletr\u00f4nico.<br \/>Para baixar, clique em todos os t\u00edtulos destacados e sublinhados na se\u00e7\u00e3o de Downloads.<br \/>2\ufe0f\u20e3 Via WhatsApp<br \/>Voc\u00ea receber\u00e1 uma mensagem autom\u00e1tica em seu WhatsApp.<br \/>Para receber o arquivo por l\u00e1, basta clicar no bot\u00e3o: \u201cRECEBER meu pedido aqui\u201d.<br \/>3\ufe0f\u20e3 Na sua \u00c1rea do Cliente (site)<br \/>Clique nas tr\u00eas linhas no canto superior esquerdo.<br \/>Acesse Minha Conta &gt; Downloads.<br \/>Baixe diretamente todos os produtos adquiridos.<br \/><strong>\ud83d\udccc Qualquer d\u00favida, nosso suporte est\u00e1 \u00e0 disposi\u00e7\u00e3o:<br \/>(11) 94050-7483.<\/strong><\/p>\n","protected":false},"excerpt":{"rendered":"<p>Receba seus professores de forma acolhedora e inspiradora no in\u00edcio do ano letivo com este kit completo e tem\u00e1tico! O produto foi cuidadosamente elaborado para destacar os 4 Ps fundamentais na jornada de um educador: <strong>Prop\u00f3sito, Planejamento, Pr\u00e1tica e Parceria<\/strong>.<\/p>\n","protected":false},"featured_media":82517,"comment_status":"open","ping_status":"closed","template":"","meta":{"bwfblock_default_font":"","_uf_show_specific_survey":0,"_uf_disable_surveys":false},"product_brand":[],"product_cat":[38],"product_tag":[],"class_list":{"0":"post-6941","1":"product","2":"type-product","3":"status-publish","4":"has-post-thumbnail","6":"product_cat-coordenacao-pedagogica","8":"first","9":"instock","10":"sale","11":"downloadable","12":"virtual","13":"sold-individually","14":"taxable","15":"purchasable","16":"product-type-simple"},"aioseo_notices":[],"_links":{"self":[{"href":"https:\/\/educacaocomproposito.com.br\/index.php\/wp-json\/wp\/v2\/product\/6941","targetHints":{"allow":["GET"]}}],"collection":[{"href":"https:\/\/educacaocomproposito.com.br\/index.php\/wp-json\/wp\/v2\/product"}],"about":[{"href":"https:\/\/educacaocomproposito.com.br\/index.php\/wp-json\/wp\/v2\/types\/product"}],"replies":[{"embeddable":true,"href":"https:\/\/educacaocomproposito.com.br\/index.php\/wp-json\/wp\/v2\/comments?post=6941"}],"version-history":[{"count":4,"href":"https:\/\/educacaocomproposito.com.br\/index.php\/wp-json\/wp\/v2\/product\/6941\/revisions"}],"predecessor-version":[{"id":84769,"href":"https:\/\/educacaocomproposito.com.br\/index.php\/wp-json\/wp\/v2\/product\/6941\/revisions\/84769"}],"wp:featuredmedia":[{"embeddable":true,"href":"https:\/\/educacaocomproposito.com.br\/index.php\/wp-json\/wp\/v2\/media\/82517"}],"wp:attachment":[{"href":"https:\/\/educacaocomproposito.com.br\/index.php\/wp-json\/wp\/v2\/media?parent=6941"}],"wp:term":[{"taxonomy":"product_brand","embeddable":true,"href":"https:\/\/educacaocomproposito.com.br\/index.php\/wp-json\/wp\/v2\/product_brand?post=6941"},{"taxonomy":"product_cat","embeddable":true,"href":"https:\/\/educacaocomproposito.com.br\/index.php\/wp-json\/wp\/v2\/product_cat?post=6941"},{"taxonomy":"product_tag","embeddable":true,"href":"https:\/\/educacaocomproposito.com.br\/index.php\/wp-json\/wp\/v2\/product_tag?post=6941"}],"curies":[{"name":"wp","href":"https:\/\/api.w.org\/{rel}","templated":true}]}}