{"id":70712,"date":"2025-10-01T08:35:03","date_gmt":"2025-10-01T11:35:03","guid":{"rendered":"https:\/\/educacaocomproposito.com.br\/?post_type=product&#038;p=70712"},"modified":"2025-10-01T09:09:11","modified_gmt":"2025-10-01T12:09:11","slug":"tag-flowers-outubro-rosa","status":"publish","type":"product","link":"https:\/\/educacaocomproposito.com.br\/index.php\/product\/tag-flowers-outubro-rosa\/","title":{"rendered":"Tag Flowers \u2013 Outubro Rosa"},"content":{"rendered":"<p>\ud83d\udccc O que voc\u00ea encontrar\u00e1 neste material:<\/p>\n<p>&#8211; Arquivo em tamanho A4, pronto para impress\u00e3o;<br \/>&#8211; Design em estilo floral delicado, ideal para a\u00e7\u00f5es de conscientiza\u00e7\u00e3o do Outubro Rosa;<br \/>&#8211; Indica\u00e7\u00e3o de uso em bombons (como Ferrero Rocher) ou em outras lembrancinhas criativas;<br \/>&#8211; Material em alta qualidade, que pode ser impresso em papel fotogr\u00e1fico ou couch\u00ea para um acabamento brilhante e sofisticado;<br \/>&#8211; F\u00e1cil montagem, usando apenas cola e forminhas de doces finos no estilo flor.<\/p>\n<p><strong>Detalhes T\u00e9cnicos:<br \/><\/strong>\ud83d\udcc2\u00a0<strong>Arquivo em PDF<\/strong>, pronto para impress\u00e3o. 100% Digital.<br \/>\u26a0\ufe0f Arquivo N\u00c3O EDIT\u00c1VEL.<br \/>\u26a0\ufe0f N\u00e3o enviamos pelos CORREIOS.<br \/>\u26a0\ufe0f Aten\u00e7\u00e3o: Este produto n\u00e3o \u00e9 clipart e n\u00e3o disponibilizamos a arte aberta. O material \u00e9 fornecido exclusivamente em arquivos PDF. Uso pessoal, proibida a venda e revenda do material f\u00edsico ou digital.<br \/><strong>\ud83d\udce5 Como acessar seu arquivo<br \/>Ap\u00f3s a confirma\u00e7\u00e3o do pagamento, voc\u00ea poder\u00e1 baixar o seu produto de tr\u00eas formas pr\u00e1ticas:<br \/><\/strong>1\ufe0f\u20e3 Via e-mail<br \/>Voc\u00ea receber\u00e1 um e-mail com o t\u00edtulo \u201cSeu arquivo chegou\u201d.<br \/>Lembre-se de verificar tamb\u00e9m a caixa de Spam\/Lixo eletr\u00f4nico.<br \/>Para baixar, clique em todos os t\u00edtulos destacados e sublinhados na se\u00e7\u00e3o de Downloads.<br \/>2\ufe0f\u20e3 Via WhatsApp<br \/>Voc\u00ea receber\u00e1 uma mensagem autom\u00e1tica em seu WhatsApp.<br \/>Para receber o arquivo por l\u00e1, basta clicar no bot\u00e3o: \u201cRECEBER meu pedido aqui\u201d.<br \/>3\ufe0f\u20e3 Na sua \u00c1rea do Cliente (site)<br \/>Clique nas tr\u00eas linhas no canto superior esquerdo.<br \/>Acesse Minha Conta &gt; Downloads.<br \/>Baixe diretamente todos os produtos adquiridos.<br \/><strong>\ud83d\udccc Qualquer d\u00favida, nosso suporte est\u00e1 \u00e0 disposi\u00e7\u00e3o:<br \/>(11) 94050-7483.<\/strong><br \/>Voc\u00ea tamb\u00e9m pode gostar\u00a0<\/p>\n","protected":false},"excerpt":{"rendered":"<p>Transforme suas lembrancinhas em um gesto de carinho e conscientiza\u00e7\u00e3o!<br \/>A Tag Flowers foi criada especialmente para o Outubro Rosa, trazendo um design delicado e elegante em formato de flor, perfeito para colar em bombons e outras lembran\u00e7as.<\/p>\n","protected":false},"featured_media":70725,"comment_status":"open","ping_status":"closed","template":"","meta":{"bwfblock_default_font":"","_uf_show_specific_survey":0,"_uf_disable_surveys":false},"product_brand":[],"product_cat":[37],"product_tag":[47,53],"class_list":{"0":"post-70712","1":"product","2":"type-product","3":"status-publish","4":"has-post-thumbnail","6":"product_cat-datas-comemorativas","7":"product_tag-datas-comemorativas","8":"product_tag-outubro-rosa","10":"first","11":"instock","12":"sale","13":"downloadable","14":"virtual","15":"purchasable","16":"product-type-simple"},"aioseo_notices":[],"_links":{"self":[{"href":"https:\/\/educacaocomproposito.com.br\/index.php\/wp-json\/wp\/v2\/product\/70712","targetHints":{"allow":["GET"]}}],"collection":[{"href":"https:\/\/educacaocomproposito.com.br\/index.php\/wp-json\/wp\/v2\/product"}],"about":[{"href":"https:\/\/educacaocomproposito.com.br\/index.php\/wp-json\/wp\/v2\/types\/product"}],"replies":[{"embeddable":true,"href":"https:\/\/educacaocomproposito.com.br\/index.php\/wp-json\/wp\/v2\/comments?post=70712"}],"version-history":[{"count":1,"href":"https:\/\/educacaocomproposito.com.br\/index.php\/wp-json\/wp\/v2\/product\/70712\/revisions"}],"predecessor-version":[{"id":70728,"href":"https:\/\/educacaocomproposito.com.br\/index.php\/wp-json\/wp\/v2\/product\/70712\/revisions\/70728"}],"wp:featuredmedia":[{"embeddable":true,"href":"https:\/\/educacaocomproposito.com.br\/index.php\/wp-json\/wp\/v2\/media\/70725"}],"wp:attachment":[{"href":"https:\/\/educacaocomproposito.com.br\/index.php\/wp-json\/wp\/v2\/media?parent=70712"}],"wp:term":[{"taxonomy":"product_brand","embeddable":true,"href":"https:\/\/educacaocomproposito.com.br\/index.php\/wp-json\/wp\/v2\/product_brand?post=70712"},{"taxonomy":"product_cat","embeddable":true,"href":"https:\/\/educacaocomproposito.com.br\/index.php\/wp-json\/wp\/v2\/product_cat?post=70712"},{"taxonomy":"product_tag","embeddable":true,"href":"https:\/\/educacaocomproposito.com.br\/index.php\/wp-json\/wp\/v2\/product_tag?post=70712"}],"curies":[{"name":"wp","href":"https:\/\/api.w.org\/{rel}","templated":true}]}}