{"id":7120,"date":"2025-01-05T07:11:56","date_gmt":"2025-01-05T10:11:56","guid":{"rendered":"https:\/\/educacaocomproposito.com.br\/?post_type=product&#038;p=7120"},"modified":"2025-08-26T14:52:40","modified_gmt":"2025-08-26T17:52:40","slug":"combo-acolhida-para-encontros-pedagogicos-2024","status":"publish","type":"product","link":"https:\/\/educacaocomproposito.com.br\/index.php\/product\/combo-acolhida-para-encontros-pedagogicos-2024\/","title":{"rendered":"Combo &#8211; Acolhida para Encontros Pedag\u00f3gicos 2024"},"content":{"rendered":"<p><strong>Temas dispon\u00edveis:<\/strong><br \/><strong>O Impacto de um Educador:<\/strong> Reflex\u00f5es sobre o papel transformador do educador na sociedade.<br \/><strong>Ch\u00e1 e Autocuidado:<\/strong> Um convite para cuidar de si mesmo enquanto se dedica ao cuidado dos outros.<br \/><strong>Equil\u00edbrio Emocional na Doc\u00eancia:<\/strong> Estrat\u00e9gias para fortalecer a sa\u00fade emocional e manter a harmonia na profiss\u00e3o.<br \/><strong>Caf\u00e9 com Prop\u00f3sito:<\/strong> Momentos de conex\u00e3o e renova\u00e7\u00e3o do prop\u00f3sito educacional.<\/p>\n<p><strong>Detalhes T\u00e9cnicos:<\/strong><br \/>\ud83d\udcc2\u00a0<strong>Arquivo em PDF pronto para impress\u00e3o<\/strong>,\u00a0<strong>100% digital. N\u00e3o Edit\u00e1vel<\/strong>.\u00a0<br \/>\u26a0\ufe0f\u00a0<strong>N\u00e3o<\/strong>\u00a0enviamos pelos\u00a0<strong>CORREIOS.<\/strong><br \/>\u26a0\ufe0f\u00a0<strong>Aten\u00e7\u00e3o:<\/strong>\u00a0Este produto\u00a0<strong>n\u00e3o \u00e9 clipart<\/strong>\u00a0e\u00a0<strong>n\u00e3o disponibilizamos a arte aberta<\/strong>. O material \u00e9 fornecido exclusivamente em\u00a0<strong>arquivos PDF<\/strong>.\u00a0<strong>Uso pessoal, proibida a venda e revenda<\/strong>\u00a0do material f\u00edsico ou digital.<\/p>\n<p><strong>\ud83d\udce5 Como acessar seu arquivo<br \/>Ap\u00f3s a confirma\u00e7\u00e3o do pagamento, voc\u00ea poder\u00e1 baixar o seu produto de tr\u00eas formas pr\u00e1ticas:<br \/><\/strong>1\ufe0f\u20e3 Via e-mail<br \/>Voc\u00ea receber\u00e1 um e-mail com o t\u00edtulo \u201cSeu arquivo chegou\u201d.<br \/>Lembre-se de verificar tamb\u00e9m a caixa de Spam\/Lixo eletr\u00f4nico.<br \/>Para baixar, clique em todos os t\u00edtulos destacados e sublinhados na se\u00e7\u00e3o de Downloads.<br \/>2\ufe0f\u20e3 Via WhatsApp<br \/>Voc\u00ea receber\u00e1 uma mensagem autom\u00e1tica em seu WhatsApp.<br \/>Para receber o arquivo por l\u00e1, basta clicar no bot\u00e3o: \u201cRECEBER meu pedido aqui\u201d.<br \/>3\ufe0f\u20e3 Na sua \u00c1rea do Cliente (site)<br \/>Clique nas tr\u00eas linhas no canto superior esquerdo.<br \/>Acesse Minha Conta &gt; Downloads.<br \/>Baixe diretamente todos os produtos adquiridos.<br \/><strong>\ud83d\udccc Qualquer d\u00favida, nosso suporte est\u00e1 \u00e0 disposi\u00e7\u00e3o:<br \/>(11) 94050-7483.<\/strong><\/p>\n","protected":false},"excerpt":{"rendered":"<p>Transforme seus encontros pedag\u00f3gicos em momentos inspiradores e acolhedores com o <strong>Kit de Acolhidas<\/strong>, desenvolvido para engajar e motivar educadores em temas essenciais. Cada kit \u00e9 cuidadosamente elaborado, trazendo din\u00e2micas envolventes, lembrancinhas significativas e pain\u00e9is tem\u00e1ticos exclusivos para criar uma atmosfera especial.<\/p>\n","protected":false},"featured_media":7121,"comment_status":"open","ping_status":"closed","template":"","meta":{"bwfblock_default_font":"","_uf_show_specific_survey":0,"_uf_disable_surveys":false},"product_brand":[],"product_cat":[38],"product_tag":[70],"class_list":{"0":"post-7120","1":"product","2":"type-product","3":"status-publish","4":"has-post-thumbnail","6":"product_cat-coordenacao-pedagogica","7":"product_tag-coordenacao-pedagogica","9":"first","10":"instock","11":"sale","12":"downloadable","13":"virtual","14":"sold-individually","15":"taxable","16":"purchasable","17":"product-type-simple"},"aioseo_notices":[],"_links":{"self":[{"href":"https:\/\/educacaocomproposito.com.br\/index.php\/wp-json\/wp\/v2\/product\/7120","targetHints":{"allow":["GET"]}}],"collection":[{"href":"https:\/\/educacaocomproposito.com.br\/index.php\/wp-json\/wp\/v2\/product"}],"about":[{"href":"https:\/\/educacaocomproposito.com.br\/index.php\/wp-json\/wp\/v2\/types\/product"}],"replies":[{"embeddable":true,"href":"https:\/\/educacaocomproposito.com.br\/index.php\/wp-json\/wp\/v2\/comments?post=7120"}],"version-history":[{"count":3,"href":"https:\/\/educacaocomproposito.com.br\/index.php\/wp-json\/wp\/v2\/product\/7120\/revisions"}],"predecessor-version":[{"id":61992,"href":"https:\/\/educacaocomproposito.com.br\/index.php\/wp-json\/wp\/v2\/product\/7120\/revisions\/61992"}],"wp:featuredmedia":[{"embeddable":true,"href":"https:\/\/educacaocomproposito.com.br\/index.php\/wp-json\/wp\/v2\/media\/7121"}],"wp:attachment":[{"href":"https:\/\/educacaocomproposito.com.br\/index.php\/wp-json\/wp\/v2\/media?parent=7120"}],"wp:term":[{"taxonomy":"product_brand","embeddable":true,"href":"https:\/\/educacaocomproposito.com.br\/index.php\/wp-json\/wp\/v2\/product_brand?post=7120"},{"taxonomy":"product_cat","embeddable":true,"href":"https:\/\/educacaocomproposito.com.br\/index.php\/wp-json\/wp\/v2\/product_cat?post=7120"},{"taxonomy":"product_tag","embeddable":true,"href":"https:\/\/educacaocomproposito.com.br\/index.php\/wp-json\/wp\/v2\/product_tag?post=7120"}],"curies":[{"name":"wp","href":"https:\/\/api.w.org\/{rel}","templated":true}]}}