{"id":71560,"date":"2025-10-06T00:45:14","date_gmt":"2025-10-06T03:45:14","guid":{"rendered":"https:\/\/educacaocomproposito.com.br\/?post_type=product&#038;p=71560"},"modified":"2025-10-06T01:30:29","modified_gmt":"2025-10-06T04:30:29","slug":"kit-decorativo-cafe-dia-do-servidor-publico","status":"publish","type":"product","link":"https:\/\/educacaocomproposito.com.br\/index.php\/product\/kit-decorativo-cafe-dia-do-servidor-publico\/","title":{"rendered":"Kit Decorativo Caf\u00e9 \u2013 Dia do Servidor P\u00fablico"},"content":{"rendered":"<p>\ud83d\udce6 <strong>O que voc\u00ea encontrar\u00e1 no kit:<\/strong><br \/>\u2615 <strong>Mini Painel Tem\u00e1tico<\/strong> \u2013 composto por 8 folhas A4, formando uma arte inspiradora e comemorativa;<br \/>\ud83c\udf74 <strong>Porta-talheres decorativo<\/strong> \u2013 para compor a mesa com charme;<br \/>\ud83c\udf38 <strong>Sousplat tem\u00e1tico<\/strong> \u2013 com uma <strong>mensagem especial de homenagem<\/strong> aos servidores;<br \/>\ud83d\udc90 <strong>Faixa para vaso de flor<\/strong> \u2013 ideal para enfeitar o ambiente e transmitir carinho;<br \/>\ud83c\udff7\ufe0f <strong>Tag para copo e porta-guardanapo<\/strong> \u2013 pequenos detalhes que encantam;<br \/>\ud83c\udf82 <strong>Topper de bolo<\/strong> \u2013 perfeito para completar o clima de celebra\u00e7\u00e3o!<br \/>\ud83d\udcac <strong>Indicado para:<\/strong> escolas, reparti\u00e7\u00f5es p\u00fablicas, secretarias, creches e qualquer ambiente que queira <strong>demonstrar gratid\u00e3o aos servidores<\/strong> de forma criativa e elegante.<\/p>\n<p><strong>Detalhes T\u00e9cnicos:<br \/><\/strong>\ud83d\udcc2\u00a0<strong>Arquivo em PDF<\/strong>, pronto para impress\u00e3o. 100% Digital.<br \/>\u26a0\ufe0f Arquivo N\u00c3O EDIT\u00c1VEL.<br \/>\u26a0\ufe0f N\u00e3o enviamos pelos CORREIOS.<br \/>\u26a0\ufe0f Aten\u00e7\u00e3o: Este produto n\u00e3o \u00e9 clipart e n\u00e3o disponibilizamos a arte aberta. O material \u00e9 fornecido exclusivamente em arquivos PDF. Uso pessoal, proibida a venda e revenda do material f\u00edsico ou digital.<\/p>\n<p><strong>\ud83d\udce5 Como acessar seu arquivo<br \/>Ap\u00f3s a confirma\u00e7\u00e3o do pagamento, voc\u00ea poder\u00e1 baixar o seu produto de tr\u00eas formas pr\u00e1ticas:<br \/><\/strong>1\ufe0f\u20e3 Via e-mail<br \/>Voc\u00ea receber\u00e1 um e-mail com o t\u00edtulo \u201cSeu arquivo chegou\u201d.<br \/>Lembre-se de verificar tamb\u00e9m a caixa de Spam\/Lixo eletr\u00f4nico.<br \/>Para baixar, clique em todos os t\u00edtulos destacados e sublinhados na se\u00e7\u00e3o de Downloads.<br \/>2\ufe0f\u20e3 Via WhatsApp<br \/>Voc\u00ea receber\u00e1 uma mensagem autom\u00e1tica em seu WhatsApp.<br \/>Para receber o arquivo por l\u00e1, basta clicar no bot\u00e3o: \u201cRECEBER meu pedido aqui\u201d.<br \/>3\ufe0f\u20e3 Na sua \u00c1rea do Cliente (site)<br \/>Clique nas tr\u00eas linhas no canto superior esquerdo.<br \/>Acesse Minha Conta &gt; Downloads.<br \/>Baixe diretamente todos os produtos adquiridos.<br \/><strong>\ud83d\udccc Qualquer d\u00favida, nosso suporte est\u00e1 \u00e0 disposi\u00e7\u00e3o:<br \/>(11) 94050-7483.<\/strong><\/p>\n","protected":false},"excerpt":{"rendered":"<p>Celebre o <strong>Dia do Servidor P\u00fablico (28 de outubro)<\/strong> com uma decora\u00e7\u00e3o especial que valoriza quem dedica sua vida a servir com amor, \u00e9tica e comprometimento! \ud83d\udc99<\/p>\n<p>Este kit foi criado para transformar o seu <strong>cantinho do caf\u00e9, sala dos professores ou espa\u00e7o institucional<\/strong> em um ambiente acolhedor, cheio de significado e reconhecimento.<br \/>Com design elegante e toques aquarelados, ele transmite gratid\u00e3o e apre\u00e7o a todos os profissionais que fazem a diferen\u00e7a todos os dias!<\/p>\n","protected":false},"featured_media":71575,"comment_status":"open","ping_status":"closed","template":"","meta":{"bwfblock_default_font":"","_uf_show_specific_survey":0,"_uf_disable_surveys":false},"product_brand":[],"product_cat":[37],"product_tag":[47,56],"class_list":{"0":"post-71560","1":"product","2":"type-product","3":"status-publish","4":"has-post-thumbnail","6":"product_cat-datas-comemorativas","7":"product_tag-datas-comemorativas","8":"product_tag-dia-do-servidor-publico","10":"first","11":"instock","12":"sale","13":"downloadable","14":"virtual","15":"sold-individually","16":"taxable","17":"purchasable","18":"product-type-simple"},"aioseo_notices":[],"_links":{"self":[{"href":"https:\/\/educacaocomproposito.com.br\/index.php\/wp-json\/wp\/v2\/product\/71560","targetHints":{"allow":["GET"]}}],"collection":[{"href":"https:\/\/educacaocomproposito.com.br\/index.php\/wp-json\/wp\/v2\/product"}],"about":[{"href":"https:\/\/educacaocomproposito.com.br\/index.php\/wp-json\/wp\/v2\/types\/product"}],"replies":[{"embeddable":true,"href":"https:\/\/educacaocomproposito.com.br\/index.php\/wp-json\/wp\/v2\/comments?post=71560"}],"version-history":[{"count":1,"href":"https:\/\/educacaocomproposito.com.br\/index.php\/wp-json\/wp\/v2\/product\/71560\/revisions"}],"predecessor-version":[{"id":71574,"href":"https:\/\/educacaocomproposito.com.br\/index.php\/wp-json\/wp\/v2\/product\/71560\/revisions\/71574"}],"wp:featuredmedia":[{"embeddable":true,"href":"https:\/\/educacaocomproposito.com.br\/index.php\/wp-json\/wp\/v2\/media\/71575"}],"wp:attachment":[{"href":"https:\/\/educacaocomproposito.com.br\/index.php\/wp-json\/wp\/v2\/media?parent=71560"}],"wp:term":[{"taxonomy":"product_brand","embeddable":true,"href":"https:\/\/educacaocomproposito.com.br\/index.php\/wp-json\/wp\/v2\/product_brand?post=71560"},{"taxonomy":"product_cat","embeddable":true,"href":"https:\/\/educacaocomproposito.com.br\/index.php\/wp-json\/wp\/v2\/product_cat?post=71560"},{"taxonomy":"product_tag","embeddable":true,"href":"https:\/\/educacaocomproposito.com.br\/index.php\/wp-json\/wp\/v2\/product_tag?post=71560"}],"curies":[{"name":"wp","href":"https:\/\/api.w.org\/{rel}","templated":true}]}}