{"id":75037,"date":"2025-10-27T22:12:38","date_gmt":"2025-10-28T01:12:38","guid":{"rendered":"https:\/\/educacaocomproposito.com.br\/?post_type=product&#038;p=75037"},"modified":"2025-10-27T23:42:06","modified_gmt":"2025-10-28T02:42:06","slug":"kit-alunos-destaque-saeb","status":"publish","type":"product","link":"https:\/\/educacaocomproposito.com.br\/index.php\/product\/kit-alunos-destaque-saeb\/","title":{"rendered":"Kit Alunos Destaque SAEB"},"content":{"rendered":"<p>\u2728 <strong>O kit cont\u00e9m:<\/strong><br \/>&#8211; Painel tem\u00e1tico \u201cAlunos Destaque do SAEB\u201d &#8211; Total de 9 folhas A4;<br \/>&#8211; Moldura Polaroid para foto dos alunos edit\u00e1vel no Canva (vers\u00e3o gratuita ou Pro);<br \/>&#8211; Frases decorativas e estrelas de destaque;<br \/>&#8211; Cartinha para os pais e respons\u00e1veis &#8211; edit\u00e1vel no Canva (vers\u00e3o gratuita ou Pro);<br \/>&#8211; Cartinha de reconhecimento para os alunos &#8211; edit\u00e1vel no Canva (vers\u00e3o gratuita ou Pro);<br \/>&#8211; Porta Doces &#8211; Trof\u00e9u SAEB.<br \/>&#8211; Tutorial em v\u00eddeo para montagem e edi\u00e7\u00e3o dos itens edit\u00e1veis.<\/p>\n","protected":false},"excerpt":{"rendered":"<p>Celebre com orgulho o desempenho dos seus alunos na Avalia\u00e7\u00e3o do SAEB!<br \/>Este kit foi preparado com muito carinho para valorizar e reconhecer o esfor\u00e7o e a dedica\u00e7\u00e3o dos estudantes que se destacaram nesta importante avalia\u00e7\u00e3o.<\/p>\n<p>O material inclui elementos visuais alegres e coloridos, que transformam o momento de entrega em uma homenagem cheia de significado. Ideal para montar um <strong>painel de reconhecimento<\/strong>, destacar as <strong>fotos dos alunos<\/strong> e criar um ambiente inspirador dentro da escola.<\/p>\n","protected":false},"featured_media":75052,"comment_status":"open","ping_status":"closed","template":"","meta":{"bwfblock_default_font":"","_uf_show_specific_survey":0,"_uf_disable_surveys":false},"product_brand":[],"product_cat":[107],"product_tag":[88],"class_list":{"0":"post-75037","1":"product","2":"type-product","3":"status-publish","4":"has-post-thumbnail","6":"product_cat-saeb","7":"product_tag-saeb","9":"first","10":"instock","11":"sale","12":"downloadable","13":"virtual","14":"sold-individually","15":"taxable","16":"purchasable","17":"product-type-simple"},"aioseo_notices":[],"_links":{"self":[{"href":"https:\/\/educacaocomproposito.com.br\/index.php\/wp-json\/wp\/v2\/product\/75037","targetHints":{"allow":["GET"]}}],"collection":[{"href":"https:\/\/educacaocomproposito.com.br\/index.php\/wp-json\/wp\/v2\/product"}],"about":[{"href":"https:\/\/educacaocomproposito.com.br\/index.php\/wp-json\/wp\/v2\/types\/product"}],"replies":[{"embeddable":true,"href":"https:\/\/educacaocomproposito.com.br\/index.php\/wp-json\/wp\/v2\/comments?post=75037"}],"version-history":[{"count":1,"href":"https:\/\/educacaocomproposito.com.br\/index.php\/wp-json\/wp\/v2\/product\/75037\/revisions"}],"predecessor-version":[{"id":75038,"href":"https:\/\/educacaocomproposito.com.br\/index.php\/wp-json\/wp\/v2\/product\/75037\/revisions\/75038"}],"wp:featuredmedia":[{"embeddable":true,"href":"https:\/\/educacaocomproposito.com.br\/index.php\/wp-json\/wp\/v2\/media\/75052"}],"wp:attachment":[{"href":"https:\/\/educacaocomproposito.com.br\/index.php\/wp-json\/wp\/v2\/media?parent=75037"}],"wp:term":[{"taxonomy":"product_brand","embeddable":true,"href":"https:\/\/educacaocomproposito.com.br\/index.php\/wp-json\/wp\/v2\/product_brand?post=75037"},{"taxonomy":"product_cat","embeddable":true,"href":"https:\/\/educacaocomproposito.com.br\/index.php\/wp-json\/wp\/v2\/product_cat?post=75037"},{"taxonomy":"product_tag","embeddable":true,"href":"https:\/\/educacaocomproposito.com.br\/index.php\/wp-json\/wp\/v2\/product_tag?post=75037"}],"curies":[{"name":"wp","href":"https:\/\/api.w.org\/{rel}","templated":true}]}}