{"id":75642,"date":"2025-11-03T19:18:31","date_gmt":"2025-11-03T22:18:31","guid":{"rendered":"https:\/\/educacaocomproposito.com.br\/?post_type=product&#038;p=75642"},"modified":"2025-11-03T19:40:27","modified_gmt":"2025-11-03T22:40:27","slug":"kit-dia-do-diretor-escolar-liderar-com-sabedoria-e-inspirar-com-o-coracao","status":"publish","type":"product","link":"https:\/\/educacaocomproposito.com.br\/index.php\/product\/kit-dia-do-diretor-escolar-liderar-com-sabedoria-e-inspirar-com-o-coracao\/","title":{"rendered":"Kit Dia do Diretor Escolar \u2013 Liderar com Sabedoria \u00e9 Inspirar com o Cora\u00e7\u00e3o"},"content":{"rendered":"<p>\u2728 <strong>O kit cont\u00e9m:<\/strong><br \/><strong>Painel Base \u201cFeliz Dia do(a) Diretor(a) Escolar\u201d<\/strong> \u2013 total de <strong>12 folhas A4<\/strong>;<br \/><strong>Estante Decorativa<\/strong> \u2013 6 folhas A4;<br \/><strong>Faixa Complementar<\/strong> &#8211; 1 folha A4;<br \/><strong>Cantinho de Homenagem<\/strong> com post-its para mensagens;<br \/><strong>Foto para Porta-Retrato<\/strong> edit\u00e1vel no <strong>Canva<\/strong> (vers\u00e3o gratuita ou Pro);<br \/><strong>Caixa Envelope para Lembrancinhas Tem\u00e1ticas<\/strong> em duas op\u00e7\u00f5es de cores: azul e vermelho;<br \/><strong>Acompanha tutoriais em v\u00eddeo para montagem e edi\u00e7\u00e3o da foto do Porta-Retrato;<br \/><\/strong><br \/>\ud83d\udca1 <strong>Detalhes T\u00e9cnicos<\/strong><br \/>\u26a0\ufe0f Formato: <strong>PDF &#8211;<\/strong> <strong>A4<\/strong><br \/>\u26a0\ufe0f Indicado para impress\u00e3o em <strong>papel fotogr\u00e1fico matte 180g<\/strong> (Acabamento: <strong>fosco)<\/strong><br \/>\u26a0\ufe0f Arquivo <strong>100% digital<\/strong>, pronto para imprimir<br \/>\u26a0\ufe0f Acompanha <strong>instru\u00e7\u00f5es detalhadas<\/strong> de montagem e recorte.<br \/>\u26a0\ufe0f N\u00e3o enviamos pelos CORREIOS.<br \/>\u26a0\ufe0f Aten\u00e7\u00e3o: Este produto n\u00e3o \u00e9 clipart e n\u00e3o disponibilizamos a arte aberta. O material \u00e9 fornecido exclusivamente em arquivos PDF. Uso pessoal, proibida a venda e revenda do material f\u00edsico ou digital.<\/p>\n<p><strong>\ud83d\udce5 Como acessar seu arquivo<br \/>Ap\u00f3s a confirma\u00e7\u00e3o do pagamento, voc\u00ea poder\u00e1 baixar o seu produto de tr\u00eas formas pr\u00e1ticas:<br \/><\/strong>1\ufe0f\u20e3 Via e-mail<br \/>Voc\u00ea receber\u00e1 um e-mail com o t\u00edtulo \u201cSeu arquivo chegou\u201d.<br \/>Lembre-se de verificar tamb\u00e9m a caixa de Spam\/Lixo eletr\u00f4nico.<br \/>Para baixar, clique em todos os t\u00edtulos destacados e sublinhados na se\u00e7\u00e3o de Downloads.<br \/>2\ufe0f\u20e3 Via WhatsApp<br \/>Voc\u00ea receber\u00e1 uma mensagem autom\u00e1tica em seu WhatsApp.<br \/>Para receber o arquivo por l\u00e1, basta clicar no bot\u00e3o: \u201cRECEBER meu pedido aqui\u201d.<br \/>3\ufe0f\u20e3 Na sua \u00c1rea do Cliente (site)<br \/>Clique nas tr\u00eas linhas no canto superior esquerdo.<br \/>Acesse Minha Conta &gt; Downloads.<br \/>Baixe diretamente todos os produtos adquiridos.<br \/><strong>\ud83d\udccc Qualquer d\u00favida, nosso suporte est\u00e1 \u00e0 disposi\u00e7\u00e3o:<br \/>(11) 94050-7483.<\/strong><\/p>\n","protected":false},"excerpt":{"rendered":"<p>Celebre o <strong>Dia do Diretor Escolar<\/strong> com um kit cheio de significado, beleza e reconhecimento!<br \/>Este material foi criado para <strong>homenagear quem conduz com sabedoria, acolhe com empatia e inspira com o exemplo<\/strong>.<br \/>Perfeito para decorar a escola, organizar um cantinho de homenagem e emocionar toda a equipe.<\/p>\n","protected":false},"featured_media":75653,"comment_status":"open","ping_status":"closed","template":"","meta":{"bwfblock_default_font":"","_uf_show_specific_survey":0,"_uf_disable_surveys":false},"product_brand":[85],"product_cat":[37],"product_tag":[47],"class_list":{"0":"post-75642","1":"product","2":"type-product","3":"status-publish","4":"has-post-thumbnail","6":"product_brand-gestao-escolar","7":"product_cat-datas-comemorativas","8":"product_tag-datas-comemorativas","10":"first","11":"instock","12":"sale","13":"downloadable","14":"virtual","15":"sold-individually","16":"taxable","17":"purchasable","18":"product-type-simple"},"aioseo_notices":[],"_links":{"self":[{"href":"https:\/\/educacaocomproposito.com.br\/index.php\/wp-json\/wp\/v2\/product\/75642","targetHints":{"allow":["GET"]}}],"collection":[{"href":"https:\/\/educacaocomproposito.com.br\/index.php\/wp-json\/wp\/v2\/product"}],"about":[{"href":"https:\/\/educacaocomproposito.com.br\/index.php\/wp-json\/wp\/v2\/types\/product"}],"replies":[{"embeddable":true,"href":"https:\/\/educacaocomproposito.com.br\/index.php\/wp-json\/wp\/v2\/comments?post=75642"}],"version-history":[{"count":1,"href":"https:\/\/educacaocomproposito.com.br\/index.php\/wp-json\/wp\/v2\/product\/75642\/revisions"}],"predecessor-version":[{"id":75655,"href":"https:\/\/educacaocomproposito.com.br\/index.php\/wp-json\/wp\/v2\/product\/75642\/revisions\/75655"}],"wp:featuredmedia":[{"embeddable":true,"href":"https:\/\/educacaocomproposito.com.br\/index.php\/wp-json\/wp\/v2\/media\/75653"}],"wp:attachment":[{"href":"https:\/\/educacaocomproposito.com.br\/index.php\/wp-json\/wp\/v2\/media?parent=75642"}],"wp:term":[{"taxonomy":"product_brand","embeddable":true,"href":"https:\/\/educacaocomproposito.com.br\/index.php\/wp-json\/wp\/v2\/product_brand?post=75642"},{"taxonomy":"product_cat","embeddable":true,"href":"https:\/\/educacaocomproposito.com.br\/index.php\/wp-json\/wp\/v2\/product_cat?post=75642"},{"taxonomy":"product_tag","embeddable":true,"href":"https:\/\/educacaocomproposito.com.br\/index.php\/wp-json\/wp\/v2\/product_tag?post=75642"}],"curies":[{"name":"wp","href":"https:\/\/api.w.org\/{rel}","templated":true}]}}