{"id":75987,"date":"2025-11-05T11:59:11","date_gmt":"2025-11-05T14:59:11","guid":{"rendered":"https:\/\/educacaocomproposito.com.br\/?post_type=product&#038;p=75987"},"modified":"2025-11-13T16:42:19","modified_gmt":"2025-11-13T19:42:19","slug":"kit-leitor-destaque","status":"publish","type":"product","link":"https:\/\/educacaocomproposito.com.br\/index.php\/product\/kit-leitor-destaque\/","title":{"rendered":"Kit \u2013 Leitor Destaque"},"content":{"rendered":"<p>O que voc\u00ea encontrar\u00e1 no kit:<br \/><strong>&#8211; Painel Base<\/strong> (formato livro aberto, pronto para montar e decorar); <br \/>\ud83d\udccc <strong>Medida do painel base montado:<\/strong> 101,5 x 86 cm<br \/><strong>&#8211; Certificado Leitor Destaque<\/strong> (edit\u00e1vel no Canva, Pro ou Gratuito);<br \/>&#8211; Galeria: Leitor Destaque (Nome, foto e turma edit\u00e1vel no Canva Pro ou Gratuito);<br \/>&#8211; <strong>Estrelas decorativas<\/strong> para complementar a decora\u00e7\u00e3o;<br \/>&#8211; <strong>Fichas de Controle de Leitura<\/strong>;<br \/>&#8211; <strong>Lembrancinha Oscar<\/strong> em vers\u00e3o tem\u00e1tica para leitores;<br \/>&#8211; <strong>Bases 3D em formato de livros<\/strong> para painel e lembrancinhas;|<br \/>&#8211; <strong>Tutoriais em v\u00eddeo<\/strong> para montagem e edi\u00e7\u00e3o dos materiais.<\/p>\n<p><strong>Detalhes T\u00e9cnicos:<br \/><\/strong>\ud83d\udcc2\u00a0<strong>Arquivo em PDF<\/strong>, pronto para impress\u00e3o. 100% Digital.<br \/>\u26a0\ufe0f\u00a0<strong>Alguns itens edit\u00e1veis &#8211; Confira na descri\u00e7\u00e3o detalhada acima. Edi\u00e7\u00f5es no Canva Pro ou Gratuito<\/strong>.<br \/>\u26a0\ufe0f N\u00e3o enviamos pelos CORREIOS.<br \/>\u26a0\ufe0f Aten\u00e7\u00e3o: Este produto n\u00e3o \u00e9 clipart e n\u00e3o disponibilizamos a arte aberta. O material \u00e9 fornecido exclusivamente em arquivos PDF. Uso pessoal, proibida a venda e revenda do material f\u00edsico ou digital.<\/p>\n<p><strong>\ud83d\udce5 Como acessar seu arquivo<br \/>Ap\u00f3s a confirma\u00e7\u00e3o do pagamento, voc\u00ea poder\u00e1 baixar o seu produto de tr\u00eas formas pr\u00e1ticas:<br \/><\/strong>1\ufe0f\u20e3 Via e-mail<br \/>Voc\u00ea receber\u00e1 um e-mail com o t\u00edtulo \u201cSeu arquivo chegou\u201d.<br \/>Lembre-se de verificar tamb\u00e9m a caixa de Spam\/Lixo eletr\u00f4nico.<br \/>Para baixar, clique em todos os t\u00edtulos destacados e sublinhados na se\u00e7\u00e3o de Downloads.<br \/>2\ufe0f\u20e3 Via WhatsApp<br \/>Voc\u00ea receber\u00e1 uma mensagem autom\u00e1tica em seu WhatsApp.<br \/>Para receber o arquivo por l\u00e1, basta clicar no bot\u00e3o: \u201cRECEBER meu pedido aqui\u201d.<br \/>3\ufe0f\u20e3 Na sua \u00c1rea do Cliente (site)<br \/>Clique nas tr\u00eas linhas no canto superior esquerdo.<br \/>Acesse Minha Conta &gt; Downloads.<br \/>Baixe diretamente todos os produtos adquiridos.<br \/><strong>\ud83d\udccc Qualquer d\u00favida, nosso suporte est\u00e1 \u00e0 disposi\u00e7\u00e3o:<br \/>(11) 94050-7483.<\/strong><br \/>Voc\u00ea tamb\u00e9m pode gostar\u00a0<\/p>\n","protected":false},"excerpt":{"rendered":"<p>Um material completo para valorizar e homenagear os alunos que se destacaram no universo da leitura. O kit foi desenvolvido em estilo aquarelado, com elementos criativos e simb\u00f3licos que transformam a celebra\u00e7\u00e3o em um momento \u00fanico.<\/p>\n","protected":false},"featured_media":69725,"comment_status":"open","ping_status":"closed","template":"","meta":{"bwfblock_default_font":"","_uf_show_specific_survey":0,"_uf_disable_surveys":false},"product_brand":[],"product_cat":[117],"product_tag":[118],"class_list":{"0":"post-75987","1":"product","2":"type-product","3":"status-publish","4":"has-post-thumbnail","6":"product_cat-projetos","7":"product_tag-leitor-destaque","9":"first","10":"instock","11":"sale","12":"downloadable","13":"virtual","14":"sold-individually","15":"taxable","16":"purchasable","17":"product-type-simple"},"aioseo_notices":[],"_links":{"self":[{"href":"https:\/\/educacaocomproposito.com.br\/index.php\/wp-json\/wp\/v2\/product\/75987","targetHints":{"allow":["GET"]}}],"collection":[{"href":"https:\/\/educacaocomproposito.com.br\/index.php\/wp-json\/wp\/v2\/product"}],"about":[{"href":"https:\/\/educacaocomproposito.com.br\/index.php\/wp-json\/wp\/v2\/types\/product"}],"replies":[{"embeddable":true,"href":"https:\/\/educacaocomproposito.com.br\/index.php\/wp-json\/wp\/v2\/comments?post=75987"}],"version-history":[{"count":1,"href":"https:\/\/educacaocomproposito.com.br\/index.php\/wp-json\/wp\/v2\/product\/75987\/revisions"}],"predecessor-version":[{"id":75990,"href":"https:\/\/educacaocomproposito.com.br\/index.php\/wp-json\/wp\/v2\/product\/75987\/revisions\/75990"}],"wp:featuredmedia":[{"embeddable":true,"href":"https:\/\/educacaocomproposito.com.br\/index.php\/wp-json\/wp\/v2\/media\/69725"}],"wp:attachment":[{"href":"https:\/\/educacaocomproposito.com.br\/index.php\/wp-json\/wp\/v2\/media?parent=75987"}],"wp:term":[{"taxonomy":"product_brand","embeddable":true,"href":"https:\/\/educacaocomproposito.com.br\/index.php\/wp-json\/wp\/v2\/product_brand?post=75987"},{"taxonomy":"product_cat","embeddable":true,"href":"https:\/\/educacaocomproposito.com.br\/index.php\/wp-json\/wp\/v2\/product_cat?post=75987"},{"taxonomy":"product_tag","embeddable":true,"href":"https:\/\/educacaocomproposito.com.br\/index.php\/wp-json\/wp\/v2\/product_tag?post=75987"}],"curies":[{"name":"wp","href":"https:\/\/api.w.org\/{rel}","templated":true}]}}