{"id":76066,"date":"2025-11-05T19:30:28","date_gmt":"2025-11-05T22:30:28","guid":{"rendered":"https:\/\/educacaocomproposito.com.br\/?post_type=product&#038;p=76066"},"modified":"2025-11-05T19:59:27","modified_gmt":"2025-11-05T22:59:27","slug":"kit-recordacoes-da-turma","status":"publish","type":"product","link":"https:\/\/educacaocomproposito.com.br\/index.php\/product\/kit-recordacoes-da-turma\/","title":{"rendered":"Kit Recorda\u00e7\u00f5es da Turma"},"content":{"rendered":"<p>\ud83d\udcd8 <strong>O kit cont\u00e9m:<\/strong><br \/><strong>Painel \u201cRecorda\u00e7\u00f5es da Turma\u201d<\/strong> \u2013 tamanho total <strong>95x64cm<\/strong>, composto por 15 folhas A4 para montagem;<br \/><strong>Lembrancinha personaliz\u00e1vel <\/strong>com design especial e espa\u00e7o para fotos da turma;<br \/><strong>Arquivos edit\u00e1veis no Canva<\/strong> (vers\u00e3o gratuita ou Pro);<br \/><strong>V\u00eddeos tutoriais<\/strong> de montagem e edi\u00e7\u00e3o com passo a passo detalhado.<\/p>\n<p>\ud83d\udca1\u00a0<strong>Detalhes T\u00e9cnicos<\/strong><br \/>\u26a0\ufe0f Formato:\u00a0<strong>PDF \u2013<\/strong>\u00a0<strong>A4<\/strong><br \/>\u26a0\ufe0f Arquivo\u00a0<strong>100% digital<\/strong>, pronto para impress\u00e3o. <br \/>\u26a0\ufe0f Possui itens edit\u00e1veis no Canva pro ou gratuito. <br \/>\u26a0\ufe0f Acompanha\u00a0<strong>instru\u00e7\u00f5es detalhadas<\/strong>\u00a0de montagem e recorte.<br \/>\u26a0\ufe0f N\u00e3o enviamos pelos CORREIOS.<br \/>\u26a0\ufe0f Aten\u00e7\u00e3o: Este produto n\u00e3o \u00e9 clipart e n\u00e3o disponibilizamos a arte aberta. O material \u00e9 fornecido exclusivamente em arquivos PDF. Uso pessoal, proibida a venda e revenda do material f\u00edsico ou digital.<\/p>\n<p><strong>\ud83d\udce5 Como acessar seu arquivo<br \/>Ap\u00f3s a confirma\u00e7\u00e3o do pagamento, voc\u00ea poder\u00e1 baixar o seu produto de tr\u00eas formas pr\u00e1ticas:<br \/><\/strong>1\ufe0f\u20e3 Via e-mail<br \/>Voc\u00ea receber\u00e1 um e-mail com o t\u00edtulo \u201cSeu arquivo chegou\u201d.<br \/>Lembre-se de verificar tamb\u00e9m a caixa de Spam\/Lixo eletr\u00f4nico.<br \/>Para baixar, clique em todos os t\u00edtulos destacados e sublinhados na se\u00e7\u00e3o de Downloads.<br \/>2\ufe0f\u20e3 Via WhatsApp<br \/>Voc\u00ea receber\u00e1 uma mensagem autom\u00e1tica em seu WhatsApp.<br \/>Para receber o arquivo por l\u00e1, basta clicar no bot\u00e3o: \u201cRECEBER meu pedido aqui\u201d.<br \/>3\ufe0f\u20e3 Na sua \u00c1rea do Cliente (site)<br \/>Clique nas tr\u00eas linhas no canto superior esquerdo.<br \/>Acesse Minha Conta &gt; Downloads.<br \/>Baixe diretamente todos os produtos adquiridos.<br \/><strong>\ud83d\udccc Qualquer d\u00favida, nosso suporte est\u00e1 \u00e0 disposi\u00e7\u00e3o:<br \/>(11) 94050-7483.<\/strong><\/p>\n","protected":false},"excerpt":{"rendered":"<p>Celebre o encerramento do ano letivo com um registro cheio de carinho e significado!<br \/>O <strong>Kit Recorda\u00e7\u00f5es da Turma <\/strong>foi preparado especialmente para eternizar os melhores momentos vividos em sala de aula, criando um cantinho de mem\u00f3rias afetivas entre alunos e professora. \ud83c\udf08<\/p>\n","protected":false},"featured_media":76067,"comment_status":"open","ping_status":"closed","template":"","meta":{"bwfblock_default_font":"","_uf_show_specific_survey":0,"_uf_disable_surveys":false},"product_brand":[],"product_cat":[37],"product_tag":[119,47],"class_list":{"0":"post-76066","1":"product","2":"type-product","3":"status-publish","4":"has-post-thumbnail","6":"product_cat-datas-comemorativas","7":"product_tag-aula-da-saudade","8":"product_tag-datas-comemorativas","10":"first","11":"instock","12":"sale","13":"downloadable","14":"virtual","15":"sold-individually","16":"purchasable","17":"product-type-simple"},"aioseo_notices":[],"_links":{"self":[{"href":"https:\/\/educacaocomproposito.com.br\/index.php\/wp-json\/wp\/v2\/product\/76066","targetHints":{"allow":["GET"]}}],"collection":[{"href":"https:\/\/educacaocomproposito.com.br\/index.php\/wp-json\/wp\/v2\/product"}],"about":[{"href":"https:\/\/educacaocomproposito.com.br\/index.php\/wp-json\/wp\/v2\/types\/product"}],"replies":[{"embeddable":true,"href":"https:\/\/educacaocomproposito.com.br\/index.php\/wp-json\/wp\/v2\/comments?post=76066"}],"version-history":[{"count":1,"href":"https:\/\/educacaocomproposito.com.br\/index.php\/wp-json\/wp\/v2\/product\/76066\/revisions"}],"predecessor-version":[{"id":76079,"href":"https:\/\/educacaocomproposito.com.br\/index.php\/wp-json\/wp\/v2\/product\/76066\/revisions\/76079"}],"wp:featuredmedia":[{"embeddable":true,"href":"https:\/\/educacaocomproposito.com.br\/index.php\/wp-json\/wp\/v2\/media\/76067"}],"wp:attachment":[{"href":"https:\/\/educacaocomproposito.com.br\/index.php\/wp-json\/wp\/v2\/media?parent=76066"}],"wp:term":[{"taxonomy":"product_brand","embeddable":true,"href":"https:\/\/educacaocomproposito.com.br\/index.php\/wp-json\/wp\/v2\/product_brand?post=76066"},{"taxonomy":"product_cat","embeddable":true,"href":"https:\/\/educacaocomproposito.com.br\/index.php\/wp-json\/wp\/v2\/product_cat?post=76066"},{"taxonomy":"product_tag","embeddable":true,"href":"https:\/\/educacaocomproposito.com.br\/index.php\/wp-json\/wp\/v2\/product_tag?post=76066"}],"curies":[{"name":"wp","href":"https:\/\/api.w.org\/{rel}","templated":true}]}}