{"id":76379,"date":"2025-11-07T12:27:19","date_gmt":"2025-11-07T15:27:19","guid":{"rendered":"https:\/\/educacaocomproposito.com.br\/?post_type=product&#038;p=76379"},"modified":"2025-11-07T19:24:51","modified_gmt":"2025-11-07T22:24:51","slug":"kit-digital-formatura-abc","status":"publish","type":"product","link":"https:\/\/educacaocomproposito.com.br\/index.php\/product\/kit-digital-formatura-abc\/","title":{"rendered":"\ud83c\udf93 KIT DIGITAL &#8211; FORMATURA ABC"},"content":{"rendered":"<p>\ud83d\udcf8 <strong>Painel Tem\u00e1tico:<\/strong> <em>Viajando pelo Mundo do ABC<\/em> (medida aprox.: 2,45&#215;1,85m) &#8211; ideal para criar fotos incr\u00edveis e memor\u00e1veis!<br \/>\ud83d\uddbc\ufe0f <strong>Porta-Retrato ABC Edit\u00e1vel:<\/strong> Personalize facilmente no Canva (vers\u00f5es gratuita ou paga).<br \/>\ud83d\udcdc <strong>Diploma ABC Edit\u00e1vel:<\/strong> Um modelo emocionante para celebrar as conquistas dos formandos.<br \/>\ud83c\udfa9 <strong>Capelo Personalizado:<\/strong> Para os pequenos brilharem com estilo durante a cerim\u00f4nia.<br \/>\ud83d\udc8c <strong>Kit de Recep\u00e7\u00e3o para os Pais:<\/strong> Inclui um delicado <em>Porta L\u00e1grimas de Alegria<\/em> e um emocionante Cart\u00e3o de Agradecimento.<br \/>\ud83d\udc8c <strong>Faixa num\u00e9rica anual:<\/strong> Faixas correspondentes aos anos de 2025 a 2030.<\/p>\n<p>\ud83c\udfa5 <strong>Extras Exclusivos:<\/strong><br \/>PDF com v\u00eddeos de montagem detalhados.<br \/>Links para edi\u00e7\u00e3o r\u00e1pida e pr\u00e1tica.<br \/>Tutoriais instrucionais para garantir que tudo fique perfeito!<\/p>\n<p>\u2728 <strong>Torne a formatura ABC um evento m\u00e1gico, cheio de carinho e mem\u00f3rias inesquec\u00edveis!<\/strong><br \/>\ud83d\udcc2 <strong>Formato:<\/strong> Arquivo 100% digital, pronto para personaliza\u00e7\u00e3o e impress\u00e3o.<br \/>\ud83d\ude80 <strong>Dispon\u00edvel para download imediato ap\u00f3s a compra!<\/strong> <strong>Verifique o spam<\/strong>.<\/p>\n<p><strong>\ud83d\udce5 Como acessar seu arquivo<br \/>Ap\u00f3s a confirma\u00e7\u00e3o do pagamento, voc\u00ea poder\u00e1 baixar o seu produto de tr\u00eas formas pr\u00e1ticas:<br \/><\/strong>1\ufe0f\u20e3 Via e-mail<br \/>Voc\u00ea receber\u00e1 um e-mail com o t\u00edtulo \u201cSeu arquivo chegou\u201d.<br \/>Lembre-se de verificar tamb\u00e9m a caixa de Spam\/Lixo eletr\u00f4nico.<br \/>Para baixar, clique em todos os t\u00edtulos destacados e sublinhados na se\u00e7\u00e3o de Downloads.<br \/>2\ufe0f\u20e3 Via WhatsApp<br \/>Voc\u00ea receber\u00e1 uma mensagem autom\u00e1tica em seu WhatsApp.<br \/>Para receber o arquivo por l\u00e1, basta clicar no bot\u00e3o: \u201cRECEBER meu pedido aqui\u201d.<br \/>3\ufe0f\u20e3 Na sua \u00c1rea do Cliente (site)<br \/>Clique nas tr\u00eas linhas no canto superior esquerdo.<br \/>Acesse Minha Conta &gt; Downloads.<br \/>Baixe diretamente todos os produtos adquiridos.<br \/><strong>\ud83d\udccc Qualquer d\u00favida, nosso suporte est\u00e1 \u00e0 disposi\u00e7\u00e3o:<br \/>(11) 94050-7483.<\/strong><\/p>\n","protected":false},"excerpt":{"rendered":"<p>Transforme a formatura dos pequenos em um momento inesquec\u00edvel com este <strong>Kit Digital completo e personalizado!<\/strong><\/p>\n","protected":false},"featured_media":76385,"comment_status":"open","ping_status":"closed","template":"","meta":{"bwfblock_default_font":"","_uf_show_specific_survey":0,"_uf_disable_surveys":false},"product_brand":[],"product_cat":[37],"product_tag":[47],"class_list":{"0":"post-76379","1":"product","2":"type-product","3":"status-publish","4":"has-post-thumbnail","6":"product_cat-datas-comemorativas","7":"product_tag-datas-comemorativas","9":"first","10":"instock","11":"sale","12":"downloadable","13":"virtual","14":"sold-individually","15":"purchasable","16":"product-type-simple"},"aioseo_notices":[],"_links":{"self":[{"href":"https:\/\/educacaocomproposito.com.br\/index.php\/wp-json\/wp\/v2\/product\/76379","targetHints":{"allow":["GET"]}}],"collection":[{"href":"https:\/\/educacaocomproposito.com.br\/index.php\/wp-json\/wp\/v2\/product"}],"about":[{"href":"https:\/\/educacaocomproposito.com.br\/index.php\/wp-json\/wp\/v2\/types\/product"}],"replies":[{"embeddable":true,"href":"https:\/\/educacaocomproposito.com.br\/index.php\/wp-json\/wp\/v2\/comments?post=76379"}],"version-history":[{"count":2,"href":"https:\/\/educacaocomproposito.com.br\/index.php\/wp-json\/wp\/v2\/product\/76379\/revisions"}],"predecessor-version":[{"id":76454,"href":"https:\/\/educacaocomproposito.com.br\/index.php\/wp-json\/wp\/v2\/product\/76379\/revisions\/76454"}],"wp:featuredmedia":[{"embeddable":true,"href":"https:\/\/educacaocomproposito.com.br\/index.php\/wp-json\/wp\/v2\/media\/76385"}],"wp:attachment":[{"href":"https:\/\/educacaocomproposito.com.br\/index.php\/wp-json\/wp\/v2\/media?parent=76379"}],"wp:term":[{"taxonomy":"product_brand","embeddable":true,"href":"https:\/\/educacaocomproposito.com.br\/index.php\/wp-json\/wp\/v2\/product_brand?post=76379"},{"taxonomy":"product_cat","embeddable":true,"href":"https:\/\/educacaocomproposito.com.br\/index.php\/wp-json\/wp\/v2\/product_cat?post=76379"},{"taxonomy":"product_tag","embeddable":true,"href":"https:\/\/educacaocomproposito.com.br\/index.php\/wp-json\/wp\/v2\/product_tag?post=76379"}],"curies":[{"name":"wp","href":"https:\/\/api.w.org\/{rel}","templated":true}]}}