{"id":77063,"date":"2025-11-11T02:33:40","date_gmt":"2025-11-11T05:33:40","guid":{"rendered":"https:\/\/educacaocomproposito.com.br\/?post_type=product&#038;p=77063"},"modified":"2025-11-11T02:45:33","modified_gmt":"2025-11-11T05:45:33","slug":"kit-digital-de-formatura-proximo-capitulo","status":"publish","type":"product","link":"https:\/\/educacaocomproposito.com.br\/index.php\/product\/kit-digital-de-formatura-proximo-capitulo\/","title":{"rendered":"Kit Digital de Formatura \u2013 Pr\u00f3ximo Cap\u00edtulo"},"content":{"rendered":"<p>O kit cont\u00e9m:<br \/>\ud83d\udcf8 <strong>Painel Base \u201cPr\u00f3ximo Cap\u00edtulo\u201d<\/strong> \u2013 86 folhas A4 para montagem (medida aproximada: 2,45m x 1,90m);<br \/>\ud83c\udf93 <strong>Certificado de Conclus\u00e3o<\/strong> \u2013 edit\u00e1vel no Canva (vers\u00e3o gratuita ou Pro);<br \/>\ud83c\udf81 <strong>Sacola para lembrancinhas<\/strong> \u2013 prontos para impress\u00e3o;<br \/>\ud83c\udf6b <strong>Porta KitKat<\/strong> \u2013 um mimo simb\u00f3lico e carinhoso para presentear;<br \/>\ud83d\udcd8 <strong>Capa para Caderneta<\/strong> \u2013 modelo tem\u00e1tico para organizar mem\u00f3rias da turma;<br \/>\ud83c\udfa5 <strong>Tutoriais de montagem e edi\u00e7\u00e3o<\/strong> \u2013 com acesso via QR Code ou link direto, para que tudo fique perfeito.<br \/>\ud83d\udca1 Dica:<br \/>Para melhor visualiza\u00e7\u00e3o e acesso aos tutoriais e links, recomendamos abrir o arquivo em um <strong>computador<\/strong>.<\/p>\n<p>\ud83d\udca1\u00a0<strong>Detalhes T\u00e9cnicos<\/strong><br \/>\u26a0\ufe0f Formato:\u00a0<strong>PDF \u2013<\/strong>\u00a0<strong>A4<\/strong>\u00a0(ideal para impress\u00e3o em papel fotogr\u00e1fico 180g \u2013 brilho).<br \/>\u26a0\ufe0f Arquivo\u00a0<strong>100% digital<\/strong>, pronto para impress\u00e3o.<br \/>\u26a0\ufe0f Possui item edit\u00e1vel no Canva pro ou gratuito.<br \/>\u26a0\ufe0f Acompanha\u00a0<strong>instru\u00e7\u00f5es detalhadas<\/strong>\u00a0de montagem e recorte.<br \/>\u26a0\ufe0f N\u00e3o enviamos pelos CORREIOS.<br \/>\u26a0\ufe0f <strong>Aten\u00e7\u00e3o: Este produto n\u00e3o \u00e9 clipart e n\u00e3o disponibilizamos a arte aberta. O material \u00e9 fornecido exclusivamente em arquivos PDF.<\/strong><br \/>\u26a0\ufe0f\u00a0<strong>Uso pessoal, proibida a venda e revenda do material f\u00edsico ou digital.<\/strong><\/p>\n<p><strong>\ud83d\udce5 Como acessar seu arquivo<br \/>Ap\u00f3s a confirma\u00e7\u00e3o do pagamento, voc\u00ea poder\u00e1 baixar o seu produto de tr\u00eas formas pr\u00e1ticas:<br \/><\/strong>1\ufe0f\u20e3 Via e-mail<br \/>Voc\u00ea receber\u00e1 um e-mail com o t\u00edtulo \u201cSeu arquivo chegou\u201d.<br \/>Lembre-se de verificar tamb\u00e9m a caixa de Spam\/Lixo eletr\u00f4nico.<br \/>Para baixar, clique em todos os t\u00edtulos destacados e sublinhados na se\u00e7\u00e3o de Downloads.<br \/>2\ufe0f\u20e3 Via WhatsApp<br \/>Voc\u00ea receber\u00e1 uma mensagem autom\u00e1tica em seu WhatsApp.<br \/>Para receber o arquivo por l\u00e1, basta clicar no bot\u00e3o: \u201cRECEBER meu pedido aqui\u201d.<br \/>3\ufe0f\u20e3 Na sua \u00c1rea do Cliente (site)<br \/>Clique nas tr\u00eas linhas no canto superior esquerdo.<br \/>Acesse Minha Conta &gt; Downloads.<br \/>Baixe diretamente todos os produtos adquiridos.<br \/><strong>\ud83d\udccc Qualquer d\u00favida, nosso suporte est\u00e1 \u00e0 disposi\u00e7\u00e3o:<br \/>(11) 94050-7483.<\/strong><\/p>\n","protected":false},"excerpt":{"rendered":"<p>Celebre o encerramento de um ciclo com emo\u00e7\u00e3o, criatividade e significado!<br \/>O <strong>Kit Digital de Formatura \u2013 Pr\u00f3ximo Cap\u00edtulo<\/strong> foi desenvolvido para tornar este momento inesquec\u00edvel, com recursos prontos para imprimir e montar que encantam alunos, fam\u00edlias e escolas.<\/p>\n","protected":false},"featured_media":77064,"comment_status":"open","ping_status":"closed","template":"","meta":{"bwfblock_default_font":"","_uf_show_specific_survey":0,"_uf_disable_surveys":false},"product_brand":[],"product_cat":[37],"product_tag":[47],"class_list":{"0":"post-77063","1":"product","2":"type-product","3":"status-publish","4":"has-post-thumbnail","6":"product_cat-datas-comemorativas","7":"product_tag-datas-comemorativas","9":"first","10":"instock","11":"sale","12":"downloadable","13":"virtual","14":"sold-individually","15":"taxable","16":"purchasable","17":"product-type-simple"},"aioseo_notices":[],"_links":{"self":[{"href":"https:\/\/educacaocomproposito.com.br\/index.php\/wp-json\/wp\/v2\/product\/77063","targetHints":{"allow":["GET"]}}],"collection":[{"href":"https:\/\/educacaocomproposito.com.br\/index.php\/wp-json\/wp\/v2\/product"}],"about":[{"href":"https:\/\/educacaocomproposito.com.br\/index.php\/wp-json\/wp\/v2\/types\/product"}],"replies":[{"embeddable":true,"href":"https:\/\/educacaocomproposito.com.br\/index.php\/wp-json\/wp\/v2\/comments?post=77063"}],"version-history":[{"count":1,"href":"https:\/\/educacaocomproposito.com.br\/index.php\/wp-json\/wp\/v2\/product\/77063\/revisions"}],"predecessor-version":[{"id":77076,"href":"https:\/\/educacaocomproposito.com.br\/index.php\/wp-json\/wp\/v2\/product\/77063\/revisions\/77076"}],"wp:featuredmedia":[{"embeddable":true,"href":"https:\/\/educacaocomproposito.com.br\/index.php\/wp-json\/wp\/v2\/media\/77064"}],"wp:attachment":[{"href":"https:\/\/educacaocomproposito.com.br\/index.php\/wp-json\/wp\/v2\/media?parent=77063"}],"wp:term":[{"taxonomy":"product_brand","embeddable":true,"href":"https:\/\/educacaocomproposito.com.br\/index.php\/wp-json\/wp\/v2\/product_brand?post=77063"},{"taxonomy":"product_cat","embeddable":true,"href":"https:\/\/educacaocomproposito.com.br\/index.php\/wp-json\/wp\/v2\/product_cat?post=77063"},{"taxonomy":"product_tag","embeddable":true,"href":"https:\/\/educacaocomproposito.com.br\/index.php\/wp-json\/wp\/v2\/product_tag?post=77063"}],"curies":[{"name":"wp","href":"https:\/\/api.w.org\/{rel}","templated":true}]}}