{"id":77738,"date":"2025-11-13T18:07:16","date_gmt":"2025-11-13T21:07:16","guid":{"rendered":"https:\/\/educacaocomproposito.com.br\/?post_type=product&#038;p=77738"},"modified":"2025-11-25T09:17:17","modified_gmt":"2025-11-25T12:17:17","slug":"painel-meu-presente-de-natal","status":"publish","type":"product","link":"https:\/\/educacaocomproposito.com.br\/index.php\/product\/painel-meu-presente-de-natal\/","title":{"rendered":"Painel \u201cMeu Presente de Natal\u201d"},"content":{"rendered":"<p>\u2728 <strong>O que voc\u00ea recebe neste arquivo:<\/strong><br \/><strong>&#8211; Painel Base Natalino<\/strong><br \/>Arquivo dividido em folhas A4 para facilitar a impress\u00e3o e montagem (Cont\u00e9m 21 p\u00e1ginas A4).<br \/>&#8211; <strong>Tutoriais de Montagem e Edi\u00e7\u00e3o<\/strong> <strong>da foto em polaroid<\/strong>.<br \/>Acesso imediato via QR Code ou link para assistir ao passo a passo completo.<br \/><strong>Presentes Decorativos \u2013 <\/strong>4 Folhas A4<br \/><strong>Estrela de Topo<\/strong> &#8211; Para finalizar o painel com brilho especial.<br \/>&#8211;<strong>Moldura tem\u00e1tica <\/strong>para criar registros encantadores com a turma. <br \/>(Arquivo edit\u00e1vel <strong>no Canva, vers\u00e3o gratuita ou Pro.<\/strong>)<br \/>&#8211; O arquivo cont\u00e9m um total de 26 folhas A4.<\/p>\n<p>\ud83d\udca1\u00a0<strong>Detalhes T\u00e9cnicos<\/strong><br \/>\u26a0\ufe0f Formato:\u00a0<strong>PDF \u2013<\/strong>\u00a0<strong>A4<\/strong>\u00a0(ideal para impress\u00e3o em papel fotogr\u00e1fico 180g \u2013 brilho).<br \/>\u26a0\ufe0f Arquivo\u00a0<strong>100% digital<\/strong>, pronto para impress\u00e3o.<br \/>\u26a0\ufe0f Possui item edit\u00e1vel no Canva pro ou Gratuito (verifique mais detalhes acima). <br \/>\u26a0\ufe0f Acompanha\u00a0<strong>instru\u00e7\u00f5es detalhadas<\/strong>\u00a0de montagem e recorte.<br \/>\u26a0\ufe0f N\u00e3o enviamos pelos CORREIOS.<br \/>\u26a0\ufe0f\u00a0<strong>Aten\u00e7\u00e3o: Este produto n\u00e3o \u00e9 clipart e n\u00e3o disponibilizamos a arte aberta. O material \u00e9 fornecido exclusivamente em arquivos PDF.<\/strong><br \/>\u26a0\ufe0f\u00a0<strong>Uso pessoal, proibida a venda e revenda do material f\u00edsico ou digital.<\/strong><\/p>\n<p><strong>\ud83d\udce5 Como acessar seu arquivo<br \/>Ap\u00f3s a confirma\u00e7\u00e3o do pagamento, voc\u00ea poder\u00e1 baixar o seu produto de tr\u00eas formas pr\u00e1ticas:<br \/><\/strong>1\ufe0f\u20e3 Via e-mail<br \/>Voc\u00ea receber\u00e1 um e-mail com o t\u00edtulo \u201cSeu arquivo chegou\u201d.<br \/>Lembre-se de verificar tamb\u00e9m a caixa de Spam\/Lixo eletr\u00f4nico.<br \/>Para baixar, clique em todos os t\u00edtulos destacados e sublinhados na se\u00e7\u00e3o de Downloads.<br \/>2\ufe0f\u20e3 Via WhatsApp<br \/>Voc\u00ea receber\u00e1 uma mensagem autom\u00e1tica em seu WhatsApp.<br \/>Para receber o arquivo por l\u00e1, basta clicar no bot\u00e3o: \u201cRECEBER meu pedido aqui\u201d.<br \/>3\ufe0f\u20e3 Na sua \u00c1rea do Cliente (site)<br \/>Clique nas tr\u00eas linhas no canto superior esquerdo.<br \/>Acesse Minha Conta &gt; Downloads.<br \/>Baixe diretamente todos os produtos adquiridos.<br \/><strong>\ud83d\udccc Qualquer d\u00favida, nosso suporte est\u00e1 \u00e0 disposi\u00e7\u00e3o:<br \/>(11) 94050-7483.<\/strong><\/p>\n","protected":false},"excerpt":{"rendered":"<p>Transforme o ambiente escolar com um painel natalino encantador, pensado para criar mem\u00f3rias afetivas e garantir aquele clima m\u00e1gico que as crian\u00e7as amam. O Painel \u201cMeu Presente de Natal\u201d re\u00fane elementos coloridos, organizados e f\u00e1ceis de montar \u2014 ideal para decorar murais, cantinhos tem\u00e1ticos ou cen\u00e1rios de fotos.<\/p>\n","protected":false},"featured_media":77744,"comment_status":"open","ping_status":"closed","template":"","meta":{"bwfblock_default_font":"","_uf_show_specific_survey":0,"_uf_disable_surveys":false},"product_brand":[],"product_cat":[37],"product_tag":[47],"class_list":{"0":"post-77738","1":"product","2":"type-product","3":"status-publish","4":"has-post-thumbnail","6":"product_cat-datas-comemorativas","7":"product_tag-datas-comemorativas","9":"first","10":"instock","11":"sale","12":"downloadable","13":"virtual","14":"sold-individually","15":"taxable","16":"purchasable","17":"product-type-simple"},"aioseo_notices":[],"_links":{"self":[{"href":"https:\/\/educacaocomproposito.com.br\/index.php\/wp-json\/wp\/v2\/product\/77738","targetHints":{"allow":["GET"]}}],"collection":[{"href":"https:\/\/educacaocomproposito.com.br\/index.php\/wp-json\/wp\/v2\/product"}],"about":[{"href":"https:\/\/educacaocomproposito.com.br\/index.php\/wp-json\/wp\/v2\/types\/product"}],"replies":[{"embeddable":true,"href":"https:\/\/educacaocomproposito.com.br\/index.php\/wp-json\/wp\/v2\/comments?post=77738"}],"version-history":[{"count":3,"href":"https:\/\/educacaocomproposito.com.br\/index.php\/wp-json\/wp\/v2\/product\/77738\/revisions"}],"predecessor-version":[{"id":79325,"href":"https:\/\/educacaocomproposito.com.br\/index.php\/wp-json\/wp\/v2\/product\/77738\/revisions\/79325"}],"wp:featuredmedia":[{"embeddable":true,"href":"https:\/\/educacaocomproposito.com.br\/index.php\/wp-json\/wp\/v2\/media\/77744"}],"wp:attachment":[{"href":"https:\/\/educacaocomproposito.com.br\/index.php\/wp-json\/wp\/v2\/media?parent=77738"}],"wp:term":[{"taxonomy":"product_brand","embeddable":true,"href":"https:\/\/educacaocomproposito.com.br\/index.php\/wp-json\/wp\/v2\/product_brand?post=77738"},{"taxonomy":"product_cat","embeddable":true,"href":"https:\/\/educacaocomproposito.com.br\/index.php\/wp-json\/wp\/v2\/product_cat?post=77738"},{"taxonomy":"product_tag","embeddable":true,"href":"https:\/\/educacaocomproposito.com.br\/index.php\/wp-json\/wp\/v2\/product_tag?post=77738"}],"curies":[{"name":"wp","href":"https:\/\/api.w.org\/{rel}","templated":true}]}}