{"id":78494,"date":"2025-11-18T19:46:12","date_gmt":"2025-11-18T22:46:12","guid":{"rendered":"https:\/\/educacaocomproposito.com.br\/?post_type=product&#038;p=78494"},"modified":"2025-11-18T19:53:50","modified_gmt":"2025-11-18T22:53:50","slug":"painel-natalino-celebrai-nasceu-o-rei","status":"publish","type":"product","link":"https:\/\/educacaocomproposito.com.br\/index.php\/product\/painel-natalino-celebrai-nasceu-o-rei\/","title":{"rendered":"Painel Natalino \u201cCelebrai! Nasceu o Rei!"},"content":{"rendered":"<p><strong>O que voc\u00ea recebe neste arquivo digital<\/strong><br \/><strong>Painel Base Natalino<\/strong><br \/>Arquivo dividido em <strong>24 folhas A4<\/strong> para facilitar a impress\u00e3o, recorte e montagem.<br \/>&#8211; Medida aproximada do painel montado<br \/>150 \u00d7 78 cm (pode variar alguns mil\u00edmetros conforme o recorte e a colagem)<br \/><strong>Imagem base de refer\u00eancia<\/strong> para auxiliar no posicionamento das folhas durante a montagem.<br \/><strong>Tutoriais de Montagem e Recorte<\/strong><br \/>Acesse via <strong>QR Code ou link direto<\/strong> inclu\u00eddo no arquivo. V\u00eddeos detalhados explicam cada etapa.<br \/><strong>Instru\u00e7\u00f5es de impress\u00e3o e acabamento<\/strong> para garantir a melhor qualidade do seu painel.<br \/>\u2702\ufe0f  Os materiais utilizados na montagem demonstrada tamb\u00e9m est\u00e3o listados no arquivo para deixar ainda mais f\u00e1cil sua montagem.<\/p>\n<p>\ud83d\udca1\u00a0<strong>Detalhes T\u00e9cnicos<\/strong><br \/>\u26a0\ufe0f Formato:\u00a0<strong>PDF \u2013<\/strong>\u00a0<strong>A4<\/strong>\u00a0(ideal para impress\u00e3o em papel fotogr\u00e1fico 180g \u2013 fosco).<br \/>\u26a0\ufe0f Arquivo\u00a0<strong>100% digital<\/strong>, pronto para impress\u00e3o.<br \/>\u26a0\ufe0f Acompanha\u00a0<strong>instru\u00e7\u00f5es detalhadas<\/strong>\u00a0de montagem e recorte.<br \/>\u26a0\ufe0f N\u00e3o enviamos pelos CORREIOS.<br \/>\u26a0\ufe0f\u00a0<strong>Aten\u00e7\u00e3o: Este produto n\u00e3o \u00e9 clipart e n\u00e3o disponibilizamos a arte aberta. O material \u00e9 fornecido exclusivamente em arquivos PDF.<\/strong><br \/>\u26a0\ufe0f\u00a0<strong>Uso pessoal, proibida a venda e revenda do material f\u00edsico ou digital.<\/strong><\/p>\n<p><strong>\ud83d\udce5 Como acessar seu arquivo<br \/>Ap\u00f3s a confirma\u00e7\u00e3o do pagamento, voc\u00ea poder\u00e1 baixar o seu produto de tr\u00eas formas pr\u00e1ticas:<br \/><\/strong>1\ufe0f\u20e3 Via e-mail<br \/>Voc\u00ea receber\u00e1 um e-mail com o t\u00edtulo \u201cSeu arquivo chegou\u201d.<br \/>Lembre-se de verificar tamb\u00e9m a caixa de Spam\/Lixo eletr\u00f4nico.<br \/>Para baixar, clique em todos os t\u00edtulos destacados e sublinhados na se\u00e7\u00e3o de Downloads.<br \/>2\ufe0f\u20e3 Via WhatsApp<br \/>Voc\u00ea receber\u00e1 uma mensagem autom\u00e1tica em seu WhatsApp.<br \/>Para receber o arquivo por l\u00e1, basta clicar no bot\u00e3o: \u201cRECEBER meu pedido aqui\u201d.<br \/>3\ufe0f\u20e3 Na sua \u00c1rea do Cliente (site)<br \/>Clique nas tr\u00eas linhas no canto superior esquerdo.<br \/>Acesse Minha Conta &gt; Downloads.<br \/>Baixe diretamente todos os produtos adquiridos.<br \/><strong>\ud83d\udccc Qualquer d\u00favida, nosso suporte est\u00e1 \u00e0 disposi\u00e7\u00e3o:<br \/>(11) 94050-7483.<\/strong><\/p>\n","protected":false},"excerpt":{"rendered":"<p>Celebre o Natal na escola com um painel impactante, cheio de encanto e significado!<br \/>O <strong>Painel \u201cCelebrai! Nasceu o Rei!\u201d<\/strong> foi criado para transformar qualquer ambiente escolar em um cen\u00e1rio natalino especial, perfeito para recep\u00e7\u00f5es, eventos, apresenta\u00e7\u00f5es e registros fotogr\u00e1ficos com as turmas.<br \/>Composto por ilustra\u00e7\u00f5es suaves, composi\u00e7\u00e3o harm\u00f4nica e uma paleta elegante, o painel transmite a mensagem central do Natal de forma acolhedora e visualmente marcante.<\/p>\n","protected":false},"featured_media":78496,"comment_status":"open","ping_status":"closed","template":"","meta":{"bwfblock_default_font":"","_uf_show_specific_survey":0,"_uf_disable_surveys":false},"product_brand":[],"product_cat":[37],"product_tag":[47],"class_list":{"0":"post-78494","1":"product","2":"type-product","3":"status-publish","4":"has-post-thumbnail","6":"product_cat-datas-comemorativas","7":"product_tag-datas-comemorativas","9":"first","10":"instock","11":"sale","12":"downloadable","13":"virtual","14":"sold-individually","15":"taxable","16":"purchasable","17":"product-type-simple"},"aioseo_notices":[],"_links":{"self":[{"href":"https:\/\/educacaocomproposito.com.br\/index.php\/wp-json\/wp\/v2\/product\/78494","targetHints":{"allow":["GET"]}}],"collection":[{"href":"https:\/\/educacaocomproposito.com.br\/index.php\/wp-json\/wp\/v2\/product"}],"about":[{"href":"https:\/\/educacaocomproposito.com.br\/index.php\/wp-json\/wp\/v2\/types\/product"}],"replies":[{"embeddable":true,"href":"https:\/\/educacaocomproposito.com.br\/index.php\/wp-json\/wp\/v2\/comments?post=78494"}],"version-history":[{"count":1,"href":"https:\/\/educacaocomproposito.com.br\/index.php\/wp-json\/wp\/v2\/product\/78494\/revisions"}],"predecessor-version":[{"id":78501,"href":"https:\/\/educacaocomproposito.com.br\/index.php\/wp-json\/wp\/v2\/product\/78494\/revisions\/78501"}],"wp:featuredmedia":[{"embeddable":true,"href":"https:\/\/educacaocomproposito.com.br\/index.php\/wp-json\/wp\/v2\/media\/78496"}],"wp:attachment":[{"href":"https:\/\/educacaocomproposito.com.br\/index.php\/wp-json\/wp\/v2\/media?parent=78494"}],"wp:term":[{"taxonomy":"product_brand","embeddable":true,"href":"https:\/\/educacaocomproposito.com.br\/index.php\/wp-json\/wp\/v2\/product_brand?post=78494"},{"taxonomy":"product_cat","embeddable":true,"href":"https:\/\/educacaocomproposito.com.br\/index.php\/wp-json\/wp\/v2\/product_cat?post=78494"},{"taxonomy":"product_tag","embeddable":true,"href":"https:\/\/educacaocomproposito.com.br\/index.php\/wp-json\/wp\/v2\/product_tag?post=78494"}],"curies":[{"name":"wp","href":"https:\/\/api.w.org\/{rel}","templated":true}]}}