{"id":78612,"date":"2025-11-19T13:05:43","date_gmt":"2025-11-19T16:05:43","guid":{"rendered":"https:\/\/educacaocomproposito.com.br\/?post_type=product&#038;p=78612"},"modified":"2025-11-19T16:00:38","modified_gmt":"2025-11-19T19:00:38","slug":"mini-painel-movel-para-fotos-natal-encantado","status":"publish","type":"product","link":"https:\/\/educacaocomproposito.com.br\/index.php\/product\/mini-painel-movel-para-fotos-natal-encantado\/","title":{"rendered":"Mini Painel M\u00f3vel para Fotos \u2013 Natal Encantado"},"content":{"rendered":"<p>\ud83c\udf81 <strong>O kit cont\u00e9m:<\/strong><br \/><strong>Painel base (17 folhas A4)<\/strong> \u2013 com estrutura modular f\u00e1cil de montar;<br \/><strong>Guia com tutoriais de montagem e edi\u00e7\u00e3o<\/strong> + acesso direto ao <strong>Drive com v\u00eddeos passo a passo<\/strong>;<br \/><strong>Imagem base de refer\u00eancia<\/strong> para facilitar o posicionamento das folhas;<br \/><strong>Instru\u00e7\u00f5es de impress\u00e3o, recorte e acabamento<\/strong>, garantindo o melhor resultado final.<\/p>\n<p>\ud83d\udccf <strong>Medidas aproximadas<\/strong><br \/><strong>Painel montado:<\/strong> 110 \u00d7 93 cm<br \/><strong>Estrutura m\u00f3vel (base em PVC):<\/strong> 90 \u00d7 160 cm<\/p>\n<p>\ud83d\udca1 <strong>Detalhes T\u00e9cnicos<\/strong><br \/><strong>Formato:<\/strong> PDF \u2013 A4 (ideal para impress\u00e3o em papel fotogr\u00e1fico 180g \u2013 brilho).<br \/><strong>Arquivo 100% digital<\/strong>, pronto para impress\u00e3o.<br \/>Acompanha <strong>instru\u00e7\u00f5es detalhadas<\/strong> de montagem e recorte.<br \/>N\u00e3o enviamos material f\u00edsico ou via Correios.<br \/><strong>Aten\u00e7\u00e3o:<\/strong> Este produto <strong>n\u00e3o \u00e9 clipart<\/strong> e <strong>n\u00e3o disponibilizamos a arte aberta<\/strong>.<br \/><strong><em>Fornecido exclusivamente em PDF.<\/em><\/strong><br \/><strong>Uso pessoal:<\/strong> proibida venda, revenda ou distribui\u00e7\u00e3o do material f\u00edsico ou digital.<\/p>\n<p><strong>\ud83d\udce5 Como acessar seu arquivo<br \/>Ap\u00f3s a confirma\u00e7\u00e3o do pagamento, voc\u00ea poder\u00e1 baixar o seu produto de tr\u00eas formas pr\u00e1ticas:<br \/><\/strong>1\ufe0f\u20e3 Via e-mail<br \/>Voc\u00ea receber\u00e1 um e-mail com o t\u00edtulo \u201cSeu arquivo chegou\u201d.<br \/>Lembre-se de verificar tamb\u00e9m a caixa de Spam\/Lixo eletr\u00f4nico.<br \/>Para baixar, clique em todos os t\u00edtulos destacados e sublinhados na se\u00e7\u00e3o de Downloads.<br \/>2\ufe0f\u20e3 Via WhatsApp<br \/>Voc\u00ea receber\u00e1 uma mensagem autom\u00e1tica em seu WhatsApp.<br \/>Para receber o arquivo por l\u00e1, basta clicar no bot\u00e3o: \u201cRECEBER meu pedido aqui\u201d.<br \/>3\ufe0f\u20e3 Na sua \u00c1rea do Cliente (site)<br \/>Clique nas tr\u00eas linhas no canto superior esquerdo.<br \/>Acesse Minha Conta &gt; Downloads.<br \/>Baixe diretamente todos os produtos adquiridos.<br \/><strong>\ud83d\udccc Qualquer d\u00favida, nosso suporte est\u00e1 \u00e0 disposi\u00e7\u00e3o:<br \/>(11) 94050-7483.<\/strong><\/p>\n","protected":false},"excerpt":{"rendered":"<p>Transforme sua escola em um verdadeiro cen\u00e1rio natalino com o <strong>Mini Painel M\u00f3vel para Fotos \u2013 Natal Encantado<\/strong>.<br \/>Criado especialmente para quem deseja uma decora\u00e7\u00e3o vers\u00e1til, elegante e perfeita para registros fotogr\u00e1ficos, este painel traz praticidade, beleza e aquele toque especial de magia que o Natal merece.<br \/>Com estrutura modular, elementos decorativos e guia completo de montagem, voc\u00ea consegue montar seu painel sem dificuldades \u2014 seja para recepcionar as turmas, decorar eventos ou criar um cantinho exclusivo de fotos.<\/p>\n","protected":false},"featured_media":78621,"comment_status":"open","ping_status":"closed","template":"","meta":{"bwfblock_default_font":"","_uf_show_specific_survey":0,"_uf_disable_surveys":false},"product_brand":[],"product_cat":[37],"product_tag":[47,121],"class_list":{"0":"post-78612","1":"product","2":"type-product","3":"status-publish","4":"has-post-thumbnail","6":"product_cat-datas-comemorativas","7":"product_tag-datas-comemorativas","8":"product_tag-natal","10":"first","11":"instock","12":"sale","13":"downloadable","14":"virtual","15":"sold-individually","16":"purchasable","17":"product-type-simple"},"aioseo_notices":[],"_links":{"self":[{"href":"https:\/\/educacaocomproposito.com.br\/index.php\/wp-json\/wp\/v2\/product\/78612","targetHints":{"allow":["GET"]}}],"collection":[{"href":"https:\/\/educacaocomproposito.com.br\/index.php\/wp-json\/wp\/v2\/product"}],"about":[{"href":"https:\/\/educacaocomproposito.com.br\/index.php\/wp-json\/wp\/v2\/types\/product"}],"replies":[{"embeddable":true,"href":"https:\/\/educacaocomproposito.com.br\/index.php\/wp-json\/wp\/v2\/comments?post=78612"}],"version-history":[{"count":1,"href":"https:\/\/educacaocomproposito.com.br\/index.php\/wp-json\/wp\/v2\/product\/78612\/revisions"}],"predecessor-version":[{"id":78630,"href":"https:\/\/educacaocomproposito.com.br\/index.php\/wp-json\/wp\/v2\/product\/78612\/revisions\/78630"}],"wp:featuredmedia":[{"embeddable":true,"href":"https:\/\/educacaocomproposito.com.br\/index.php\/wp-json\/wp\/v2\/media\/78621"}],"wp:attachment":[{"href":"https:\/\/educacaocomproposito.com.br\/index.php\/wp-json\/wp\/v2\/media?parent=78612"}],"wp:term":[{"taxonomy":"product_brand","embeddable":true,"href":"https:\/\/educacaocomproposito.com.br\/index.php\/wp-json\/wp\/v2\/product_brand?post=78612"},{"taxonomy":"product_cat","embeddable":true,"href":"https:\/\/educacaocomproposito.com.br\/index.php\/wp-json\/wp\/v2\/product_cat?post=78612"},{"taxonomy":"product_tag","embeddable":true,"href":"https:\/\/educacaocomproposito.com.br\/index.php\/wp-json\/wp\/v2\/product_tag?post=78612"}],"curies":[{"name":"wp","href":"https:\/\/api.w.org\/{rel}","templated":true}]}}