{"id":79245,"date":"2025-11-24T18:11:13","date_gmt":"2025-11-24T21:11:13","guid":{"rendered":"https:\/\/educacaocomproposito.com.br\/?post_type=product&#038;p=79245"},"modified":"2025-11-26T09:16:20","modified_gmt":"2025-11-26T12:16:20","slug":"portal-natal-encantado","status":"publish","type":"product","link":"https:\/\/educacaocomproposito.com.br\/index.php\/product\/portal-natal-encantado\/","title":{"rendered":"Portal Natal Encantado"},"content":{"rendered":"<p>\ud83d\udda8\ufe0f <strong>O que voc\u00ea recebe neste arquivo<\/strong><br \/>\u2714\ufe0f <strong>Painel Base Completo<\/strong><br \/>Arquivo dividido em <strong>44 folhas A4<\/strong> para impress\u00e3o e montagem.<br \/>Layout indicado para papel <strong>fotogr\u00e1fico glossy 180g<\/strong><br \/>Medida aproximada montada: <strong>145 \u00d7 165 cm<\/strong><br \/>Estrutura recomendada com PVC: <strong>120 \u00d7 190 cm<\/strong><br \/>\u2714\ufe0f <strong>Tutoriais de Montagem + Edi\u00e7\u00e3o<\/strong><br \/>Acesso direto via <strong>QR Code<\/strong><br \/>V\u00eddeos completos mostrando passo a passo da montagem, colagem e organiza\u00e7\u00e3o do painel<br \/>Orienta\u00e7\u00f5es para montar o suporte em PVC. <br \/>\u2714\ufe0f <strong>Guia de Materiais Utilizados<\/strong><\/p>\n<p>\ud83d\udca1\u00a0<strong>Detalhes T\u00e9cnicos<\/strong><br \/>\u26a0\ufe0f Formato:\u00a0<strong>PDF \u2013<\/strong>\u00a0<strong>A4<\/strong>\u00a0(ideal para impress\u00e3o em papel fotogr\u00e1fico 180g \u2013 brilho).<br \/>\u26a0\ufe0f Arquivo\u00a0<strong>100% digital<\/strong>, pronto para impress\u00e3o.<br \/>\u26a0\ufe0f Acompanha\u00a0<strong>instru\u00e7\u00f5es detalhadas<\/strong>\u00a0de montagem e recorte.<br \/>\u26a0\ufe0f N\u00e3o enviamos pelos CORREIOS.<br \/>\u26a0\ufe0f\u00a0<strong>Aten\u00e7\u00e3o: Este produto n\u00e3o \u00e9 clipart e n\u00e3o disponibilizamos a arte aberta. O material \u00e9 fornecido exclusivamente em arquivos PDF.<\/strong><br \/>\u26a0\ufe0f\u00a0<strong>Uso pessoal, proibida a venda e revenda do material f\u00edsico ou digital.<\/strong><\/p>\n<p><strong>\ud83d\udce5 Como acessar seu arquivo<br \/>Ap\u00f3s a confirma\u00e7\u00e3o do pagamento, voc\u00ea poder\u00e1 baixar o seu produto de tr\u00eas formas pr\u00e1ticas:<br \/><\/strong>1\ufe0f\u20e3 Via e-mail<br \/>Voc\u00ea receber\u00e1 um e-mail com o t\u00edtulo \u201cSeu arquivo chegou\u201d.<br \/>Lembre-se de verificar tamb\u00e9m a caixa de Spam\/Lixo eletr\u00f4nico.<br \/>Para baixar, clique em todos os t\u00edtulos destacados e sublinhados na se\u00e7\u00e3o de Downloads.<br \/>2\ufe0f\u20e3 Via WhatsApp<br \/>Voc\u00ea receber\u00e1 uma mensagem autom\u00e1tica em seu WhatsApp.<br \/>Para receber o arquivo por l\u00e1, basta clicar no bot\u00e3o: \u201cRECEBER meu pedido aqui\u201d.<br \/>3\ufe0f\u20e3 Na sua \u00c1rea do Cliente (site)<br \/>Clique nas tr\u00eas linhas no canto superior esquerdo.<br \/>Acesse Minha Conta &gt; Downloads.<br \/>Baixe diretamente todos os produtos adquiridos.<br \/><strong>\ud83d\udccc Qualquer d\u00favida, nosso suporte est\u00e1 \u00e0 disposi\u00e7\u00e3o:<br \/>(11) 94050-7483.<\/strong><\/p>\n","protected":false},"excerpt":{"rendered":"<p>Transforme qualquer cantinho da escola em um cen\u00e1rio natalino inesquec\u00edvel!<br \/>O <strong>Portal Natal Encantado<\/strong> foi pensado para oferecer praticidade, beleza e um resultado super impactante \u2014 perfeito para fotos, eventos, entradas tem\u00e1ticas e decora\u00e7\u00f5es de fim de ano.<\/p>\n","protected":false},"featured_media":79247,"comment_status":"open","ping_status":"closed","template":"","meta":{"bwfblock_default_font":"","_uf_show_specific_survey":0,"_uf_disable_surveys":false},"product_brand":[],"product_cat":[37],"product_tag":[47],"class_list":{"0":"post-79245","1":"product","2":"type-product","3":"status-publish","4":"has-post-thumbnail","6":"product_cat-datas-comemorativas","7":"product_tag-datas-comemorativas","9":"first","10":"instock","11":"sale","12":"downloadable","13":"virtual","14":"sold-individually","15":"taxable","16":"purchasable","17":"product-type-simple"},"aioseo_notices":[],"_links":{"self":[{"href":"https:\/\/educacaocomproposito.com.br\/index.php\/wp-json\/wp\/v2\/product\/79245","targetHints":{"allow":["GET"]}}],"collection":[{"href":"https:\/\/educacaocomproposito.com.br\/index.php\/wp-json\/wp\/v2\/product"}],"about":[{"href":"https:\/\/educacaocomproposito.com.br\/index.php\/wp-json\/wp\/v2\/types\/product"}],"replies":[{"embeddable":true,"href":"https:\/\/educacaocomproposito.com.br\/index.php\/wp-json\/wp\/v2\/comments?post=79245"}],"version-history":[{"count":2,"href":"https:\/\/educacaocomproposito.com.br\/index.php\/wp-json\/wp\/v2\/product\/79245\/revisions"}],"predecessor-version":[{"id":79509,"href":"https:\/\/educacaocomproposito.com.br\/index.php\/wp-json\/wp\/v2\/product\/79245\/revisions\/79509"}],"wp:featuredmedia":[{"embeddable":true,"href":"https:\/\/educacaocomproposito.com.br\/index.php\/wp-json\/wp\/v2\/media\/79247"}],"wp:attachment":[{"href":"https:\/\/educacaocomproposito.com.br\/index.php\/wp-json\/wp\/v2\/media?parent=79245"}],"wp:term":[{"taxonomy":"product_brand","embeddable":true,"href":"https:\/\/educacaocomproposito.com.br\/index.php\/wp-json\/wp\/v2\/product_brand?post=79245"},{"taxonomy":"product_cat","embeddable":true,"href":"https:\/\/educacaocomproposito.com.br\/index.php\/wp-json\/wp\/v2\/product_cat?post=79245"},{"taxonomy":"product_tag","embeddable":true,"href":"https:\/\/educacaocomproposito.com.br\/index.php\/wp-json\/wp\/v2\/product_tag?post=79245"}],"curies":[{"name":"wp","href":"https:\/\/api.w.org\/{rel}","templated":true}]}}