{"id":79395,"date":"2025-11-25T15:14:27","date_gmt":"2025-11-25T18:14:27","guid":{"rendered":"https:\/\/educacaocomproposito.com.br\/?post_type=product&#038;p=79395"},"modified":"2025-11-25T15:58:02","modified_gmt":"2025-11-25T18:58:02","slug":"mini-painel-movel-jesus-nosso-presente-de-natal","status":"publish","type":"product","link":"https:\/\/educacaocomproposito.com.br\/index.php\/product\/mini-painel-movel-jesus-nosso-presente-de-natal\/","title":{"rendered":"\u2728 Mini Painel M\u00f3vel \u2013 Jesus, nosso presente de Natal"},"content":{"rendered":"<p>\ud83c\udf81 <strong>O kit cont\u00e9m:<\/strong><br \/><strong>Painel base (17 folhas A4)<\/strong> \u2013 com estrutura modular f\u00e1cil de montar;<br \/><strong>Guia com tutoriais de montagem e edi\u00e7\u00e3o<\/strong> + acesso direto ao <strong>Drive com v\u00eddeos passo a passo<\/strong>;<br \/><strong>Imagem base de refer\u00eancia<\/strong> para facilitar o posicionamento das folhas;<br \/><strong>Instru\u00e7\u00f5es de impress\u00e3o, recorte e acabamento<\/strong>, garantindo o melhor resultado final.<\/p>\n<p>\ud83d\udccf <strong>Medidas aproximadas<\/strong><br \/><strong>Painel montado:<\/strong> 92 \u00d7 111 cm<br \/><strong>Estrutura m\u00f3vel (base em PVC):<\/strong> 90 \u00d7 160 cm<\/p>\n<p>\ud83d\udca1 <strong>Detalhes T\u00e9cnicos<\/strong><br \/><strong>Formato:<\/strong> PDF \u2013 A4 (ideal para impress\u00e3o em papel fotogr\u00e1fico 180g \u2013 brilho).<br \/><strong>Arquivo 100% digital<\/strong>, pronto para impress\u00e3o.<br \/>Acompanha <strong>instru\u00e7\u00f5es detalhadas<\/strong> de montagem e recorte.<br \/>N\u00e3o enviamos material f\u00edsico ou via Correios.<br \/><strong>Aten\u00e7\u00e3o:<\/strong> Este produto <strong>n\u00e3o \u00e9 clipart<\/strong> e <strong>n\u00e3o disponibilizamos a arte aberta<\/strong>.<br \/><strong><em>Fornecido exclusivamente em PDF.<\/em><\/strong><br \/><strong>Uso pessoal:<\/strong> proibida venda, revenda ou distribui\u00e7\u00e3o do material f\u00edsico ou digital.<\/p>\n<p><strong>\ud83d\udce5 Como acessar seu arquivo<br \/>Ap\u00f3s a confirma\u00e7\u00e3o do pagamento, voc\u00ea poder\u00e1 baixar o seu produto de tr\u00eas formas pr\u00e1ticas:<br \/><\/strong>1\ufe0f\u20e3 Via e-mail<br \/>Voc\u00ea receber\u00e1 um e-mail com o t\u00edtulo \u201cSeu arquivo chegou\u201d.<br \/>Lembre-se de verificar tamb\u00e9m a caixa de Spam\/Lixo eletr\u00f4nico.<br \/>Para baixar, clique em todos os t\u00edtulos destacados e sublinhados na se\u00e7\u00e3o de Downloads.<br \/>2\ufe0f\u20e3 Via WhatsApp<br \/>Voc\u00ea receber\u00e1 uma mensagem autom\u00e1tica em seu WhatsApp.<br \/>Para receber o arquivo por l\u00e1, basta clicar no bot\u00e3o: \u201cRECEBER meu pedido aqui\u201d.<br \/>3\ufe0f\u20e3 Na sua \u00c1rea do Cliente (site)<br \/>Clique nas tr\u00eas linhas no canto superior esquerdo.<br \/>Acesse Minha Conta &gt; Downloads.<br \/>Baixe diretamente todos os produtos adquiridos.<br \/><strong>\ud83d\udccc Qualquer d\u00favida, nosso suporte est\u00e1 \u00e0 disposi\u00e7\u00e3o:<br \/>(11) 94050-7483.<\/strong><\/p>\n","protected":false},"excerpt":{"rendered":"<p><strong>Um cantinho encantador para celebrar o verdadeiro significado do Natal! \ud83c\udf1f<\/strong><br \/>Transforme escola ou sua igreja em um cen\u00e1rio iluminado, especial e cheio de prop\u00f3sito com o <strong>Mini Painel M\u00f3vel \u2013 Jesus, nosso presente de Natal<\/strong>.<br \/>Pensado com carinho para escolas ou igrejas que desejam criar um ambiente fotogr\u00e1fico, acolhedor e significativo, este painel une beleza, espiritualidade e praticidade.<\/p>\n","protected":false},"featured_media":79411,"comment_status":"open","ping_status":"closed","template":"","meta":{"bwfblock_default_font":"","_uf_show_specific_survey":0,"_uf_disable_surveys":false},"product_brand":[],"product_cat":[37],"product_tag":[121,123],"class_list":{"0":"post-79395","1":"product","2":"type-product","3":"status-publish","4":"has-post-thumbnail","6":"product_cat-datas-comemorativas","7":"product_tag-natal","8":"product_tag-natal-cristao","10":"first","11":"instock","12":"sale","13":"downloadable","14":"virtual","15":"sold-individually","16":"taxable","17":"purchasable","18":"product-type-simple"},"aioseo_notices":[],"_links":{"self":[{"href":"https:\/\/educacaocomproposito.com.br\/index.php\/wp-json\/wp\/v2\/product\/79395","targetHints":{"allow":["GET"]}}],"collection":[{"href":"https:\/\/educacaocomproposito.com.br\/index.php\/wp-json\/wp\/v2\/product"}],"about":[{"href":"https:\/\/educacaocomproposito.com.br\/index.php\/wp-json\/wp\/v2\/types\/product"}],"replies":[{"embeddable":true,"href":"https:\/\/educacaocomproposito.com.br\/index.php\/wp-json\/wp\/v2\/comments?post=79395"}],"version-history":[{"count":1,"href":"https:\/\/educacaocomproposito.com.br\/index.php\/wp-json\/wp\/v2\/product\/79395\/revisions"}],"predecessor-version":[{"id":79407,"href":"https:\/\/educacaocomproposito.com.br\/index.php\/wp-json\/wp\/v2\/product\/79395\/revisions\/79407"}],"wp:featuredmedia":[{"embeddable":true,"href":"https:\/\/educacaocomproposito.com.br\/index.php\/wp-json\/wp\/v2\/media\/79411"}],"wp:attachment":[{"href":"https:\/\/educacaocomproposito.com.br\/index.php\/wp-json\/wp\/v2\/media?parent=79395"}],"wp:term":[{"taxonomy":"product_brand","embeddable":true,"href":"https:\/\/educacaocomproposito.com.br\/index.php\/wp-json\/wp\/v2\/product_brand?post=79395"},{"taxonomy":"product_cat","embeddable":true,"href":"https:\/\/educacaocomproposito.com.br\/index.php\/wp-json\/wp\/v2\/product_cat?post=79395"},{"taxonomy":"product_tag","embeddable":true,"href":"https:\/\/educacaocomproposito.com.br\/index.php\/wp-json\/wp\/v2\/product_tag?post=79395"}],"curies":[{"name":"wp","href":"https:\/\/api.w.org\/{rel}","templated":true}]}}