{"id":80541,"date":"2025-12-02T22:23:24","date_gmt":"2025-12-03T01:23:24","guid":{"rendered":"https:\/\/educacaocomproposito.com.br\/?post_type=product&#038;p=80541"},"modified":"2025-12-09T18:27:47","modified_gmt":"2025-12-09T21:27:47","slug":"kit-decorativo-com-painel-e-mesa-posta-de-natal","status":"publish","type":"product","link":"https:\/\/educacaocomproposito.com.br\/index.php\/product\/kit-decorativo-com-painel-e-mesa-posta-de-natal\/","title":{"rendered":"Kit Decorativo com Painel e Mesa Posta de Natal"},"content":{"rendered":"<p>O kit cont\u00e9m:<br \/>\ud83c\udf84 <strong>Painel Base<\/strong> (12 folhas A4);<br \/>\ud83d\udcdb <strong>Crach\u00e1 de Mesa Personalizado<\/strong> (edit\u00e1vel no Canva);<br \/>\ud83c\udf7d\ufe0f <strong>Sousplat Tem\u00e1tico<\/strong>;<br \/>\ud83c\udf74 <strong>Porta-Talher<\/strong> do Noel;<br \/>\ud83c\udf81 <strong>Lembrancinha \u2013 Tag para Bombom<\/strong><br \/>\u2728 <strong>Elementos Decorativos Complementares<\/strong><br \/>O arquivo acompanha <strong>tutoriais em v\u00eddeo<\/strong>, guia de impress\u00e3o e instru\u00e7\u00f5es de montagem para facilitar todo o processo.<\/p>\n<p>\ud83d\udca1\u00a0<strong>Detalhes T\u00e9cnicos<\/strong><br \/>\u26a0\ufe0f Formato:\u00a0<strong>PDF \u2013<\/strong>\u00a0<strong>A4<\/strong>\u00a0(ideal para impress\u00e3o em papel fotogr\u00e1fico 180g \u2013 brilho).<br \/>\u26a0\ufe0f Arquivo\u00a0<strong>100% digital<\/strong>, pronto para impress\u00e3o.<br \/>\u26a0\ufe0f Acompanha\u00a0<strong>instru\u00e7\u00f5es detalhadas<\/strong>\u00a0de montagem e recorte.<br \/>\u26a0\ufe0f N\u00e3o enviamos pelos CORREIOS.<br \/>\u26a0\ufe0f Aten\u00e7\u00e3o: Este produto n\u00e3o \u00e9 clipart e n\u00e3o disponibilizamos a arte aberta. O material \u00e9 fornecido exclusivamente em arquivos PDF.<br \/>\u26a0\ufe0f\u00a0<strong>Uso pessoal, proibida a venda e revenda do material f\u00edsico ou digital.<\/strong><\/p>\n<p><strong>\ud83d\udce5 Como acessar seu arquivo<br \/>Ap\u00f3s a confirma\u00e7\u00e3o do pagamento, voc\u00ea poder\u00e1 baixar o seu produto de tr\u00eas formas pr\u00e1ticas:<br \/><\/strong>1\ufe0f\u20e3 Via e-mail<br \/>Voc\u00ea receber\u00e1 um e-mail com o t\u00edtulo \u201cSeu arquivo chegou\u201d.<br \/>Lembre-se de verificar tamb\u00e9m a caixa de Spam\/Lixo eletr\u00f4nico.<br \/>Para baixar, clique em todos os t\u00edtulos destacados e sublinhados na se\u00e7\u00e3o de Downloads.<br \/>2\ufe0f\u20e3 Via WhatsApp<br \/>Voc\u00ea receber\u00e1 uma mensagem autom\u00e1tica em seu WhatsApp.<br \/>Para receber o arquivo por l\u00e1, basta clicar no bot\u00e3o: \u201cRECEBER meu pedido aqui\u201d.<br \/>3\ufe0f\u20e3 Na sua \u00c1rea do Cliente (site)<br \/>Clique nas tr\u00eas linhas no canto superior esquerdo.<br \/>Acesse Minha Conta &gt; Downloads.<br \/>Baixe diretamente todos os produtos adquiridos.<br \/><strong>\ud83d\udccc Qualquer d\u00favida, nosso suporte est\u00e1 \u00e0 disposi\u00e7\u00e3o:<br \/>(11) 94050-7483.<\/strong><\/p>\n","protected":false},"excerpt":{"rendered":"<p>Transforme a sua confraterniza\u00e7\u00e3o natalina em um momento inesquec\u00edvel com este <strong>Kit Decorativo de Mesa Posta de Natal<\/strong>, criado com delicadeza, harmonia e elementos encantadores para deixar qualquer ambiente ainda mais acolhedor e tem\u00e1tico.<br \/>Um material <strong>100% digital<\/strong>, pr\u00e1tico, econ\u00f4mico e pronto para imprimir.<\/p>\n","protected":false},"featured_media":80548,"comment_status":"open","ping_status":"closed","template":"","meta":{"bwfblock_default_font":"","_uf_show_specific_survey":0,"_uf_disable_surveys":false},"product_brand":[],"product_cat":[37],"product_tag":[47,121],"class_list":{"0":"post-80541","1":"product","2":"type-product","3":"status-publish","4":"has-post-thumbnail","6":"product_cat-datas-comemorativas","7":"product_tag-datas-comemorativas","8":"product_tag-natal","10":"first","11":"instock","12":"sale","13":"downloadable","14":"virtual","15":"sold-individually","16":"taxable","17":"purchasable","18":"product-type-simple"},"aioseo_notices":[],"_links":{"self":[{"href":"https:\/\/educacaocomproposito.com.br\/index.php\/wp-json\/wp\/v2\/product\/80541","targetHints":{"allow":["GET"]}}],"collection":[{"href":"https:\/\/educacaocomproposito.com.br\/index.php\/wp-json\/wp\/v2\/product"}],"about":[{"href":"https:\/\/educacaocomproposito.com.br\/index.php\/wp-json\/wp\/v2\/types\/product"}],"replies":[{"embeddable":true,"href":"https:\/\/educacaocomproposito.com.br\/index.php\/wp-json\/wp\/v2\/comments?post=80541"}],"version-history":[{"count":2,"href":"https:\/\/educacaocomproposito.com.br\/index.php\/wp-json\/wp\/v2\/product\/80541\/revisions"}],"predecessor-version":[{"id":81638,"href":"https:\/\/educacaocomproposito.com.br\/index.php\/wp-json\/wp\/v2\/product\/80541\/revisions\/81638"}],"wp:featuredmedia":[{"embeddable":true,"href":"https:\/\/educacaocomproposito.com.br\/index.php\/wp-json\/wp\/v2\/media\/80548"}],"wp:attachment":[{"href":"https:\/\/educacaocomproposito.com.br\/index.php\/wp-json\/wp\/v2\/media?parent=80541"}],"wp:term":[{"taxonomy":"product_brand","embeddable":true,"href":"https:\/\/educacaocomproposito.com.br\/index.php\/wp-json\/wp\/v2\/product_brand?post=80541"},{"taxonomy":"product_cat","embeddable":true,"href":"https:\/\/educacaocomproposito.com.br\/index.php\/wp-json\/wp\/v2\/product_cat?post=80541"},{"taxonomy":"product_tag","embeddable":true,"href":"https:\/\/educacaocomproposito.com.br\/index.php\/wp-json\/wp\/v2\/product_tag?post=80541"}],"curies":[{"name":"wp","href":"https:\/\/api.w.org\/{rel}","templated":true}]}}