{"id":81587,"date":"2025-12-09T16:11:35","date_gmt":"2025-12-09T19:11:35","guid":{"rendered":"https:\/\/educacaocomproposito.com.br\/?post_type=product&#038;p=81587"},"modified":"2025-12-09T18:02:28","modified_gmt":"2025-12-09T21:02:28","slug":"kit-volta-as-aulas-aquarela-2026","status":"publish","type":"product","link":"https:\/\/educacaocomproposito.com.br\/index.php\/product\/kit-volta-as-aulas-aquarela-2026\/","title":{"rendered":"Kit Volta \u00e0s Aulas &#8211; Aquarela 2026"},"content":{"rendered":"<p>Este kit inclui:<br \/><strong>Painel Tem\u00e1tico<\/strong> com dimens\u00f5es de <strong>220&#215;91 cm<\/strong>, perfeito para decorar a sala de aula ou recep\u00e7\u00e3o da escola. Com um design vibrante e cheio de cores inspirado em aquarelas, \u00e9 ideal para transmitir alegria e inspira\u00e7\u00e3o desde o primeiro dia de aula.<br \/><strong>4 Modelos de Lembrancinhas<\/strong> exclusivas, adaptadas para presentear alunos da educa\u00e7\u00e3o infantil ao ensino m\u00e9dio. Voc\u00ea receber\u00e1 Tag para Bis, Tag para bala, Tag para Disquete e Tag para l\u00e1pis + bala.<br \/><strong>Tutorial de Montagem<\/strong> incluso para facilitar o preparo do painel e lembrancinhas, garantindo uma montagem pr\u00e1tica e sem complica\u00e7\u00f5es.<\/p>\n<p><strong>Detalhes T\u00e9cnicos:<\/strong><br \/>Arquivo 100% digital. N\u00e3o edit\u00e1vel.<br \/>N\u00c3O ENVIAMOS PELOS CORREIOS.<\/p>\n<p><strong>\ud83d\udce5 Como acessar seu arquivo<br \/>Ap\u00f3s a confirma\u00e7\u00e3o do pagamento, voc\u00ea poder\u00e1 baixar o seu produto de tr\u00eas formas pr\u00e1ticas:<br \/><\/strong>1\ufe0f\u20e3 Via e-mail<br \/>Voc\u00ea receber\u00e1 um e-mail com o t\u00edtulo \u201cSeu arquivo chegou\u201d.<br \/>Lembre-se de verificar tamb\u00e9m a caixa de Spam\/Lixo eletr\u00f4nico.<br \/>Para baixar, clique em todos os t\u00edtulos destacados e sublinhados na se\u00e7\u00e3o de Downloads.<br \/>2\ufe0f\u20e3 Via WhatsApp<br \/>Voc\u00ea receber\u00e1 uma mensagem autom\u00e1tica em seu WhatsApp.<br \/>Para receber o arquivo por l\u00e1, basta clicar no bot\u00e3o: \u201cRECEBER meu pedido aqui\u201d.<br \/>3\ufe0f\u20e3 Na sua \u00c1rea do Cliente (site)<br \/>Clique nas tr\u00eas linhas no canto superior esquerdo.<br \/>Acesse Minha Conta &gt; Downloads.<br \/>Baixe diretamente todos os produtos adquiridos.<br \/><strong>\ud83d\udccc Qualquer d\u00favida, nosso suporte est\u00e1 \u00e0 disposi\u00e7\u00e3o:<br \/>(11) 94050-7483.<\/strong><\/p>\n","protected":false},"excerpt":{"rendered":"<p>D\u00ea boas-vindas aos seus alunos de forma especial e criativa com o <strong>Kit Volta \u00e0s Aulas &#8211; Aquarela<\/strong>!<\/p>\n","protected":false},"featured_media":81631,"comment_status":"open","ping_status":"closed","template":"","meta":{"bwfblock_default_font":"","_uf_show_specific_survey":0,"_uf_disable_surveys":false},"product_brand":[],"product_cat":[71],"product_tag":[52],"class_list":{"0":"post-81587","1":"product","2":"type-product","3":"status-publish","4":"has-post-thumbnail","6":"product_cat-volta-as-aulas","7":"product_tag-volta-as-aulas","9":"first","10":"instock","11":"sale","12":"downloadable","13":"virtual","14":"sold-individually","15":"purchasable","16":"product-type-simple"},"aioseo_notices":[],"_links":{"self":[{"href":"https:\/\/educacaocomproposito.com.br\/index.php\/wp-json\/wp\/v2\/product\/81587","targetHints":{"allow":["GET"]}}],"collection":[{"href":"https:\/\/educacaocomproposito.com.br\/index.php\/wp-json\/wp\/v2\/product"}],"about":[{"href":"https:\/\/educacaocomproposito.com.br\/index.php\/wp-json\/wp\/v2\/types\/product"}],"replies":[{"embeddable":true,"href":"https:\/\/educacaocomproposito.com.br\/index.php\/wp-json\/wp\/v2\/comments?post=81587"}],"version-history":[{"count":1,"href":"https:\/\/educacaocomproposito.com.br\/index.php\/wp-json\/wp\/v2\/product\/81587\/revisions"}],"predecessor-version":[{"id":81628,"href":"https:\/\/educacaocomproposito.com.br\/index.php\/wp-json\/wp\/v2\/product\/81587\/revisions\/81628"}],"wp:featuredmedia":[{"embeddable":true,"href":"https:\/\/educacaocomproposito.com.br\/index.php\/wp-json\/wp\/v2\/media\/81631"}],"wp:attachment":[{"href":"https:\/\/educacaocomproposito.com.br\/index.php\/wp-json\/wp\/v2\/media?parent=81587"}],"wp:term":[{"taxonomy":"product_brand","embeddable":true,"href":"https:\/\/educacaocomproposito.com.br\/index.php\/wp-json\/wp\/v2\/product_brand?post=81587"},{"taxonomy":"product_cat","embeddable":true,"href":"https:\/\/educacaocomproposito.com.br\/index.php\/wp-json\/wp\/v2\/product_cat?post=81587"},{"taxonomy":"product_tag","embeddable":true,"href":"https:\/\/educacaocomproposito.com.br\/index.php\/wp-json\/wp\/v2\/product_tag?post=81587"}],"curies":[{"name":"wp","href":"https:\/\/api.w.org\/{rel}","templated":true}]}}