{"id":83519,"date":"2025-12-22T19:44:12","date_gmt":"2025-12-22T22:44:12","guid":{"rendered":"https:\/\/educacaocomproposito.com.br\/?post_type=product&#038;p=83519"},"modified":"2026-01-14T09:30:52","modified_gmt":"2026-01-14T12:30:52","slug":"kit-de-acolhimento-para-professores-resgate-de-proposito","status":"publish","type":"product","link":"https:\/\/educacaocomproposito.com.br\/index.php\/product\/kit-de-acolhimento-para-professores-resgate-de-proposito\/","title":{"rendered":"Kit de Acolhimento para Professores \u2013 Resgate de Prop\u00f3sito"},"content":{"rendered":"<p>\u2728 O que voc\u00ea recebe neste kit:<\/p>\n<p>\ud83e\udde9 Painel central com o tema <strong>\u201cPor que fazemos o que fazemos?\u201d<\/strong> (24 folhas A4).<br \/>Frase inspiradora de <strong>Paulo Freire<\/strong>, integrada ao contexto do acolhimento<br \/>Espa\u00e7os para registros reflexivos da equipe<br \/>Design acolhedor, moderno e significativo<br \/>Imagem base com numera\u00e7\u00e3o para facilitar a montagem<br \/><em>(Visualiza\u00e7\u00e3o e montagem detalhadas no material)<\/em><br \/>\ud83c\udf88 Faixa Superior \u201cSejam Bem-Vindos\u201d<br \/>Complementa o painel e refor\u00e7a o sentimento de acolhida logo na entrada do ambiente (8 folhas A4).<br \/>\ud83d\uddfc Elementos Laterais Decorativos (Total de 11 folhas A4).<br \/><strong>Farol\/Nuvem<\/strong> e palavras-chave verticais: <br \/><em>Acolher<\/em> \/ <em>Inspirar \/Ensinar<\/em> \/ <em>Transformar<\/em><br \/>\ud83d\udcdd Cartinha para os Professores<br \/><strong>Vers\u00e3o edit\u00e1vel no Canva<\/strong> (Pro ou gratuito)<br \/><strong>Vers\u00e3o pronta<\/strong>, para quem prefere imprimir e utilizar diretamente<br \/>\ud83c\udfaf Din\u00e2mica Pedag\u00f3gica Completa<br \/>Proposta reflexiva alinhada ao painel<br \/>Material complementar para aplica\u00e7\u00e3o<br \/><strong>Roteiro de fala do coordenador<\/strong>, com passo a passo claro para conduzir o encontro com seguran\u00e7a e intencionalidade<br \/>\ud83c\udf81 Lembrancinhas de Baixo Custo<br \/><strong>Caixinha porta-materiais<\/strong> fixado ao painel (l\u00e1pis, caneta, borracha, marca-texto)<br \/><strong>Lembrancinha Porta BIS<\/strong><br \/>\ud83c\udfa5 Tutoriais em V\u00eddeo<br \/>Acesso via QR Code a v\u00eddeos explicativos de montagem<br \/>Orienta\u00e7\u00f5es pr\u00e1ticas para impress\u00e3o, recorte, colagem e edi\u00e7\u00e3o do item edit\u00e1vel. <\/p>\n<p><strong>Detalhes T\u00e9cnicos:<\/strong><br \/>\ud83d\udcc2 Arquivo em PDF pronto para impress\u00e3o, 100% digital. Cont\u00e9m um item edit\u00e1vel no Canva Pro ou Gratuito (leia atentamente o descritivo acima).<br \/>\u26a0\ufe0f N\u00e3o enviamos pelos CORREIOS.<br \/>\u26a0\ufe0f Aten\u00e7\u00e3o: Este produto n\u00e3o \u00e9 clipart e n\u00e3o disponibilizamos a arte aberta. O material \u00e9 fornecido exclusivamente em arquivos PDF. Uso pessoal, proibida a venda e revenda do material f\u00edsico ou digital.<br \/><strong><br \/>\ud83d\udce5 Como acessar seu arquivo<br \/>Ap\u00f3s a confirma\u00e7\u00e3o do pagamento, voc\u00ea poder\u00e1 baixar o seu produto de tr\u00eas formas pr\u00e1ticas:<br \/><\/strong>1\ufe0f\u20e3 Via e-mail<br \/>Voc\u00ea receber\u00e1 um e-mail com o t\u00edtulo \u201cSeu arquivo chegou\u201d.<br \/>Lembre-se de verificar tamb\u00e9m a caixa de Spam\/Lixo eletr\u00f4nico.<br \/>Para baixar, clique em todos os t\u00edtulos destacados e sublinhados na se\u00e7\u00e3o de Downloads.<br \/>2\ufe0f\u20e3 Via WhatsApp<br \/>Voc\u00ea receber\u00e1 uma mensagem autom\u00e1tica em seu WhatsApp.<br \/>Para receber o arquivo por l\u00e1, basta clicar no bot\u00e3o: \u201cRECEBER meu pedido aqui\u201d.<br \/>3\ufe0f\u20e3 Na sua \u00c1rea do Cliente (site)<br \/>Clique nas tr\u00eas linhas no canto superior esquerdo.<br \/>Acesse Minha Conta &gt; Downloads.<br \/>Baixe diretamente todos os produtos adquiridos.<br \/><strong>\ud83d\udccc Qualquer d\u00favida, nosso suporte est\u00e1 \u00e0 disposi\u00e7\u00e3o:<br \/>(11) 94050-7483.<\/strong><\/p>\n","protected":false},"excerpt":{"rendered":"<p>O <strong>Kit de Acolhimento para Professores \u2013 Volta \u00e0s Aulas 2026<\/strong> foi cuidadosamente desenvolvido para transformar o in\u00edcio do ano letivo em um momento de <strong>escuta, pertencimento, reflex\u00e3o e resgate do prop\u00f3sito docente<\/strong>.<br \/>Mais do que decorar um espa\u00e7o, este material conduz a equipe pedag\u00f3gica a <strong>relembrar por que fazem o que fazem<\/strong>, fortalecendo v\u00ednculos, alinhando expectativas e criando um clima emocionalmente acolhedor para o in\u00edcio do trabalho coletivo.<br \/>Ideal para <strong>reuni\u00f5es pedag\u00f3gicas, jornadas de forma\u00e7\u00e3o, semanas de planejamento ou encontros de acolhida<\/strong>, o kit oferece uma proposta completa: visual impactante + din\u00e2mica reflexiva + roteiro de condu\u00e7\u00e3o.<\/p>\n","protected":false},"featured_media":83523,"comment_status":"open","ping_status":"closed","template":"","meta":{"bwfblock_default_font":"","_uf_show_specific_survey":0,"_uf_disable_surveys":false},"product_brand":[],"product_cat":[38,71],"product_tag":[],"class_list":{"0":"post-83519","1":"product","2":"type-product","3":"status-publish","4":"has-post-thumbnail","6":"product_cat-coordenacao-pedagogica","7":"product_cat-volta-as-aulas","9":"first","10":"instock","11":"sale","12":"downloadable","13":"virtual","14":"sold-individually","15":"purchasable","16":"product-type-simple"},"aioseo_notices":[],"_links":{"self":[{"href":"https:\/\/educacaocomproposito.com.br\/index.php\/wp-json\/wp\/v2\/product\/83519","targetHints":{"allow":["GET"]}}],"collection":[{"href":"https:\/\/educacaocomproposito.com.br\/index.php\/wp-json\/wp\/v2\/product"}],"about":[{"href":"https:\/\/educacaocomproposito.com.br\/index.php\/wp-json\/wp\/v2\/types\/product"}],"replies":[{"embeddable":true,"href":"https:\/\/educacaocomproposito.com.br\/index.php\/wp-json\/wp\/v2\/comments?post=83519"}],"version-history":[{"count":1,"href":"https:\/\/educacaocomproposito.com.br\/index.php\/wp-json\/wp\/v2\/product\/83519\/revisions"}],"predecessor-version":[{"id":83538,"href":"https:\/\/educacaocomproposito.com.br\/index.php\/wp-json\/wp\/v2\/product\/83519\/revisions\/83538"}],"wp:featuredmedia":[{"embeddable":true,"href":"https:\/\/educacaocomproposito.com.br\/index.php\/wp-json\/wp\/v2\/media\/83523"}],"wp:attachment":[{"href":"https:\/\/educacaocomproposito.com.br\/index.php\/wp-json\/wp\/v2\/media?parent=83519"}],"wp:term":[{"taxonomy":"product_brand","embeddable":true,"href":"https:\/\/educacaocomproposito.com.br\/index.php\/wp-json\/wp\/v2\/product_brand?post=83519"},{"taxonomy":"product_cat","embeddable":true,"href":"https:\/\/educacaocomproposito.com.br\/index.php\/wp-json\/wp\/v2\/product_cat?post=83519"},{"taxonomy":"product_tag","embeddable":true,"href":"https:\/\/educacaocomproposito.com.br\/index.php\/wp-json\/wp\/v2\/product_tag?post=83519"}],"curies":[{"name":"wp","href":"https:\/\/api.w.org\/{rel}","templated":true}]}}