{"id":87535,"date":"2026-01-14T09:18:25","date_gmt":"2026-01-14T12:18:25","guid":{"rendered":"https:\/\/educacaocomproposito.com.br\/?post_type=product&#038;p=87535"},"modified":"2026-01-26T17:20:50","modified_gmt":"2026-01-26T20:20:50","slug":"plaquinhas-de-identificacao-ambientes-escolares-editavel","status":"publish","type":"product","link":"https:\/\/educacaocomproposito.com.br\/index.php\/product\/plaquinhas-de-identificacao-ambientes-escolares-editavel\/","title":{"rendered":"Plaquinhas de Identifica\u00e7\u00e3o \u2013 Ambientes Escolares &#8211; Edit\u00e1vel"},"content":{"rendered":"<p><strong>O arquivo inclui:<br \/>Mais de 18 tipos de plaquinhas<\/strong> <strong>(Tamanho A4)<\/strong>: Diversidade de modelos para atender \u00e0s necessidades de cada ambiente escolar.<br \/><strong>Pronto para Imprimir<\/strong>: Receba os arquivos j\u00e1 prontos para impress\u00e3o, com design profissional e adequado para qualquer ambiente.<br \/><strong>Vers\u00e3o Edit\u00e1vel Dispon\u00edvel<\/strong>: Personalize o estilo das plaquinhas de acordo com suas necessidades espec\u00edficas, utilizando a vers\u00e3o edit\u00e1vel inclu\u00edda. Obs: Tamanho n\u00e3o edit\u00e1vel, dispon\u00edvel apenas em tamanho A4.<br \/><strong>Apoio com V\u00eddeo Tutorial<\/strong>: Aprenda a personalizar suas plaquinhas com facilidade! Acompanha um v\u00eddeo explicativo que orienta passo a passo todo o processo de edi\u00e7\u00e3o.<\/p>\n<p><strong>Detalhes T\u00e9cnicos:<\/strong><br \/><strong>Detalhes T\u00e9cnicos:<\/strong><br \/>\ud83d\udcc2 Arquivo em PDF pronto para impress\u00e3o, 100% digital. Arquivo edit\u00e1vel no Canva Pro ou Gratuito.<br \/>\u26a0\ufe0f N\u00e3o enviamos pelos CORREIOS.<br \/>\u26a0\ufe0f Aten\u00e7\u00e3o: Este produto n\u00e3o \u00e9 clipart. O material \u00e9 fornecido exclusivamente em arquivos PDF. Uso pessoal, proibida a venda e revenda do material f\u00edsico ou digital.<\/p>\n<p><strong>\ud83d\udce5 Como acessar seu arquivo<br \/>Ap\u00f3s a confirma\u00e7\u00e3o do pagamento, voc\u00ea poder\u00e1 baixar o seu produto de tr\u00eas formas pr\u00e1ticas:<br \/><\/strong>1\ufe0f\u20e3 Via e-mail<br \/>Voc\u00ea receber\u00e1 um e-mail com o t\u00edtulo \u201cSeu arquivo chegou\u201d.<br \/>Lembre-se de verificar tamb\u00e9m a caixa de Spam\/Lixo eletr\u00f4nico.<br \/>Para baixar, clique em todos os t\u00edtulos destacados e sublinhados na se\u00e7\u00e3o de Downloads.<br \/>2\ufe0f\u20e3 Via WhatsApp<br \/>Voc\u00ea receber\u00e1 uma mensagem autom\u00e1tica em seu WhatsApp.<br \/>Para receber o arquivo por l\u00e1, basta clicar no bot\u00e3o: \u201cRECEBER meu pedido aqui\u201d.<br \/>3\ufe0f\u20e3 Na sua \u00c1rea do Cliente (site)<br \/>Clique nas tr\u00eas linhas no canto superior esquerdo.<br \/>Acesse Minha Conta &gt; Downloads.<br \/>Baixe diretamente todos os produtos adquiridos.<br \/><strong>\ud83d\udccc Qualquer d\u00favida, nosso suporte est\u00e1 \u00e0 disposi\u00e7\u00e3o:<br \/>(11) 94050-7483.<\/strong><\/p>\n","protected":false},"excerpt":{"rendered":"<p>Transforme a organiza\u00e7\u00e3o da sua escola com as <strong>Plaquinhas de Identifica\u00e7\u00e3o para Ambientes Escolares<\/strong>! Este recurso pr\u00e1tico e vers\u00e1til \u00e9 perfeito para sinalizar salas e espa\u00e7os de forma clara e visualmente atrativa.<\/p>\n","protected":false},"featured_media":82717,"comment_status":"open","ping_status":"closed","template":"","meta":{"bwfblock_default_font":"","_uf_show_specific_survey":0,"_uf_disable_surveys":false},"product_brand":[],"product_cat":[38],"product_tag":[70],"class_list":{"0":"post-87535","1":"product","2":"type-product","3":"status-publish","4":"has-post-thumbnail","6":"product_cat-coordenacao-pedagogica","7":"product_tag-coordenacao-pedagogica","9":"first","10":"instock","11":"sale","12":"downloadable","13":"virtual","14":"sold-individually","15":"taxable","16":"purchasable","17":"product-type-simple"},"aioseo_notices":[],"_links":{"self":[{"href":"https:\/\/educacaocomproposito.com.br\/index.php\/wp-json\/wp\/v2\/product\/87535","targetHints":{"allow":["GET"]}}],"collection":[{"href":"https:\/\/educacaocomproposito.com.br\/index.php\/wp-json\/wp\/v2\/product"}],"about":[{"href":"https:\/\/educacaocomproposito.com.br\/index.php\/wp-json\/wp\/v2\/types\/product"}],"replies":[{"embeddable":true,"href":"https:\/\/educacaocomproposito.com.br\/index.php\/wp-json\/wp\/v2\/comments?post=87535"}],"version-history":[{"count":1,"href":"https:\/\/educacaocomproposito.com.br\/index.php\/wp-json\/wp\/v2\/product\/87535\/revisions"}],"predecessor-version":[{"id":87541,"href":"https:\/\/educacaocomproposito.com.br\/index.php\/wp-json\/wp\/v2\/product\/87535\/revisions\/87541"}],"wp:featuredmedia":[{"embeddable":true,"href":"https:\/\/educacaocomproposito.com.br\/index.php\/wp-json\/wp\/v2\/media\/82717"}],"wp:attachment":[{"href":"https:\/\/educacaocomproposito.com.br\/index.php\/wp-json\/wp\/v2\/media?parent=87535"}],"wp:term":[{"taxonomy":"product_brand","embeddable":true,"href":"https:\/\/educacaocomproposito.com.br\/index.php\/wp-json\/wp\/v2\/product_brand?post=87535"},{"taxonomy":"product_cat","embeddable":true,"href":"https:\/\/educacaocomproposito.com.br\/index.php\/wp-json\/wp\/v2\/product_cat?post=87535"},{"taxonomy":"product_tag","embeddable":true,"href":"https:\/\/educacaocomproposito.com.br\/index.php\/wp-json\/wp\/v2\/product_tag?post=87535"}],"curies":[{"name":"wp","href":"https:\/\/api.w.org\/{rel}","templated":true}]}}