{"id":87548,"date":"2026-01-14T09:31:58","date_gmt":"2026-01-14T12:31:58","guid":{"rendered":"https:\/\/educacaocomproposito.com.br\/?post_type=product&#038;p=87548"},"modified":"2026-01-14T13:18:21","modified_gmt":"2026-01-14T16:18:21","slug":"kit-de-lembrancinhas-para-professores-acolhimento-volta-as-aulas-2026","status":"publish","type":"product","link":"https:\/\/educacaocomproposito.com.br\/index.php\/product\/kit-de-lembrancinhas-para-professores-acolhimento-volta-as-aulas-2026\/","title":{"rendered":"Kit de Lembrancinhas para Professores &#8211; Acolhimento Volta \u00e0s Aulas 2026"},"content":{"rendered":"<p><strong>O kit cont\u00e9m:<\/strong><br \/><strong>Calend\u00e1rio de Mesa Personalizado:<\/strong> Um acess\u00f3rio pr\u00e1tico e elegante para organizar o dia a dia.<br \/><strong>Tag para Barra de Chocolate:<\/strong> Um toque doce e especial, perfeito para presentear e trazer conforto nos primeiros dias de aula.<br \/><strong>Tag para Materiais Essenciais:<\/strong> Itens indispens\u00e1veis na rotina de um professor, como caneta, marca texto, borracha e post-it.<br \/><strong>Sacolinha Personalizada:<\/strong> Embalagem exclusiva e tem\u00e1tica para acomodar todos os itens do kit com charme e sofistica\u00e7\u00e3o. \u2b07\ufe0f<\/p>\n<p><strong>Detalhes T\u00e9cnicos:<\/strong><br \/>Arquivo 100% digital. N\u00e3o edit\u00e1vel.<br \/>N\u00c3O ENVIAMOS PELOS CORREIOS.<\/p>\n<p><strong>\ud83d\udce5 Como acessar seu arquivo<br \/>Ap\u00f3s a confirma\u00e7\u00e3o do pagamento, voc\u00ea poder\u00e1 baixar o seu produto de tr\u00eas formas pr\u00e1ticas:<br \/><\/strong>1\ufe0f\u20e3 Via e-mail<br \/>Voc\u00ea receber\u00e1 um e-mail com o t\u00edtulo \u201cSeu arquivo chegou\u201d.<br \/>Lembre-se de verificar tamb\u00e9m a caixa de Spam\/Lixo eletr\u00f4nico.<br \/>Para baixar, clique em todos os t\u00edtulos destacados e sublinhados na se\u00e7\u00e3o de Downloads.<br \/>2\ufe0f\u20e3 Via WhatsApp<br \/>Voc\u00ea receber\u00e1 uma mensagem autom\u00e1tica em seu WhatsApp.<br \/>Para receber o arquivo por l\u00e1, basta clicar no bot\u00e3o: \u201cRECEBER meu pedido aqui\u201d.<br \/>3\ufe0f\u20e3 Na sua \u00c1rea do Cliente (site)<br \/>Clique nas tr\u00eas linhas no canto superior esquerdo.<br \/>Acesse Minha Conta &gt; Downloads.<br \/>Baixe diretamente todos os produtos adquiridos.<br \/><strong>\ud83d\udccc Qualquer d\u00favida, nosso suporte est\u00e1 \u00e0 disposi\u00e7\u00e3o:<br \/>(11) 94050-7483.<\/strong><\/p>\n","protected":false},"excerpt":{"rendered":"<p>Surpreenda e acolha seus professores com um kit cheio de carinho e praticidade para marcar o in\u00edcio do ano letivo de 2026! Este conjunto foi criado especialmente para transmitir gratid\u00e3o, motiva\u00e7\u00e3o e organiza\u00e7\u00e3o, deixando cada educador preparado e valorizado para a jornada que se inicia.<\/p>\n","protected":false},"featured_media":81028,"comment_status":"open","ping_status":"closed","template":"","meta":{"bwfblock_default_font":"","_uf_show_specific_survey":0,"_uf_disable_surveys":false},"product_brand":[],"product_cat":[38],"product_tag":[70],"class_list":{"0":"post-87548","1":"product","2":"type-product","3":"status-publish","4":"has-post-thumbnail","6":"product_cat-coordenacao-pedagogica","7":"product_tag-coordenacao-pedagogica","9":"first","10":"instock","11":"sale","12":"downloadable","13":"virtual","14":"sold-individually","15":"purchasable","16":"product-type-simple"},"aioseo_notices":[],"_links":{"self":[{"href":"https:\/\/educacaocomproposito.com.br\/index.php\/wp-json\/wp\/v2\/product\/87548","targetHints":{"allow":["GET"]}}],"collection":[{"href":"https:\/\/educacaocomproposito.com.br\/index.php\/wp-json\/wp\/v2\/product"}],"about":[{"href":"https:\/\/educacaocomproposito.com.br\/index.php\/wp-json\/wp\/v2\/types\/product"}],"replies":[{"embeddable":true,"href":"https:\/\/educacaocomproposito.com.br\/index.php\/wp-json\/wp\/v2\/comments?post=87548"}],"version-history":[{"count":1,"href":"https:\/\/educacaocomproposito.com.br\/index.php\/wp-json\/wp\/v2\/product\/87548\/revisions"}],"predecessor-version":[{"id":87553,"href":"https:\/\/educacaocomproposito.com.br\/index.php\/wp-json\/wp\/v2\/product\/87548\/revisions\/87553"}],"wp:featuredmedia":[{"embeddable":true,"href":"https:\/\/educacaocomproposito.com.br\/index.php\/wp-json\/wp\/v2\/media\/81028"}],"wp:attachment":[{"href":"https:\/\/educacaocomproposito.com.br\/index.php\/wp-json\/wp\/v2\/media?parent=87548"}],"wp:term":[{"taxonomy":"product_brand","embeddable":true,"href":"https:\/\/educacaocomproposito.com.br\/index.php\/wp-json\/wp\/v2\/product_brand?post=87548"},{"taxonomy":"product_cat","embeddable":true,"href":"https:\/\/educacaocomproposito.com.br\/index.php\/wp-json\/wp\/v2\/product_cat?post=87548"},{"taxonomy":"product_tag","embeddable":true,"href":"https:\/\/educacaocomproposito.com.br\/index.php\/wp-json\/wp\/v2\/product_tag?post=87548"}],"curies":[{"name":"wp","href":"https:\/\/api.w.org\/{rel}","templated":true}]}}