{"id":88810,"date":"2026-01-17T00:08:49","date_gmt":"2026-01-17T03:08:49","guid":{"rendered":"https:\/\/educacaocomproposito.com.br\/?post_type=product&#038;p=88810"},"modified":"2026-01-20T18:32:18","modified_gmt":"2026-01-20T21:32:18","slug":"kit-volta-as-aulas-uma-nova-historia","status":"publish","type":"product","link":"https:\/\/educacaocomproposito.com.br\/index.php\/product\/kit-volta-as-aulas-uma-nova-historia\/","title":{"rendered":"Kit Volta \u00e0s Aulas \u2013 Uma Nova Hist\u00f3ria | Fundamental I"},"content":{"rendered":"<p>\ud83d\udce6 O que voc\u00ea recebe neste kit:<br \/>\ud83e\udde9 Materiais de apoio e organiza\u00e7\u00e3o<br \/>\u2714\ufe0f Guia de materiais utilizados<br \/>\u2714\ufe0f Instru\u00e7\u00f5es completas de impress\u00e3o<br \/>\u2714\ufe0f Orienta\u00e7\u00f5es detalhadas de montagem<\/p>\n<p>\ud83c\udfa8 Faixas decorativas<br \/>\u2714\ufe0f Faixas ampliadas para recorte e colagem(4 folhas A4 cada)<br \/>\u2714\ufe0f <strong>Banners em imagem inteira<\/strong>, prontos para impress\u00e3o em tamanho banner<br \/>(118,8 x 21 cm)<\/p>\n<p>\ud83c\udf81 Lembrancinhas tem\u00e1ticas<br \/>\u2714\ufe0f Lembrancinha com letra imprensa<br \/>\u2714\ufe0f Lembrancinha com letra bast\u00e3o<\/p>\n<p>\ud83c\udfa5 Conte\u00fado extra para facilitar sua aplica\u00e7\u00e3o<br \/>\u2714\ufe0f V\u00eddeos tutoriais de montagem <br \/>\u2714\ufe0f Orienta\u00e7\u00f5es para impress\u00e3o em formato banner utilizando impressora comum A4<\/p>\n<p><strong>Detalhes T\u00e9cnicos:<\/strong><br \/>\ud83d\udcc4 Material <strong>100% digital (PDF)<\/strong><br \/>\ud83d\udda8\ufe0f Pronto para imprimir<br \/>\ud83d\udd10 Direitos autorais<br \/>Material protegido por direitos autorais.<br \/>\ud83d\udeab Uso pessoal e pedag\u00f3gico \u2013 <strong>proibida a redistribui\u00e7\u00e3o ou comercializa\u00e7\u00e3o<\/strong> <strong>do material f\u00edsico ou digital<\/strong>.<br \/>\u26a0\ufe0f N\u00e3o enviamos pelos CORREIOS.<br \/>\u26a0\ufe0f Aten\u00e7\u00e3o: Este produto n\u00e3o \u00e9 clipart e n\u00e3o disponibilizamos a arte aberta.<\/p>\n<p><strong>\ud83d\udce5 Como acessar seu arquivo<br \/>Ap\u00f3s a confirma\u00e7\u00e3o do pagamento, voc\u00ea poder\u00e1 baixar o seu produto de tr\u00eas formas pr\u00e1ticas:<br \/><\/strong>1\ufe0f\u20e3 Via e-mail<br \/>Voc\u00ea receber\u00e1 um e-mail com o t\u00edtulo \u201cSeu arquivo chegou\u201d.<br \/>Lembre-se de verificar tamb\u00e9m a caixa de Spam\/Lixo eletr\u00f4nico.<br \/>Para baixar, clique em todos os t\u00edtulos destacados e sublinhados na se\u00e7\u00e3o de Downloads.<br \/>2\ufe0f\u20e3 Via WhatsApp<br \/>Voc\u00ea receber\u00e1 uma mensagem autom\u00e1tica em seu WhatsApp.<br \/>Para receber o arquivo por l\u00e1, basta clicar no bot\u00e3o: \u201cRECEBER meu pedido aqui\u201d.<br \/>3\ufe0f\u20e3 Na sua \u00c1rea do Cliente (site)<br \/>Clique nas tr\u00eas linhas no canto superior esquerdo.<br \/>Acesse Minha Conta &gt; Downloads.<br \/>Baixe diretamente todos os produtos adquiridos.<br \/><strong>\ud83d\udccc Qualquer d\u00favida, nosso suporte est\u00e1 \u00e0 disposi\u00e7\u00e3o:<br \/>(11) 94050-7483.<\/strong><\/p>\n","protected":false},"excerpt":{"rendered":"<p>Voltar \u00e0s aulas \u00e9 mais do que retomar conte\u00fados.<br \/>\u00c9 <strong>recome\u00e7ar<\/strong>, <strong>acolher<\/strong> e <strong>construir novas hist\u00f3rias<\/strong> todos os dias.<\/p>\n<p>O <strong>Kit Volta \u00e0s Aulas \u2013 Uma Nova Hist\u00f3ria<\/strong> foi criado para transformar esse momento em uma experi\u00eancia significativa, visualmente encantadora e cheia de prop\u00f3sito, ajudando a criar um ambiente acolhedor desde o primeiro dia letivo.<\/p>\n","protected":false},"featured_media":88822,"comment_status":"open","ping_status":"closed","template":"","meta":{"bwfblock_default_font":"","_uf_show_specific_survey":0,"_uf_disable_surveys":false},"product_brand":[],"product_cat":[37,71],"product_tag":[47,52],"class_list":{"0":"post-88810","1":"product","2":"type-product","3":"status-publish","4":"has-post-thumbnail","6":"product_cat-datas-comemorativas","7":"product_cat-volta-as-aulas","8":"product_tag-datas-comemorativas","9":"product_tag-volta-as-aulas","11":"first","12":"instock","13":"sale","14":"downloadable","15":"virtual","16":"sold-individually","17":"taxable","18":"purchasable","19":"product-type-simple"},"aioseo_notices":[],"_links":{"self":[{"href":"https:\/\/educacaocomproposito.com.br\/index.php\/wp-json\/wp\/v2\/product\/88810","targetHints":{"allow":["GET"]}}],"collection":[{"href":"https:\/\/educacaocomproposito.com.br\/index.php\/wp-json\/wp\/v2\/product"}],"about":[{"href":"https:\/\/educacaocomproposito.com.br\/index.php\/wp-json\/wp\/v2\/types\/product"}],"replies":[{"embeddable":true,"href":"https:\/\/educacaocomproposito.com.br\/index.php\/wp-json\/wp\/v2\/comments?post=88810"}],"version-history":[{"count":2,"href":"https:\/\/educacaocomproposito.com.br\/index.php\/wp-json\/wp\/v2\/product\/88810\/revisions"}],"predecessor-version":[{"id":90264,"href":"https:\/\/educacaocomproposito.com.br\/index.php\/wp-json\/wp\/v2\/product\/88810\/revisions\/90264"}],"wp:featuredmedia":[{"embeddable":true,"href":"https:\/\/educacaocomproposito.com.br\/index.php\/wp-json\/wp\/v2\/media\/88822"}],"wp:attachment":[{"href":"https:\/\/educacaocomproposito.com.br\/index.php\/wp-json\/wp\/v2\/media?parent=88810"}],"wp:term":[{"taxonomy":"product_brand","embeddable":true,"href":"https:\/\/educacaocomproposito.com.br\/index.php\/wp-json\/wp\/v2\/product_brand?post=88810"},{"taxonomy":"product_cat","embeddable":true,"href":"https:\/\/educacaocomproposito.com.br\/index.php\/wp-json\/wp\/v2\/product_cat?post=88810"},{"taxonomy":"product_tag","embeddable":true,"href":"https:\/\/educacaocomproposito.com.br\/index.php\/wp-json\/wp\/v2\/product_tag?post=88810"}],"curies":[{"name":"wp","href":"https:\/\/api.w.org\/{rel}","templated":true}]}}