{"id":89509,"date":"2026-01-19T12:04:57","date_gmt":"2026-01-19T15:04:57","guid":{"rendered":"https:\/\/educacaocomproposito.com.br\/?post_type=product&#038;p=89509"},"modified":"2026-01-19T12:08:52","modified_gmt":"2026-01-19T15:08:52","slug":"kit-jornada-pedagogica-reflexao-dialogo-e-pratica-com-intencao","status":"publish","type":"product","link":"https:\/\/educacaocomproposito.com.br\/index.php\/product\/kit-jornada-pedagogica-reflexao-dialogo-e-pratica-com-intencao\/","title":{"rendered":"Kit Jornada Pedag\u00f3gica \u2013 Reflex\u00e3o, Di\u00e1logo e Pr\u00e1tica com Inten\u00e7\u00e3o"},"content":{"rendered":"<p>\ud83d\udce6 O que voc\u00ea recebe neste kit:<\/p>\n<p>\ud83d\uddbc\ufe0f <strong>Banners da Jornada Pedag\u00f3gica<\/strong><br \/>Banner principal <em>Jornada Pedag\u00f3gica<\/em><br \/>Banners tem\u00e1ticos: <strong>Refletir<\/strong> | <strong>Planejar<\/strong> | <strong>Atualizar<\/strong> | <strong>Escutar<\/strong>| <strong>Fortalecer<\/strong><br \/>Vers\u00f5es:<br \/><strong>Imagem inteira (estilo banner)<\/strong><br \/><strong>Vers\u00e3o ampliada para recorte e colagem<\/strong> (estilo padr\u00e3o dos nossos arquivos)<\/p>\n<p>\ud83d\udcf0 <strong>Jornal da Semana Pedag\u00f3gica (EDIT\u00c1VEL)<\/strong><br \/>Arquivo edit\u00e1vel no <strong>Canva (gratuito ou Pro)<\/strong><br \/>Espa\u00e7os para: Comunicados | Organiza\u00e7\u00e3o da semana | Mensagens institucionais<\/p>\n<p>\ud83d\uddc2\ufe0f <strong>Pasta da Jornada Pedag\u00f3gica<\/strong><br \/>Modelos para <strong>professores e professoras<\/strong><br \/>Design acolhedor e funcional<br \/>Pode ser usada para guardar materiais, anota\u00e7\u00f5es e lembran\u00e7as da semana.<\/p>\n<p>\ud83c\udf81 <strong>Tag para BIS<\/strong><br \/>Modelo pronto para impress\u00e3o (6 por folha A4)<br \/>Perfeita para lembrancinhas simb\u00f3licas durante a jornada.<\/p>\n<p>\ud83c\udfa5 <strong>Materiais de Apoio e Tutoriais<\/strong><br \/>Voc\u00ea recebe:<br \/>Guia de materiais utilizados<br \/>Instru\u00e7\u00f5es detalhadas de impress\u00e3o<br \/><strong>V\u00eddeos explicativos<\/strong>, incluindo:<br \/>Orienta\u00e7\u00f5es gerais de montagem<br \/>Tutorial de edi\u00e7\u00e3o do jornal no Canva<br \/><strong>Passo a passo de como imprimir em tamanho de banner usando impressora comum A4<\/strong>.<\/p>\n<p>\ud83d\udda8\ufe0f Informa\u00e7\u00f5es importantes:<br \/>Arquivos organizados em <strong>2 PDFs<\/strong>, facilitando o acesso e a impress\u00e3o<br \/>Compat\u00edvel com impress\u00e3o em <strong>A4<\/strong><br \/>Indicado imprimir em papel fotogr\u00e1fico fosco (sugest\u00e3o: 180g)<br \/>Material 100% digital (download imediato)<\/p>\n<p>\ud83d\udd10 Direitos autorais<br \/>Material protegido por direitos autorais.<br \/>Uso permitido <strong>exclusivamente para fins pedag\u00f3gicos<\/strong>, sendo proibida a venda ou revenda, compartilhamento ou redistribui\u00e7\u00e3o, do material f\u00edsico ou digital.<\/p>\n<p><strong>Detalhes T\u00e9cnicos:<\/strong><br \/>\ud83d\udcc2 Arquivo em PDF pronto para impress\u00e3o, 100% digital.<br \/>\u26a0\ufe0f Este produto possui um item edit\u00e1vel no Canva Pro ou Gratuito.<br \/>\u26a0\ufe0f N\u00e3o enviamos pelos CORREIOS.<br \/>\u26a0\ufe0f Aten\u00e7\u00e3o: Este produto n\u00e3o \u00e9 clipart e n\u00e3o disponibilizamos a arte aberta.<br \/>\u26a0\ufe0f O material \u00e9 fornecido exclusivamente em arquivos PDF. <br \/><strong><br \/>\ud83d\udce5 Como acessar seu arquivo<br \/>Ap\u00f3s a confirma\u00e7\u00e3o do pagamento, voc\u00ea poder\u00e1 baixar o seu produto de tr\u00eas formas pr\u00e1ticas:<br \/><\/strong>1\ufe0f\u20e3 Via e-mail<br \/>Voc\u00ea receber\u00e1 um e-mail com o t\u00edtulo \u201cSeu arquivo chegou\u201d.<br \/>Lembre-se de verificar tamb\u00e9m a caixa de Spam\/Lixo eletr\u00f4nico.<br \/>Para baixar, clique em todos os t\u00edtulos destacados e sublinhados na se\u00e7\u00e3o de Downloads.<br \/>2\ufe0f\u20e3 Via WhatsApp<br \/>Voc\u00ea receber\u00e1 uma mensagem autom\u00e1tica em seu WhatsApp.<br \/>Para receber o arquivo por l\u00e1, basta clicar no bot\u00e3o: \u201cRECEBER meu pedido aqui\u201d.<br \/>3\ufe0f\u20e3 Na sua \u00c1rea do Cliente (site)<br \/>Clique nas tr\u00eas linhas no canto superior esquerdo.<br \/>Acesse Minha Conta &gt; Downloads.<br \/>Baixe diretamente todos os produtos adquiridos.<br \/><strong>\ud83d\udccc Qualquer d\u00favida, nosso suporte est\u00e1 \u00e0 disposi\u00e7\u00e3o:<br \/>(11) 94050-7483.<\/strong><\/p>\n","protected":false},"excerpt":{"rendered":"<p>A Jornada Pedag\u00f3gica \u00e9 mais do que um momento formativo.<br \/>\u00c9 uma pausa necess\u00e1ria para refletir, planejar, escutar, atualizar e fortalecer a pr\u00e1tica docente com sentido e intencionalidade.<\/p>\n<p>O <strong>Kit Jornada Pedag\u00f3gica<\/strong> foi desenvolvido para apoiar escolas e equipes gestoras na organiza\u00e7\u00e3o desse momento t\u00e3o importante, unindo <strong>acolhimento emocional, reflex\u00e3o coletiva e elementos visuais significativos<\/strong>, que transformam o ambiente e a experi\u00eancia dos educadores<\/p>\n","protected":false},"featured_media":85987,"comment_status":"open","ping_status":"closed","template":"","meta":{"bwfblock_default_font":"","_uf_show_specific_survey":0,"_uf_disable_surveys":false},"product_brand":[],"product_cat":[38,71],"product_tag":[70,52],"class_list":{"0":"post-89509","1":"product","2":"type-product","3":"status-publish","4":"has-post-thumbnail","6":"product_cat-coordenacao-pedagogica","7":"product_cat-volta-as-aulas","8":"product_tag-coordenacao-pedagogica","9":"product_tag-volta-as-aulas","11":"first","12":"instock","13":"sale","14":"downloadable","15":"virtual","16":"sold-individually","17":"taxable","18":"purchasable","19":"product-type-simple"},"aioseo_notices":[],"_links":{"self":[{"href":"https:\/\/educacaocomproposito.com.br\/index.php\/wp-json\/wp\/v2\/product\/89509","targetHints":{"allow":["GET"]}}],"collection":[{"href":"https:\/\/educacaocomproposito.com.br\/index.php\/wp-json\/wp\/v2\/product"}],"about":[{"href":"https:\/\/educacaocomproposito.com.br\/index.php\/wp-json\/wp\/v2\/types\/product"}],"replies":[{"embeddable":true,"href":"https:\/\/educacaocomproposito.com.br\/index.php\/wp-json\/wp\/v2\/comments?post=89509"}],"version-history":[{"count":1,"href":"https:\/\/educacaocomproposito.com.br\/index.php\/wp-json\/wp\/v2\/product\/89509\/revisions"}],"predecessor-version":[{"id":89515,"href":"https:\/\/educacaocomproposito.com.br\/index.php\/wp-json\/wp\/v2\/product\/89509\/revisions\/89515"}],"wp:featuredmedia":[{"embeddable":true,"href":"https:\/\/educacaocomproposito.com.br\/index.php\/wp-json\/wp\/v2\/media\/85987"}],"wp:attachment":[{"href":"https:\/\/educacaocomproposito.com.br\/index.php\/wp-json\/wp\/v2\/media?parent=89509"}],"wp:term":[{"taxonomy":"product_brand","embeddable":true,"href":"https:\/\/educacaocomproposito.com.br\/index.php\/wp-json\/wp\/v2\/product_brand?post=89509"},{"taxonomy":"product_cat","embeddable":true,"href":"https:\/\/educacaocomproposito.com.br\/index.php\/wp-json\/wp\/v2\/product_cat?post=89509"},{"taxonomy":"product_tag","embeddable":true,"href":"https:\/\/educacaocomproposito.com.br\/index.php\/wp-json\/wp\/v2\/product_tag?post=89509"}],"curies":[{"name":"wp","href":"https:\/\/api.w.org\/{rel}","templated":true}]}}