{"id":90242,"date":"2026-01-20T17:59:35","date_gmt":"2026-01-20T20:59:35","guid":{"rendered":"https:\/\/educacaocomproposito.com.br\/?post_type=product&#038;p=90242"},"modified":"2026-01-20T18:34:19","modified_gmt":"2026-01-20T21:34:19","slug":"kit-volta-as-aulas-e-hora-de-construir-fund-ii-e-ensino-medio","status":"publish","type":"product","link":"https:\/\/educacaocomproposito.com.br\/index.php\/product\/kit-volta-as-aulas-e-hora-de-construir-fund-ii-e-ensino-medio\/","title":{"rendered":"Kit Volta \u00e0s Aulas &#8211; \u00c9 Hora de Construir | Fund.II e Ensino M\u00e9dio"},"content":{"rendered":"<p>O que voc\u00ea recebe neste kit?<br \/>\u2714 <strong>Painel base em tamanho ampliado<\/strong> (montagem com <strong>24 folhas A4<\/strong>), com a tem\u00e1tica <em>\u201cVolta \u00e0s Aulas \u2013 \u00c9 Hora de Construir\u201d<\/em> <br \/>\u2003\u2003\u2022 Medida do painel base: 144x82cm<br \/>       \u2022 Medidas do painel montado com os elementos complementares: 203x92cm<br \/>\u2714 <strong>Plaquinhas reflexivas<\/strong> para complementar o painel e ampliar o di\u00e1logo com os alunos<br \/>\u2714 <strong>Figuras complementares<\/strong> (menina e menino) para composi\u00e7\u00e3o visual do espa\u00e7o. As imagens j\u00e1 v\u00e3o ampliadas.<br \/>\u2714 <strong>C\u00edrculos coloridos decorativos<\/strong> que valorizam o entorno do painel<br \/>\u2714 <strong>Lembrancinhas personalizadas<\/strong>, incluindo:<br \/>\u2003\u2003\u2022 Tag para bala<br \/>\u2003\u2003\u2022 Tag para chocolate (Bis)<br \/>\u2003\u2003\u2022 Tag para l\u00e1pis<br \/>\u2714 <strong>Frases afirmativas e reflexivas<\/strong>, ideais para trabalhar mentalidade de crescimento<\/p>\n<p><strong>Detalhes T\u00e9cnicos:<\/strong><br \/>\ud83d\udcc4 Material\u00a0<strong>100% digital (PDF)<\/strong><br \/>\ud83d\udda8\ufe0f Pronto para imprimir<br \/>\ud83d\udd10 Direitos autorais<br \/>Material protegido por direitos autorais.<br \/>\ud83d\udeab Uso pessoal e pedag\u00f3gico \u2013\u00a0<strong>proibida a redistribui\u00e7\u00e3o ou comercializa\u00e7\u00e3o<\/strong>\u00a0<strong>do material f\u00edsico ou digital<\/strong>.<br \/>\u26a0\ufe0f N\u00e3o enviamos pelos CORREIOS.<br \/>\u26a0\ufe0f Aten\u00e7\u00e3o: Este produto n\u00e3o \u00e9 clipart e n\u00e3o disponibilizamos a arte aberta.<\/p>\n<p><strong>\ud83d\udce5 Como acessar seu arquivo<br \/>Ap\u00f3s a confirma\u00e7\u00e3o do pagamento, voc\u00ea poder\u00e1 baixar o seu produto de tr\u00eas formas pr\u00e1ticas:<br \/><\/strong>1\ufe0f\u20e3 Via e-mail<br \/>Voc\u00ea receber\u00e1 um e-mail com o t\u00edtulo \u201cSeu arquivo chegou\u201d.<br \/>Lembre-se de verificar tamb\u00e9m a caixa de Spam\/Lixo eletr\u00f4nico.<br \/>Para baixar, clique em todos os t\u00edtulos destacados e sublinhados na se\u00e7\u00e3o de Downloads.<br \/>2\ufe0f\u20e3 Via WhatsApp<br \/>Voc\u00ea receber\u00e1 uma mensagem autom\u00e1tica em seu WhatsApp.<br \/>Para receber o arquivo por l\u00e1, basta clicar no bot\u00e3o: \u201cRECEBER meu pedido aqui\u201d.<br \/>3\ufe0f\u20e3 Na sua \u00c1rea do Cliente (site)<br \/>Clique nas tr\u00eas linhas no canto superior esquerdo.<br \/>Acesse Minha Conta &gt; Downloads.<br \/>Baixe diretamente todos os produtos adquiridos.<br \/><strong>\ud83d\udccc Qualquer d\u00favida, nosso suporte est\u00e1 \u00e0 disposi\u00e7\u00e3o:<br \/>(11) 94050-7483.<\/strong><\/p>\n","protected":false},"excerpt":{"rendered":"<p>O <strong>Kit Volta \u00e0s Aulas \u2013 \u00c9 Hora de Construir<\/strong> foi desenvolvido especialmente para <strong>turmas do Fundamental II e Ensino M\u00e9dio<\/strong>, com uma proposta visual atrativa e conte\u00fados que dialogam com projeto de vida, protagonismo juvenil e responsabilidade pelas pr\u00f3prias escolhas.<br \/>Mais do que decorar, este painel <strong>convida os alunos a refletirem sobre sonhos, foco, escolhas e futuro<\/strong>, tornando o espa\u00e7o escolar mais significativo desde os primeiros dias de aula.<\/p>\n","protected":false},"featured_media":90257,"comment_status":"open","ping_status":"closed","template":"","meta":{"bwfblock_default_font":"","_uf_show_specific_survey":0,"_uf_disable_surveys":false},"product_brand":[],"product_cat":[71],"product_tag":[52],"class_list":{"0":"post-90242","1":"product","2":"type-product","3":"status-publish","4":"has-post-thumbnail","6":"product_cat-volta-as-aulas","7":"product_tag-volta-as-aulas","9":"first","10":"instock","11":"sale","12":"downloadable","13":"virtual","14":"sold-individually","15":"taxable","16":"purchasable","17":"product-type-simple"},"aioseo_notices":[],"_links":{"self":[{"href":"https:\/\/educacaocomproposito.com.br\/index.php\/wp-json\/wp\/v2\/product\/90242","targetHints":{"allow":["GET"]}}],"collection":[{"href":"https:\/\/educacaocomproposito.com.br\/index.php\/wp-json\/wp\/v2\/product"}],"about":[{"href":"https:\/\/educacaocomproposito.com.br\/index.php\/wp-json\/wp\/v2\/types\/product"}],"replies":[{"embeddable":true,"href":"https:\/\/educacaocomproposito.com.br\/index.php\/wp-json\/wp\/v2\/comments?post=90242"}],"version-history":[{"count":1,"href":"https:\/\/educacaocomproposito.com.br\/index.php\/wp-json\/wp\/v2\/product\/90242\/revisions"}],"predecessor-version":[{"id":90265,"href":"https:\/\/educacaocomproposito.com.br\/index.php\/wp-json\/wp\/v2\/product\/90242\/revisions\/90265"}],"wp:featuredmedia":[{"embeddable":true,"href":"https:\/\/educacaocomproposito.com.br\/index.php\/wp-json\/wp\/v2\/media\/90257"}],"wp:attachment":[{"href":"https:\/\/educacaocomproposito.com.br\/index.php\/wp-json\/wp\/v2\/media?parent=90242"}],"wp:term":[{"taxonomy":"product_brand","embeddable":true,"href":"https:\/\/educacaocomproposito.com.br\/index.php\/wp-json\/wp\/v2\/product_brand?post=90242"},{"taxonomy":"product_cat","embeddable":true,"href":"https:\/\/educacaocomproposito.com.br\/index.php\/wp-json\/wp\/v2\/product_cat?post=90242"},{"taxonomy":"product_tag","embeddable":true,"href":"https:\/\/educacaocomproposito.com.br\/index.php\/wp-json\/wp\/v2\/product_tag?post=90242"}],"curies":[{"name":"wp","href":"https:\/\/api.w.org\/{rel}","templated":true}]}}