{"id":9134,"date":"2025-01-13T20:10:09","date_gmt":"2025-01-13T23:10:09","guid":{"rendered":"https:\/\/educacaocomproposito.com.br\/?post_type=product&#038;p=9134"},"modified":"2025-08-26T14:50:56","modified_gmt":"2025-08-26T17:50:56","slug":"capa-de-caderno-de-planejamento-para-professores-2025","status":"publish","type":"product","link":"https:\/\/educacaocomproposito.com.br\/index.php\/product\/capa-de-caderno-de-planejamento-para-professores-2025\/","title":{"rendered":"Capas de caderno de planejamento para professores 2025"},"content":{"rendered":"<p>O que voc\u00ea vai encontrar:<br \/>\ud83d\udcd8 <strong>4 modelos exclusivos<\/strong> de capas, criados com design moderno e funcional, perfeitos para professores.<br \/>\ud83d\udccf <strong>Tr\u00eas varia\u00e7\u00f5es de tamanho<\/strong>, compat\u00edveis com:<br \/>Cadernos brochura;<br \/>Cadernos espiral;<br \/>Para a parte interna da capa.<br \/>\u270f\ufe0f <strong>Totalmente edit\u00e1vel no Canva<\/strong> (vers\u00e3o gratuita ou paga), permitindo que voc\u00ea personalize cores, textos e outros elementos com facilidade.<br \/>\ud83c\udfa5 <strong>Acompanha v\u00eddeo tutorial<\/strong> detalhado, que orienta voc\u00ea no processo de edi\u00e7\u00e3o e personaliza\u00e7\u00e3o, garantindo um resultado perfeito!<\/p>\n<p><strong>Detalhes T\u00e9cnicos:<\/strong><br \/>Arquivo 100% Digital. N\u00c3O ENVIAMOS PELOS CORREIOS.<\/p>\n<p><strong>\ud83d\udce5 Como acessar seu arquivo<br \/>Ap\u00f3s a confirma\u00e7\u00e3o do pagamento, voc\u00ea poder\u00e1 baixar o seu produto de tr\u00eas formas pr\u00e1ticas:<br \/><\/strong>1\ufe0f\u20e3 Via e-mail<br \/>Voc\u00ea receber\u00e1 um e-mail com o t\u00edtulo \u201cSeu arquivo chegou\u201d.<br \/>Lembre-se de verificar tamb\u00e9m a caixa de Spam\/Lixo eletr\u00f4nico.<br \/>Para baixar, clique em todos os t\u00edtulos destacados e sublinhados na se\u00e7\u00e3o de Downloads.<br \/>2\ufe0f\u20e3 Via WhatsApp<br \/>Voc\u00ea receber\u00e1 uma mensagem autom\u00e1tica em seu WhatsApp.<br \/>Para receber o arquivo por l\u00e1, basta clicar no bot\u00e3o: \u201cRECEBER meu pedido aqui\u201d.<br \/>3\ufe0f\u20e3 Na sua \u00c1rea do Cliente (site)<br \/>Clique nas tr\u00eas linhas no canto superior esquerdo.<br \/>Acesse Minha Conta &gt; Downloads.<br \/>Baixe diretamente todos os produtos adquiridos.<br \/><strong>\ud83d\udccc Qualquer d\u00favida, nosso suporte est\u00e1 \u00e0 disposi\u00e7\u00e3o:<br \/>(11) 94050-7483.<\/strong><\/p>\n","protected":false},"excerpt":{"rendered":"<p>Organize o  dia a dia de forma pr\u00e1tica e estilosa com nossas <strong>Capas de Caderno de Planejamento para Professores<\/strong>! Esse kit foi pensado especialmente para tornar o planejamento mais inspirador e personalizado.<\/p>\n","protected":false},"featured_media":9141,"comment_status":"open","ping_status":"closed","template":"","meta":{"bwfblock_default_font":"","_uf_show_specific_survey":0,"_uf_disable_surveys":false},"product_brand":[],"product_cat":[38],"product_tag":[70],"class_list":{"0":"post-9134","1":"product","2":"type-product","3":"status-publish","4":"has-post-thumbnail","6":"product_cat-coordenacao-pedagogica","7":"product_tag-coordenacao-pedagogica","9":"first","10":"instock","11":"sale","12":"downloadable","13":"virtual","14":"sold-individually","15":"purchasable","16":"product-type-simple"},"aioseo_notices":[],"_links":{"self":[{"href":"https:\/\/educacaocomproposito.com.br\/index.php\/wp-json\/wp\/v2\/product\/9134","targetHints":{"allow":["GET"]}}],"collection":[{"href":"https:\/\/educacaocomproposito.com.br\/index.php\/wp-json\/wp\/v2\/product"}],"about":[{"href":"https:\/\/educacaocomproposito.com.br\/index.php\/wp-json\/wp\/v2\/types\/product"}],"replies":[{"embeddable":true,"href":"https:\/\/educacaocomproposito.com.br\/index.php\/wp-json\/wp\/v2\/comments?post=9134"}],"version-history":[{"count":3,"href":"https:\/\/educacaocomproposito.com.br\/index.php\/wp-json\/wp\/v2\/product\/9134\/revisions"}],"predecessor-version":[{"id":61988,"href":"https:\/\/educacaocomproposito.com.br\/index.php\/wp-json\/wp\/v2\/product\/9134\/revisions\/61988"}],"wp:featuredmedia":[{"embeddable":true,"href":"https:\/\/educacaocomproposito.com.br\/index.php\/wp-json\/wp\/v2\/media\/9141"}],"wp:attachment":[{"href":"https:\/\/educacaocomproposito.com.br\/index.php\/wp-json\/wp\/v2\/media?parent=9134"}],"wp:term":[{"taxonomy":"product_brand","embeddable":true,"href":"https:\/\/educacaocomproposito.com.br\/index.php\/wp-json\/wp\/v2\/product_brand?post=9134"},{"taxonomy":"product_cat","embeddable":true,"href":"https:\/\/educacaocomproposito.com.br\/index.php\/wp-json\/wp\/v2\/product_cat?post=9134"},{"taxonomy":"product_tag","embeddable":true,"href":"https:\/\/educacaocomproposito.com.br\/index.php\/wp-json\/wp\/v2\/product_tag?post=9134"}],"curies":[{"name":"wp","href":"https:\/\/api.w.org\/{rel}","templated":true}]}}