{"id":91826,"date":"2026-01-23T12:59:01","date_gmt":"2026-01-23T15:59:01","guid":{"rendered":"https:\/\/educacaocomproposito.com.br\/?post_type=product&#038;p=91826"},"modified":"2026-03-25T22:15:00","modified_gmt":"2026-03-26T01:15:00","slug":"kit-aniversariantes-cantinho-das-celebracoes","status":"publish","type":"product","link":"https:\/\/educacaocomproposito.com.br\/index.php\/product\/kit-aniversariantes-cantinho-das-celebracoes\/","title":{"rendered":"Kit Aniversariantes &#8211; Cantinho das Celebra\u00e7\u00f5es"},"content":{"rendered":"<p>\ud83d\udcc1 O que voc\u00ea vai receber no kit:<\/p>\n<p>\ud83d\udccc <strong>Painel \u201cCantinho das Celebra\u00e7\u00f5es\u201d<\/strong><br \/>Painel principal com identidade visual afetiva e acolhedora, pensado para valorizar cada aniversariante e transformar o espa\u00e7o escolar em um ambiente de celebra\u00e7\u00e3o e pertencimento.<br \/>\ud83d\udccf <strong>Dois tamanhos de painel (em PDFs separados)<\/strong><br \/>\u2022 <strong>Painel Pequeno:<\/strong> 95 x 54 cm<br \/>\u2022 <strong>Painel Grande:<\/strong> 133 x 76 cm<br \/>Ideal para diferentes espa\u00e7os da escola, mantendo a mesma proposta visual e pedag\u00f3gica.<\/p>\n<p>\ud83c\udfa8 <strong>Elementos decorativos para composi\u00e7\u00e3o do painel<\/strong><br \/>Quadrinhos, cora\u00e7\u00f5es e cordas decorativas que ajudam a enriquecer a montagem e deixam o espa\u00e7o ainda mais bonito e significativo.<\/p>\n<p>\ud83c\udf81 <strong>Lembrancinhas tem\u00e1ticas<\/strong><br \/>\u2022 <strong>Sacola Pequena para Mimos<\/strong><br \/>\u2022 <strong>Tag para Bis<\/strong><br \/>\u2022 <strong>Caixinha para Barra de Chocolate 80g<\/strong><\/p>\n<p>\u270f\ufe0f <strong>Itens edit\u00e1veis no Canva<\/strong><br \/>\u2022 <strong>Polaroids para o painel<\/strong><br \/>\u2022 <strong>Lista de Aniversariantes &#8211; Painel Maior<\/strong><br \/>\u2022 <strong>Lista de Aniversariantes &#8211; Painel Menor<\/strong><br \/><strong>\u2022 Cartinha com mensagem de anivers\u00e1rio<\/strong><\/p>\n<p>\ud83c\udfa5 <strong>Tutoriais e orienta\u00e7\u00f5es de uso<\/strong><br \/>Materiais explicativos que auxiliam na edi\u00e7\u00e3o dos itens citados acima, montagem do painel, dos elementos decorativos e lembrancinhas garantindo um uso pr\u00e1tico e sem dificuldades.<\/p>\n<p><strong>Detalhes T\u00e9cnicos:<\/strong><br \/>\ud83d\udcc4 Material\u00a0<strong>100% digital (PDF)<\/strong><br \/>\ud83d\udda8\ufe0f Pronto para imprimir<br \/>\ud83d\udd10 Direitos autorais<br \/>Material protegido por direitos autorais.<br \/>\ud83d\udeab Uso pessoal e pedag\u00f3gico \u2013\u00a0<strong>proibida a redistribui\u00e7\u00e3o ou comercializa\u00e7\u00e3o<\/strong>\u00a0<strong>do material f\u00edsico ou digital<\/strong>.<br \/>\u26a0\ufe0f N\u00e3o enviamos pelos CORREIOS.<br \/>\u26a0\ufe0f Aten\u00e7\u00e3o: Este produto n\u00e3o \u00e9 clipart e n\u00e3o disponibilizamos a arte aberta.<\/p>\n<p><strong>\ud83d\udce5 Como acessar seu arquivo<br \/>Ap\u00f3s a confirma\u00e7\u00e3o do pagamento, voc\u00ea poder\u00e1 baixar o seu produto de tr\u00eas formas pr\u00e1ticas:<br \/><\/strong>1\ufe0f\u20e3 Via e-mail<br \/>Voc\u00ea receber\u00e1 um e-mail com o t\u00edtulo \u201cSeu arquivo chegou\u201d.<br \/>Lembre-se de verificar tamb\u00e9m a caixa de Spam\/Lixo eletr\u00f4nico.<br \/>Para baixar, clique em todos os t\u00edtulos destacados e sublinhados na se\u00e7\u00e3o de Downloads.<br \/>2\ufe0f\u20e3 Via WhatsApp<br \/>Voc\u00ea receber\u00e1 uma mensagem autom\u00e1tica em seu WhatsApp.<br \/>Para receber o arquivo por l\u00e1, basta clicar no bot\u00e3o: \u201cRECEBER meu pedido aqui\u201d.<br \/>3\ufe0f\u20e3 Na sua \u00c1rea do Cliente (site)<br \/>Clique nas tr\u00eas linhas no canto superior esquerdo.<br \/>Acesse Minha Conta &gt; Downloads.<br \/>Baixe diretamente todos os produtos adquiridos.<br \/><strong>\ud83d\udccc Qualquer d\u00favida, nosso suporte est\u00e1 \u00e0 disposi\u00e7\u00e3o:<br \/>(11) 94050-7483.<\/strong><\/p>\n","protected":false},"excerpt":{"rendered":"<p>Transforme o espa\u00e7o escolar em um ambiente de <strong>acolhimento, afeto e valoriza\u00e7\u00e3o da vida<\/strong> com o <strong>Kit Aniversariantes 2026 \u2013 Cantinho das Celebra\u00e7\u00f5es<\/strong>.<\/p>\n<p>Um material completo, pensado para celebrar cada pessoa de forma especial, fortalecer v\u00ednculos e tornar os anivers\u00e1rios momentos ainda mais significativos dentro do ambiente de trabalho.<\/p>\n<p>O kit permite montar um <strong>painel de aniversariantes organizado, bonito e afetivo<\/strong>, al\u00e9m de incluir elementos decorativos e lembrancinhas que envolvem toda a comunidade escolar, empresa e etc.<\/p>\n","protected":false},"featured_media":92043,"comment_status":"open","ping_status":"closed","template":"","meta":{"bwfblock_default_font":"","_uf_show_specific_survey":0,"_uf_disable_surveys":false},"product_brand":[],"product_cat":[37,74],"product_tag":[47,106],"class_list":{"0":"post-91826","1":"product","2":"type-product","3":"status-publish","4":"has-post-thumbnail","6":"product_cat-datas-comemorativas","7":"product_cat-setores-da-escola","8":"product_tag-datas-comemorativas","9":"product_tag-setores-da-escola","11":"first","12":"instock","13":"sale","14":"downloadable","15":"virtual","16":"sold-individually","17":"taxable","18":"purchasable","19":"product-type-simple"},"aioseo_notices":[],"_links":{"self":[{"href":"https:\/\/educacaocomproposito.com.br\/index.php\/wp-json\/wp\/v2\/product\/91826","targetHints":{"allow":["GET"]}}],"collection":[{"href":"https:\/\/educacaocomproposito.com.br\/index.php\/wp-json\/wp\/v2\/product"}],"about":[{"href":"https:\/\/educacaocomproposito.com.br\/index.php\/wp-json\/wp\/v2\/types\/product"}],"replies":[{"embeddable":true,"href":"https:\/\/educacaocomproposito.com.br\/index.php\/wp-json\/wp\/v2\/comments?post=91826"}],"version-history":[{"count":3,"href":"https:\/\/educacaocomproposito.com.br\/index.php\/wp-json\/wp\/v2\/product\/91826\/revisions"}],"predecessor-version":[{"id":92038,"href":"https:\/\/educacaocomproposito.com.br\/index.php\/wp-json\/wp\/v2\/product\/91826\/revisions\/92038"}],"wp:featuredmedia":[{"embeddable":true,"href":"https:\/\/educacaocomproposito.com.br\/index.php\/wp-json\/wp\/v2\/media\/92043"}],"wp:attachment":[{"href":"https:\/\/educacaocomproposito.com.br\/index.php\/wp-json\/wp\/v2\/media?parent=91826"}],"wp:term":[{"taxonomy":"product_brand","embeddable":true,"href":"https:\/\/educacaocomproposito.com.br\/index.php\/wp-json\/wp\/v2\/product_brand?post=91826"},{"taxonomy":"product_cat","embeddable":true,"href":"https:\/\/educacaocomproposito.com.br\/index.php\/wp-json\/wp\/v2\/product_cat?post=91826"},{"taxonomy":"product_tag","embeddable":true,"href":"https:\/\/educacaocomproposito.com.br\/index.php\/wp-json\/wp\/v2\/product_tag?post=91826"}],"curies":[{"name":"wp","href":"https:\/\/api.w.org\/{rel}","templated":true}]}}