{"id":94128,"date":"2026-01-27T17:42:26","date_gmt":"2026-01-27T20:42:26","guid":{"rendered":"https:\/\/educacaocomproposito.com.br\/?post_type=product&#038;p=94128"},"modified":"2026-01-28T12:19:02","modified_gmt":"2026-01-28T15:19:02","slug":"combo-inicio-do-ano-letivo-os-12-arquivos-essenciais-da-escola","status":"publish","type":"product","link":"https:\/\/educacaocomproposito.com.br\/index.php\/product\/combo-inicio-do-ano-letivo-os-12-arquivos-essenciais-da-escola\/","title":{"rendered":"Combo In\u00edcio do Ano Letivo \u2013 Os 12 Arquivos Essenciais da Escola"},"content":{"rendered":"<h5><b>\ud83d\udd14 Importante \u2013 Como funciona este combo<\/b><\/h5>\n<p class=\"p3\">Este \u00e9 um <span class=\"s2\"><b>combo personalizado<\/b><\/span>, no qual o cliente pode <span class=\"s2\"><b>montar sua pr\u00f3pria combina\u00e7\u00e3o de produtos<\/b><\/span>, de acordo com as necessidades da sua escola.<\/p>\n<p class=\"p3\">\u2714\ufe0f \u00c9 poss\u00edvel escolher <span class=\"s2\"><b>at\u00e9 12 produtos<br \/>\n<\/b><b><\/b><\/span>\u2714\ufe0f A montagem do combo exige a sele\u00e7\u00e3o de <span class=\"s2\"><b>no m\u00ednimo 2 produtos<br \/>\n<\/b><b><\/b><\/span>\u2714\ufe0f O valor final \u00e9 ajustado conforme a quantidade de itens escolhidos<\/p>\n<p class=\"p3\">Assim, voc\u00ea garante mais flexibilidade, economia e um combo alinhado \u00e0 realidade da sua gest\u00e3o pedag\u00f3gica.<\/p>\n<h5><b>\ud83d\udce6 QUAIS PRODUTOS CONT\u00c9M NO COMBO (12 ARQUIVOS)<\/b><\/h5>\n<h6><b>\ud83d\udfe3 ACOLHIMENTO DE EQUIPES E PROFESSORES<\/b><\/h6>\n<p class=\"p3\">1\ufe0f\u20e3 Kit de Acolhimento para Equipes \u2013 <span class=\"s2\"><b>Educar \u00e9 um Compromisso Coletivo<br \/>\n<\/b><b><\/b><\/span>2\ufe0f\u20e3 Kit Caf\u00e9 e Acolhimento para Equipe Escolar<br \/>\n3\ufe0f\u20e3 Kit de Acolhimento para Professores \u2013 <span class=\"s2\"><b>4 Ps de um Educador<br \/>\n<\/b><b><\/b><\/span>4\ufe0f\u20e3 Kit de Acolhimento para Professores \u2013 <span class=\"s2\"><b>Resgate de Prop\u00f3sito<br \/>\n<\/b><b><\/b><\/span>5\ufe0f\u20e3 Kit de Lembrancinhas \u2013 <span class=\"s2\"><b>Jornada Docente<\/b><b><\/b><\/span><\/p>\n<h6><b>\ud83d\udfe3 VOLTA \u00c0S AULAS (ALUNOS)<\/b><\/h6>\n<p class=\"p3\">6\ufe0f\u20e3 Kit Volta \u00e0s Aulas \u2013 <span class=\"s2\"><b>Uma Nova Hist\u00f3ria<\/b><\/span> (Educa\u00e7\u00e3o Infantil e Fundamental I)<br \/>\n7\ufe0f\u20e3 Kit Volta \u00e0s Aulas \u2013 <span class=\"s2\"><b>\u00c9 Hora de Construir<\/b><\/span> (Fundamental II e Ensino M\u00e9dio)<\/p>\n<h6><b>\ud83d\udfe3 ORGANIZA\u00c7\u00c3O DOS AMBIENTES ESCOLARES<\/b><\/h6>\n<p class=\"p3\">8\ufe0f\u20e3 Plaquinhas de Identifica\u00e7\u00e3o para Ambientes Escolares \u2013 <span class=\"s2\"><b>Edit\u00e1vel<br \/>\n<\/b><\/span><b><\/b>9\ufe0f\u20e3 Kit Aniversariantes \u2013 <span class=\"s2\"><b>Cantinho das Celebra\u00e7\u00f5es<br \/>\n<\/b><\/span>\ud83d\udd1f Painel Interativo para Sala dos Professores<br \/>\n1\ufe0f\u20e31\ufe0f\u20e3 Painel Interativo para Sala da Coordena\u00e7\u00e3o Pedag\u00f3gica<\/p>\n<h6><b>\ud83d\udfe3 PROJETOS E RECONHECIMENTO<\/b><\/h6>\n<p class=\"p3\">1\ufe0f\u20e32\ufe0f\u20e3 Projeto <span class=\"s2\"><b>Aluno Destaque<\/b><b><\/b><\/span><\/p>\n<p>&nbsp;<\/p>\n<h6><strong>Detalhes T\u00e9cnicos:<\/strong><\/h6>\n<p>\ud83d\udcc4 Material\u00a0<strong>100% digital (PDF)<\/strong><br \/>\n\ud83d\udda8\ufe0f Pronto para imprimir<br \/>\n\ud83d\udd10 Direitos autorais<br \/>\nMaterial protegido por direitos autorais.<br \/>\n\ud83d\udeab Uso pessoal e pedag\u00f3gico \u2013\u00a0<strong>proibida a redistribui\u00e7\u00e3o ou comercializa\u00e7\u00e3o<\/strong>\u00a0<strong>do material f\u00edsico ou digital<\/strong>.<br \/>\n\u26a0\ufe0f N\u00e3o enviamos pelos CORREIOS.<br \/>\n\u26a0\ufe0f Aten\u00e7\u00e3o: Este produto n\u00e3o \u00e9 clipart e n\u00e3o disponibilizamos a arte aberta.<\/p>\n<h6><strong>\ud83d\udce5 Como acessar seu arquivo<br \/>\n<\/strong><\/h6>\n<p><strong>Ap\u00f3s a confirma\u00e7\u00e3o do pagamento, voc\u00ea poder\u00e1 baixar o seu produto de tr\u00eas formas pr\u00e1ticas:<br \/>\n<\/strong>1\ufe0f\u20e3 Via e-mail<br \/>\nVoc\u00ea receber\u00e1 um e-mail com o t\u00edtulo \u201cSeu arquivo chegou\u201d.<br \/>\nLembre-se de verificar tamb\u00e9m a caixa de Spam\/Lixo eletr\u00f4nico.<br \/>\nPara baixar, clique em todos os t\u00edtulos destacados e sublinhados na se\u00e7\u00e3o de Downloads.<br \/>\n2\ufe0f\u20e3 Via WhatsApp<br \/>\nVoc\u00ea receber\u00e1 uma mensagem autom\u00e1tica em seu WhatsApp.<br \/>\nPara receber o arquivo por l\u00e1, basta clicar no bot\u00e3o: \u201cRECEBER meu pedido aqui\u201d.<br \/>\n3\ufe0f\u20e3 Na sua \u00c1rea do Cliente (site)<br \/>\nClique nas tr\u00eas linhas no canto superior esquerdo.<br \/>\nAcesse Minha Conta &gt; Downloads.<br \/>\nBaixe diretamente todos os produtos adquiridos.<br \/>\n<strong>\ud83d\udccc Qualquer d\u00favida, nosso suporte est\u00e1 \u00e0 disposi\u00e7\u00e3o:<br \/>\n(11) 94050-7483.<\/strong><\/p>\n<p>&nbsp;<\/p>\n<p>&nbsp;<\/p>\n","protected":false},"excerpt":{"rendered":"<p>Um combo completo, pensado para coordenadores que desejam iniciar o ano letivo com organiza\u00e7\u00e3o, acolhimento e intencionalidade. Re\u00fane materiais estrat\u00e9gicos para receber equipes, professores e alunos, estruturar ambientes escolares e fortalecer v\u00ednculos desde os primeiros dias de aula.<\/p>\n<p>Ideal para volta \u00e0s aulas, semana pedag\u00f3gica, reuni\u00f5es de planejamento e organiza\u00e7\u00e3o dos espa\u00e7os institucionais.<\/p>\n","protected":false},"featured_media":94145,"comment_status":"open","ping_status":"closed","template":"","meta":{"bwfblock_default_font":"","_uf_show_specific_survey":0,"_uf_disable_surveys":false},"product_brand":[],"product_cat":[38,71],"product_tag":[],"class_list":{"0":"post-94128","1":"product","2":"type-product","3":"status-publish","4":"has-post-thumbnail","6":"product_cat-coordenacao-pedagogica","7":"product_cat-volta-as-aulas","9":"first","10":"instock","11":"sale","12":"downloadable","13":"virtual","14":"sold-individually","15":"taxable","16":"purchasable","17":"product-type-woosb"},"aioseo_notices":[],"_links":{"self":[{"href":"https:\/\/educacaocomproposito.com.br\/index.php\/wp-json\/wp\/v2\/product\/94128","targetHints":{"allow":["GET"]}}],"collection":[{"href":"https:\/\/educacaocomproposito.com.br\/index.php\/wp-json\/wp\/v2\/product"}],"about":[{"href":"https:\/\/educacaocomproposito.com.br\/index.php\/wp-json\/wp\/v2\/types\/product"}],"replies":[{"embeddable":true,"href":"https:\/\/educacaocomproposito.com.br\/index.php\/wp-json\/wp\/v2\/comments?post=94128"}],"version-history":[{"count":3,"href":"https:\/\/educacaocomproposito.com.br\/index.php\/wp-json\/wp\/v2\/product\/94128\/revisions"}],"predecessor-version":[{"id":94766,"href":"https:\/\/educacaocomproposito.com.br\/index.php\/wp-json\/wp\/v2\/product\/94128\/revisions\/94766"}],"wp:featuredmedia":[{"embeddable":true,"href":"https:\/\/educacaocomproposito.com.br\/index.php\/wp-json\/wp\/v2\/media\/94145"}],"wp:attachment":[{"href":"https:\/\/educacaocomproposito.com.br\/index.php\/wp-json\/wp\/v2\/media?parent=94128"}],"wp:term":[{"taxonomy":"product_brand","embeddable":true,"href":"https:\/\/educacaocomproposito.com.br\/index.php\/wp-json\/wp\/v2\/product_brand?post=94128"},{"taxonomy":"product_cat","embeddable":true,"href":"https:\/\/educacaocomproposito.com.br\/index.php\/wp-json\/wp\/v2\/product_cat?post=94128"},{"taxonomy":"product_tag","embeddable":true,"href":"https:\/\/educacaocomproposito.com.br\/index.php\/wp-json\/wp\/v2\/product_tag?post=94128"}],"curies":[{"name":"wp","href":"https:\/\/api.w.org\/{rel}","templated":true}]}}